{"id":12628,"date":"2026-03-13T20:19:27","date_gmt":"2026-03-13T20:19:27","guid":{"rendered":"https:\/\/aquabluebursa.com\/magaza\/kategorilenmemis\/brightwell-strontion-250-ml\/"},"modified":"2026-03-13T20:19:28","modified_gmt":"2026-03-13T20:19:28","slug":"brightwell-strontion-250-ml","status":"publish","type":"product","link":"https:\/\/aquabluebursa.com\/en\/magaza\/katkilar\/brightwell-strontion-250-ml\/","title":{"rendered":"Brightwell &#8211; Strontion 250 ml"},"content":{"rendered":"<div>Brightwell &#8211; Strontion &#8211; Liquid Strontium Supplement for Reef Aquaria &#8211; Strontium kompleksi 250 ml<\/div>\n<div><\/div>\n<div>\n<p><span style=\"font-weight: bold;\">\u00dcr\u00fcn Ad\u0131:<\/span> Strontion<\/p>\n<p><span style=\"font-weight: bold;\">S\u0131n\u0131f\u0131:<\/span> Strontium<br \/>\nkompleksi<\/p>\n<p><span style=\"font-weight: bold;\">Mevcut Ebatlar<\/span>: 250 ml<\/p>\n<p>&nbsp;<\/p>\n<p><span style=\"font-weight: bold;\">\u00dcr\u00fcn Bilgisi:<\/span><\/p>\n<p>\u00b7 Y\u00fcksek konsantrasyonlu iyonik<br \/>\nstronsiyum \u00e7\u00f6zeltisi.<\/p>\n<p>\u00b7 Mercanlar, istiridyeler ve di\u011fer<br \/>\nresif olu\u015fturan omurgas\u0131zlar\u0131n ihtiya\u00e7 duydu\u011fu strontium kompleksi<\/p>\n<p>\u00b7 Mercanlar\u0131n daha g\u00fc\u00e7l\u00fc iskelet geli\u015fimini sa\u011flar<\/p>\n<p>\u00b7 EDTA, glukonat veya poliglukonat gibi<br \/>\nistenmeyen organik maddeler i\u00e7ermez.<\/p>\n<p>\u00b7 Rakip \u00fcr\u00fcnlerin \u00e7o\u011fundan %50&#8217;den<br \/>\nfazla daha g\u00fc\u00e7l\u00fc.<\/p>\n<p>\u00b7 Fosfat, silikat ve organik madde<br \/>\ni\u00e7ermez.<\/p>\n<p>\u00b7 uzman deniz bilimciler taraf\u0131ndan<br \/>\nform\u00fcle edilmi\u015ftir.<\/p>\n<p><span style=\"font-weight: bold;\">Talimatlar ve Dozaj:<\/span><\/p>\n<p>Deniz akvaryumlar\u0131nda Stronsiyum de\u011ferini yakla\u015f\u0131k 8 ppm&#8217;lik<br \/>\nkonsantrasyonunda tutuldu\u011funda mercanlar\u0131n ve di\u011fer resifi olu\u015fturan omurgas\u0131zlar\u0131n<br \/>\nh\u0131zl\u0131 b\u00fcy\u00fcme oranlar\u0131nda ciddi art\u0131\u015f oldu\u011fu g\u00f6zlemlenmi\u015ftir.<\/p>\n<p>Bir akvaryumda strontium t\u00fcketimi, canl\u0131 stok<br \/>\nmiktar\u0131n\u0131za,ayd\u0131nlatma t\u00fcr\u00fcne ve di\u011fer biyolojik,fiziksel ve kimyasal ko\u015fullara<br \/>\nba\u011fl\u0131 olarak de\u011fi\u015fkenlik g\u00f6stermektedir.<\/p>\n<p>\u00dcr\u00fcn\u00fc kullanmadan \u00f6nce iyice \u00e7alkalay\u0131n. Stronsiyum<br \/>\nkonsantrasyonunu 8 &#8211; 12 ppm aral\u0131\u011f\u0131nda tutmak i\u00e7in her g\u00fcn veya gerekti\u011fi kadar<br \/>\n75 Litre akvaryum suyuna 5 ml (1 kapak dolusu) ekleyin<\/p>\n<p>Takviye etmeden \u00f6nce do\u011fru bir test kiti kullanarak<br \/>\nakvaryumdaki stronsiyum konsantrasyonunu belirleyin. Brightwell Aquatics<br \/>\nStrontion&#8217;un her 1ml&#8217;si, 4 Litre sudaki stronsiyum konsantrasyonunu 8 ppm<br \/>\nart\u0131racakt\u0131r. Akvaryumdaki ba\u015flang\u0131\u00e7 8 ppm&#8217;nin alt\u0131ndaysa, bu \u00fcr\u00fcn\u00fc istenen<br \/>\nkonsantrasyona ula\u015f\u0131lana kadar g\u00fcnde 75 Litre ba\u015f\u0131na maksimum 10 ml oran\u0131nda<br \/>\nekleyin, ard\u0131ndan gerekti\u011finde g\u00fcnl\u00fck veya haftal\u0131k dozlay\u0131n (a\u015fa\u011f\u0131ya bak\u0131n).<br \/>\nTest kiti kullanm\u0131yorsan\u0131z, uygun aral\u0131kta tutmak i\u00e7in 2 g\u00fcnl\u00fck aral\u0131klarla 75<br \/>\nLitre akvaryum suyuna 5 ml Strontion<br \/>\nekleyin. Strontium de\u011ferini her zaman +\/-2 ppm aral\u0131\u011f\u0131nda tutmaya \u00e7al\u0131\u015f\u0131n.<\/p>\n<p>&nbsp;<\/p>\n<p><span style=\"font-weight: bold;\">\u0130\u00e7erik :<\/span><\/p>\n<p>Ar\u0131t\u0131lm\u0131\u015f su, Strontium chloride<\/p>\n<p><span style=\"font-weight: bold;\">Boyutlar<\/span> : |250 ml<\/p>\n<p>Akvaryum katk\u0131lar\u0131 i\u00e7in, Akvaryum Merkezi olarak bizlere<br \/>\nba\u015fvurabilir, size en uygun ve kaliteli \u00fcr\u00fcnler i\u00e7in bilgi sahibi<br \/>\nolabilirsiniz.<\/p>\n<p>&nbsp;<\/p>\n<\/div>","protected":false},"excerpt":{"rendered":"<p>Brightwell &#8211; Strontion &#8211; Liquid Strontium Supplement for Reef Aquaria &#8211; Strontium kompleksi 250 ml \u00dcr\u00fcn Ad\u0131: Strontion S\u0131n\u0131f\u0131: Strontium<\/p>","protected":false},"featured_media":13156,"comment_status":"closed","ping_status":"open","template":"","meta":[],"pwb-brand":[],"product_brand":[79],"product_cat":[157],"product_tag":[],"class_list":{"0":"post-12628","1":"product","2":"type-product","3":"status-publish","4":"has-post-thumbnail","6":"product_brand-brightwell","7":"product_cat-katkilar","9":"first","10":"outofstock","11":"purchasable","12":"product-type-simple"},"brands":[],"_links":{"self":[{"href":"https:\/\/aquabluebursa.com\/en\/wp-json\/wp\/v2\/product\/12628","targetHints":{"allow":["GET"]}}],"collection":[{"href":"https:\/\/aquabluebursa.com\/en\/wp-json\/wp\/v2\/product"}],"about":[{"href":"https:\/\/aquabluebursa.com\/en\/wp-json\/wp\/v2\/types\/product"}],"replies":[{"embeddable":true,"href":"https:\/\/aquabluebursa.com\/en\/wp-json\/wp\/v2\/comments?post=12628"}],"wp:featuredmedia":[{"embeddable":true,"href":"https:\/\/aquabluebursa.com\/en\/wp-json\/wp\/v2\/media\/13156"}],"wp:attachment":[{"href":"https:\/\/aquabluebursa.com\/en\/wp-json\/wp\/v2\/media?parent=12628"}],"wp:term":[{"taxonomy":"pwb-brand","embeddable":true,"href":"https:\/\/aquabluebursa.com\/en\/wp-json\/wp\/v2\/pwb-brand?post=12628"},{"taxonomy":"product_brand","embeddable":true,"href":"https:\/\/aquabluebursa.com\/en\/wp-json\/wp\/v2\/product_brand?post=12628"},{"taxonomy":"product_cat","embeddable":true,"href":"https:\/\/aquabluebursa.com\/en\/wp-json\/wp\/v2\/product_cat?post=12628"},{"taxonomy":"product_tag","embeddable":true,"href":"https:\/\/aquabluebursa.com\/en\/wp-json\/wp\/v2\/product_tag?post=12628"}],"curies":[{"name":"wp","href":"https:\/\/api.w.org\/{rel}","templated":true}]}}