{"id":12629,"date":"2026-03-13T20:19:31","date_gmt":"2026-03-13T20:19:31","guid":{"rendered":"https:\/\/aquabluebursa.com\/magaza\/kategorilenmemis\/brightwell-replenish-250-ml\/"},"modified":"2026-03-13T20:19:31","modified_gmt":"2026-03-13T20:19:31","slug":"brightwell-replenish-250-ml","status":"publish","type":"product","link":"https:\/\/aquabluebursa.com\/en\/magaza\/katkilar\/brightwell-replenish-250-ml\/","title":{"rendered":"Brightwell &#8211; Replenish 250 ml"},"content":{"rendered":"<div>Brightwell &#8211; Replenish &#8211; Liquid Trace &#038; Minor Minerals for all Marine Aquaria &#8211; Ultra Element kompleksi 250 ml<\/div>\n<div><\/div>\n<div>\n<p>\u00dcr\u00fcn Ad\u0131: Replenish<\/p>\n<p>S\u0131n\u0131f\u0131: Ultra<br \/>\nElement kompleksi<\/p>\n<p>Mevcut Ebatlar: 250 ml<\/p>\n<p>&nbsp;<\/p>\n<p>\u00dcr\u00fcn Bilgisi:<\/p>\n<p>\u2022 Mercanlar ve bal\u0131klar taraf\u0131ndan<br \/>\nkullan\u0131lan eser elementlerin<br \/>\nbenzersiz kompleksi.<\/p>\n<p>\u2022 Do\u011fal deniz suyunda bulunan 29 min\u00f6r ve eser elementler.<\/p>\n<p>\u2022 Ar\u0131t\u0131lm\u0131\u015f su ve ultra<br \/>\ny\u00fcksek safl\u0131kta malzemelerden olu\u015fturulmu\u015ftur.<\/p>\n<p>\u2022 Uzman deniz bilimcileri<br \/>\ntaraf\u0131ndan form\u00fcle edilmi\u015ftir.<\/p>\n<p>&nbsp;<\/p>\n<p>Do\u011fal deniz suyunda tespit edilebilen elementlerin 11&#8217;i min\u00f6r ve 52&#8217;si<br \/>\neser elementlerdir. Son y\u0131llarda deniz akvaryuma olan ilgi ve ara\u015ft\u0131rmalar<br \/>\nsonucunda do\u011fal deniz suyunda yeni tespit edilen 13 element daha bu gruba<br \/>\nkat\u0131lm\u0131\u015ft\u0131r. \u00d6zellikle bu son ke\u015ffedilen min\u00f6r elementler mercanlar\u0131n<br \/>\nb\u00fcy\u00fcyebilmeleri ve hayati \u00f6nem ta\u015f\u0131yan zooxanthellae geli\u015fiminde son derece etkili<br \/>\noldu\u011fu ke\u015ffedilmi\u015ftir. Bu elementlerin mercanlar, omurgas\u0131zlar ve bal\u0131klar i\u00e7in<br \/>\nbir dizi enzimatik ve vitamin sentezi<br \/>\nreaksiyonlar\u0131 sa\u011flad\u0131\u011f\u0131 bilinmektedir. Ayr\u0131ca, \u00e7ok \u00e7e\u015fitli organizmalar\u0131n<br \/>\npigmentasyonunu ve dolay\u0131s\u0131yla renklenmesini etkilerler. Fitoplankton, mikro ve<br \/>\nmakro algler, koralin algler ve zooxanthellae gibi fotosentetik organizmalar<br \/>\ni\u00e7in \u00e7ok \u00f6nemlidir.<\/p>\n<p>Not: Replenish i\u00e7inde bulunan bu de\u011ferli elementler pek \u00e7ok sentetik<br \/>\ntuzda bulunmamaktad\u0131r.<\/p>\n<p>&nbsp;<\/p>\n<p>Talimatlar ve Dozaj:<\/p>\n<p>Deniz akvaryumlar\u0131nda bulunan bir\u00e7ok<br \/>\neser elementin<br \/>\nkonsantrasyonlar\u0131n\u0131n g\u00fcvenilir \u00f6l\u00e7\u00fcmlerini sa\u011flayan hobi s\u0131n\u0131f\u0131 test kitleri<br \/>\nbulunmamaktad\u0131r. Bu nedenle, bir eser ve min\u00f6r elementin hangi miktar dozlama yap\u0131laca\u011f\u0131 kimyasal olarak tam olarak<br \/>\nbelirlemek m\u00fcmk\u00fcn de\u011fildir; Bunun en do\u011fru y\u00f6ntemi kullan\u0131ma<br \/>\nba\u015flad\u0131\u011f\u0131n\u0131zda akvaryumunuzdaki<br \/>\ncanl\u0131lar\u0131n geli\u015fimi ve renklenmelerine bakarak karar vermenizdir.<\/p>\n<p>&nbsp;<\/p>\n<p>Bu \u00fcr\u00fcn\u00fc yeni kullanacak olanlar i\u00e7in, kullan\u0131m\u0131n ilk 4 hafta<br \/>\nboyunca 40 Litre akvaryum i\u00e7in haftal\u0131k 1 ml olarak \u00f6neriyoruz.<br \/>\nArd\u0131ndan, sonraki d\u00f6rt hafta boyunca haftal\u0131k dozu kademeli olarak 40 Litre ba\u015f\u0131na 2 ml&#8217;ye y\u00fckseltin ve bu dozu koruyun.<br \/>\nD\u00fc\u015f\u00fck bir dozla ba\u015flamak, hayvanlara herhangi bir zarar vermeyecek ve sistemin<br \/>\ng\u00f6r\u00fcn\u00fcm\u00fcnde, \u00fcr\u00fcn\u00fcn etkinli\u011fini ve ihtiyac\u0131n\u0131 g\u00f6steren ince de\u011fi\u015fiklikleri fark<br \/>\netmenizi sa\u011flayacakt\u0131r.<\/p>\n<p>&nbsp;<\/p>\n<p>\u0130\u00e7erik :<\/p>\n<p>Ar\u0131t\u0131lm\u0131\u015f su, Salts of Barium,<br \/>\nVanadium, Zinc, Nickel, Chromium, Iron, Manganese, Hafnium, Cobalt, Lanthanum,<br \/>\nNeodymium, Cerium, Silver, Dysprosium, Gadolinium, Ytterbium, Erbium, Scandium,<br \/>\nSamarium , Praseodymium, Holmium, Lutetium, Terbium, Europium, ve Thulium<\/p>\n<p>Boyutlar : |250 ml<\/p>\n<p>Akvaryum katk\u0131lar\u0131 i\u00e7in, Akvaryum Merkezi olarak bizlere<br \/>\nba\u015fvurabilir, size en uygun ve kaliteli \u00fcr\u00fcnler i\u00e7in bilgi sahibi<br \/>\nolabilirsiniz.<\/p>\n<p>&nbsp;<\/p>\n<\/div>\n<div><\/div>\n<div><\/div>","protected":false},"excerpt":{"rendered":"<p>Brightwell &#8211; Replenish &#8211; Liquid Trace &#038; Minor Minerals for all Marine Aquaria &#8211; Ultra Element kompleksi 250 ml \u00dcr\u00fcn<\/p>","protected":false},"featured_media":13157,"comment_status":"closed","ping_status":"open","template":"","meta":[],"pwb-brand":[],"product_brand":[79],"product_cat":[157],"product_tag":[],"class_list":{"0":"post-12629","1":"product","2":"type-product","3":"status-publish","4":"has-post-thumbnail","6":"product_brand-brightwell","7":"product_cat-katkilar","9":"first","10":"instock","11":"purchasable","12":"product-type-simple"},"brands":[],"_links":{"self":[{"href":"https:\/\/aquabluebursa.com\/en\/wp-json\/wp\/v2\/product\/12629","targetHints":{"allow":["GET"]}}],"collection":[{"href":"https:\/\/aquabluebursa.com\/en\/wp-json\/wp\/v2\/product"}],"about":[{"href":"https:\/\/aquabluebursa.com\/en\/wp-json\/wp\/v2\/types\/product"}],"replies":[{"embeddable":true,"href":"https:\/\/aquabluebursa.com\/en\/wp-json\/wp\/v2\/comments?post=12629"}],"wp:featuredmedia":[{"embeddable":true,"href":"https:\/\/aquabluebursa.com\/en\/wp-json\/wp\/v2\/media\/13157"}],"wp:attachment":[{"href":"https:\/\/aquabluebursa.com\/en\/wp-json\/wp\/v2\/media?parent=12629"}],"wp:term":[{"taxonomy":"pwb-brand","embeddable":true,"href":"https:\/\/aquabluebursa.com\/en\/wp-json\/wp\/v2\/pwb-brand?post=12629"},{"taxonomy":"product_brand","embeddable":true,"href":"https:\/\/aquabluebursa.com\/en\/wp-json\/wp\/v2\/product_brand?post=12629"},{"taxonomy":"product_cat","embeddable":true,"href":"https:\/\/aquabluebursa.com\/en\/wp-json\/wp\/v2\/product_cat?post=12629"},{"taxonomy":"product_tag","embeddable":true,"href":"https:\/\/aquabluebursa.com\/en\/wp-json\/wp\/v2\/product_tag?post=12629"}],"curies":[{"name":"wp","href":"https:\/\/api.w.org\/{rel}","templated":true}]}}