{"id":12630,"date":"2026-03-13T20:19:31","date_gmt":"2026-03-13T20:19:31","guid":{"rendered":"https:\/\/aquabluebursa.com\/magaza\/kategorilenmemis\/brightwell-reef-code-b-2-litre\/"},"modified":"2026-03-13T20:19:31","modified_gmt":"2026-03-13T20:19:31","slug":"brightwell-reef-code-b-2-litre","status":"publish","type":"product","link":"https:\/\/aquabluebursa.com\/en\/magaza\/katkilar\/brightwell-reef-code-b-2-litre\/","title":{"rendered":"Brightwell &#8211; Reef C\u014dde B 2 L\u0130TRE"},"content":{"rendered":"<div>Brightwell &#8211; Reef C\u014dde B &#8211; Balanced Calcium &#038; Alkalinity System &#8211; Part B (Alk.) &#8211; 2 compenantl\u0131 Balling y\u00f6ntemi 2 Litre<\/div>\n<div><\/div>\n<div>\n<p>\u00dcr\u00fcn Ad\u0131: Reef Code B<\/p>\n<p>S\u0131n\u0131f\u0131: 2 compenantl\u0131 Balling y\u00f6ntemi<\/p>\n<p>Mevcut Ebatlar: 2000 ml<\/p>\n<p>&nbsp;<\/p>\n<p>\u00dcr\u00fcn Bilgisi:<\/p>\n<p>\u00b7 2 compenant bile\u015fenli Balling y\u00f6ntemi dir<\/p>\n<p>\u00b7 Do\u011fal deniz suyundaki iyonik olarak dengeli Bikarbonat \u00e7\u00f6zeltisi.<\/p>\n<p>\u00b7 Reef C\u014dde A ile e\u015fit miktarlarda<br \/>\nkullan\u0131lmas\u0131 gerekir.<\/p>\n<p>\u00b7 Kh ve Ph bak\u0131m\u0131n\u0131 kolayla\u015ft\u0131r\u0131r.<\/p>\n<p>\u00b7 Mercanlar\u0131n\u0131z\u0131n ihtiya\u00e7 duydu\u011fu Major<br \/>\nve min\u00f6r elementleri sa\u011flar.<\/p>\n<p>\u00b7 \u00c7o\u011fu rakip \u00fcr\u00fcnden daha g\u00fc\u00e7l\u00fc.<\/p>\n<p>\u00b7 Fosfat, silikat veya organik madde<br \/>\ni\u00e7ermez.<\/p>\n<p>\u00b7 Uzman deniz bilimcileri taraf\u0131ndan<br \/>\nform\u00fcle edilmi\u015ftir.<\/p>\n<p>&nbsp;<\/p>\n<p>\u00dcr\u00fcn\u00fc kullanmadan \u00f6nce iyice \u00e7alkalay\u0131n<\/p>\n<p>Alkaliniteyi 7-9 ppm aral\u0131\u011f\u0131nda tutmak i\u00e7in her g\u00fcn 100 litre<br \/>\nakvaryum suyuna 5 ml (1 kapak) \u00fcr\u00fcn ekleyin.. Reef C\u014dde A ile e\u015fit miktarlarda<br \/>\nkullan\u0131lmas\u0131 gerekmektedir.<\/p>\n<p>Her akvaryumun mercan yo\u011funlu\u011fu ve \u00e7e\u015fitlili\u011fi farkl\u0131l\u0131k g\u00f6stermesinden dolay\u0131<br \/>\ndozlama oranlar\u0131 de\u011fi\u015febilir.<br \/>\nAkvaryumunuzun Alkalinite de\u011ferini 7-9 ppm olacak \u015fekilde dozlama<br \/>\nmiktar\u0131n\u0131 ayarlaman\u0131z en iyi sonucu alman\u0131z\u0131 sa\u011flar. \u00dcr\u00fcnleri ayn\u0131 kapta<br \/>\nkar\u0131\u015ft\u0131rmay\u0131n; bu, aktif bile\u015fenlerin \u00e7\u00f6kelmesine ve etkisiz hale gelmesine<br \/>\nneden olacakt\u0131r. Reef C\u014dde A ve B&#8217;nin dozlanmas\u0131 aras\u0131nda s\u00fcre minimum 60<br \/>\nsaniye olmas\u0131 gerekmektedir.<\/p>\n<p>\u0130\u00e7erik :<\/p>\n<p>Ar\u0131t\u0131lm\u0131\u015f su,<br \/>\ninorganic Carbonate, Bicarbonate, Sulfate, and Borate salts with minor and<br \/>\ntrace Element<\/p>\n<p>Boyutlar : |2000 ml<\/p>\n<p>Akvaryum katk\u0131lar\u0131 i\u00e7in, Akvaryum Merkezi olarak bizlere<br \/>\nba\u015fvurabilir, size en uygun ve kaliteli \u00fcr\u00fcnler i\u00e7in bilgi sahibi<br \/>\nolabilirsiniz.<\/p>\n<p>&nbsp;<\/p>\n<\/div>","protected":false},"excerpt":{"rendered":"<p>Brightwell &#8211; Reef C\u014dde B &#8211; Balanced Calcium &#038; Alkalinity System &#8211; Part B (Alk.) &#8211; 2 compenantl\u0131 Balling y\u00f6ntemi<\/p>","protected":false},"featured_media":13158,"comment_status":"closed","ping_status":"open","template":"","meta":[],"pwb-brand":[],"product_brand":[79],"product_cat":[157],"product_tag":[],"class_list":{"0":"post-12630","1":"product","2":"type-product","3":"status-publish","4":"has-post-thumbnail","6":"product_brand-brightwell","7":"product_cat-katkilar","9":"first","10":"instock","11":"purchasable","12":"product-type-simple"},"brands":[],"_links":{"self":[{"href":"https:\/\/aquabluebursa.com\/en\/wp-json\/wp\/v2\/product\/12630","targetHints":{"allow":["GET"]}}],"collection":[{"href":"https:\/\/aquabluebursa.com\/en\/wp-json\/wp\/v2\/product"}],"about":[{"href":"https:\/\/aquabluebursa.com\/en\/wp-json\/wp\/v2\/types\/product"}],"replies":[{"embeddable":true,"href":"https:\/\/aquabluebursa.com\/en\/wp-json\/wp\/v2\/comments?post=12630"}],"wp:featuredmedia":[{"embeddable":true,"href":"https:\/\/aquabluebursa.com\/en\/wp-json\/wp\/v2\/media\/13158"}],"wp:attachment":[{"href":"https:\/\/aquabluebursa.com\/en\/wp-json\/wp\/v2\/media?parent=12630"}],"wp:term":[{"taxonomy":"pwb-brand","embeddable":true,"href":"https:\/\/aquabluebursa.com\/en\/wp-json\/wp\/v2\/pwb-brand?post=12630"},{"taxonomy":"product_brand","embeddable":true,"href":"https:\/\/aquabluebursa.com\/en\/wp-json\/wp\/v2\/product_brand?post=12630"},{"taxonomy":"product_cat","embeddable":true,"href":"https:\/\/aquabluebursa.com\/en\/wp-json\/wp\/v2\/product_cat?post=12630"},{"taxonomy":"product_tag","embeddable":true,"href":"https:\/\/aquabluebursa.com\/en\/wp-json\/wp\/v2\/product_tag?post=12630"}],"curies":[{"name":"wp","href":"https:\/\/api.w.org\/{rel}","templated":true}]}}