{"id":12634,"date":"2026-03-13T20:19:35","date_gmt":"2026-03-13T20:19:35","guid":{"rendered":"https:\/\/aquabluebursa.com\/magaza\/kategorilenmemis\/brightwell-lugols-solution-30-ml\/"},"modified":"2026-03-13T20:19:35","modified_gmt":"2026-03-13T20:19:35","slug":"brightwell-lugols-solution-30-ml","status":"publish","type":"product","link":"https:\/\/aquabluebursa.com\/en\/magaza\/katkilar\/brightwell-lugols-solution-30-ml\/","title":{"rendered":"Brightwell &#8211; Lugol&#8217;s Solution 30 ml"},"content":{"rendered":"<div>Brightwell &#8211; Lugol&#8217;s Solution &#8211; Advanced Iodine for Reef Aquaria\u00a0 &#8211; \u0130yot\/iyod\u00fcr \u00e7\u00f6zeltisi 30 ml<\/div>\n<div><\/div>\n<div>\n<p>\u00dcr\u00fcn Ad\u0131: LugolS<\/p>\n<p>S\u0131n\u0131f\u0131: \u0130yot\/iyod\u00fcr \u00e7\u00f6zeltisi<\/p>\n<p>Mevcut Ebatlar: 30 ml<\/p>\n<p>&nbsp;<\/p>\n<p>\u00dcr\u00fcn Bilgisi:<\/p>\n<p>\u00b7 Brightwell Aquatics Lugol&#8217;s son<br \/>\nderece g\u00fc\u00e7l\u00fc bir iyot\/iyod\u00fcr \u00e7\u00f6zeltisidir. \u0130yodu y\u00fckseltecek konsantirasyondur.<\/p>\n<p>\u00b7 Deniz akvaryumunda yeni mercanlar<br \/>\ni\u00e7in parazit ve asalaklardan ar\u0131nd\u0131rmak i\u00e7in dald\u0131rma olarak da kullan\u0131labilir.<\/p>\n<p>\u00b7 Sadece ileri d\u00fczey hobyciler<br \/>\ntaraf\u0131ndan kullan\u0131lmal\u0131d\u0131r.<\/p>\n<p>\u00b7 Lugol&#8217;s insan kullan\u0131m\u0131 i\u00e7in form\u00fcle<br \/>\nedilmemi\u015ftir.<\/p>\n<p>Brightwell Lugol&#8217;s in her 1ml&#8217;si, 4 Litre akvaryum suyundaki iyot konsantrasyonunu<br \/>\n12 ppm veya damla ba\u015f\u0131na yakla\u015f\u0131k 0,6 ppm art\u0131racakt\u0131r.<\/p>\n<p>\u0130\u00e7erik :<\/p>\n<p>Iodine (min) 50,000 ppm<\/p>\n<p>Boyutlar : |<br \/>\n250 ml |500 ml<\/p>\n<p>Akvaryum<br \/>\nkatk\u0131lar\u0131 i\u00e7in, Akvaryum Merkezi olarak bizlere ba\u015fvurabilir, size en uygun ve kaliteli \u00fcr\u00fcnler i\u00e7in bilgi sahibi<br \/>\nolabilirsiniz.<\/p>\n<\/div>","protected":false},"excerpt":{"rendered":"<p>Brightwell &#8211; Lugol&#8217;s Solution &#8211; Advanced Iodine for Reef Aquaria\u00a0 &#8211; \u0130yot\/iyod\u00fcr \u00e7\u00f6zeltisi 30 ml \u00dcr\u00fcn Ad\u0131: LugolS S\u0131n\u0131f\u0131: \u0130yot\/iyod\u00fcr<\/p>","protected":false},"featured_media":13162,"comment_status":"closed","ping_status":"open","template":"","meta":[],"pwb-brand":[],"product_brand":[79],"product_cat":[157],"product_tag":[],"class_list":{"0":"post-12634","1":"product","2":"type-product","3":"status-publish","4":"has-post-thumbnail","6":"product_brand-brightwell","7":"product_cat-katkilar","9":"first","10":"instock","11":"purchasable","12":"product-type-simple"},"brands":[],"_links":{"self":[{"href":"https:\/\/aquabluebursa.com\/en\/wp-json\/wp\/v2\/product\/12634","targetHints":{"allow":["GET"]}}],"collection":[{"href":"https:\/\/aquabluebursa.com\/en\/wp-json\/wp\/v2\/product"}],"about":[{"href":"https:\/\/aquabluebursa.com\/en\/wp-json\/wp\/v2\/types\/product"}],"replies":[{"embeddable":true,"href":"https:\/\/aquabluebursa.com\/en\/wp-json\/wp\/v2\/comments?post=12634"}],"wp:featuredmedia":[{"embeddable":true,"href":"https:\/\/aquabluebursa.com\/en\/wp-json\/wp\/v2\/media\/13162"}],"wp:attachment":[{"href":"https:\/\/aquabluebursa.com\/en\/wp-json\/wp\/v2\/media?parent=12634"}],"wp:term":[{"taxonomy":"pwb-brand","embeddable":true,"href":"https:\/\/aquabluebursa.com\/en\/wp-json\/wp\/v2\/pwb-brand?post=12634"},{"taxonomy":"product_brand","embeddable":true,"href":"https:\/\/aquabluebursa.com\/en\/wp-json\/wp\/v2\/product_brand?post=12634"},{"taxonomy":"product_cat","embeddable":true,"href":"https:\/\/aquabluebursa.com\/en\/wp-json\/wp\/v2\/product_cat?post=12634"},{"taxonomy":"product_tag","embeddable":true,"href":"https:\/\/aquabluebursa.com\/en\/wp-json\/wp\/v2\/product_tag?post=12634"}],"curies":[{"name":"wp","href":"https:\/\/api.w.org\/{rel}","templated":true}]}}