{"id":12636,"date":"2026-03-13T20:19:38","date_gmt":"2026-03-13T20:19:38","guid":{"rendered":"https:\/\/aquabluebursa.com\/magaza\/kategorilenmemis\/brightwell-liquid-reef-250-ml\/"},"modified":"2026-03-13T20:19:38","modified_gmt":"2026-03-13T20:19:38","slug":"brightwell-liquid-reef-250-ml","status":"publish","type":"product","link":"https:\/\/aquabluebursa.com\/en\/magaza\/katkilar\/brightwell-liquid-reef-250-ml\/","title":{"rendered":"Brightwell &#8211; Liquid Reef 250 ml"},"content":{"rendered":"<div>Brightwell &#8211; Liquid Reef &#8211; Reef-Building Complex for Corals, Clams &#8211; Mercanlar ve \u0130stridyeler i\u00e7in kalsiyum, karbonat ,stronsiyum, magnezyum ve potasiyum \u00e7\u00f6zeltisi 250 ml<\/div>\n<div><\/div>\n<div>\n<p>\u00dcr\u00fcn Ad\u0131: Liquid Reef<\/p>\n<p>S\u0131n\u0131f\u0131: kalsiyum, karbonat ,stronsiyum,<br \/>\nmagnezyum ve potasiyum \u00e7\u00f6zeltisi<\/p>\n<p>Mevcut Ebatlar: 250 ml<\/p>\n<p>&nbsp;<\/p>\n<p>\u00dcr\u00fcn Bilgisi:<\/p>\n<p>\u2022T\u00fcm<br \/>\nMercanlar\u0131n ve resifi olu\u015fturan omurgas\u0131zlar b\u00fcy\u00fcmek ve geli\u015fmek i\u00e7in do\u011frudan<br \/>\nkulland\u0131\u011f\u0131 elementlerin ve molek\u00fcllerin<br \/>\ntam kayna\u011f\u0131,<\/p>\n<p>\u2022Kalsiyum<br \/>\n, stronsiyum, magnezyum ve potasyum sa\u011flar.<\/p>\n<p>\u2022\u00c7ok<br \/>\ng\u00fc\u00e7l\u00fc karbonat kayna\u011f\u0131d\u0131r (aragonitten t\u00fcretilmi\u015ftir).<\/p>\n<p>&nbsp;<\/p>\n<p>\u2022PH&#8217;\u0131<br \/>\nstabilize etmeye yard\u0131mc\u0131 olmak i\u00e7in alkaliniteyi art\u0131r\u0131r.<\/p>\n<p>&nbsp;<\/p>\n<p>\u2022Rakip<br \/>\n\u00fcr\u00fcnlerden daha g\u00fc\u00e7l\u00fc.<\/p>\n<p>&nbsp;<\/p>\n<p>\u2022Balling<br \/>\nve kalsiyum reakt\u00f6r sistemlerine ucuz bir alternatif olarak kullan\u0131labilir<\/p>\n<p>&nbsp;<\/p>\n<p>\u2022Fosfat,<br \/>\nsilikat ve organik madde i\u00e7ermez.<\/p>\n<p>Talimatlar ve<br \/>\nY\u00f6nergeler<\/p>\n<p>Bu takviye y\u00f6nteminin avantaj\u0131, resif akvaryumunuzun su<br \/>\nparametrelerini olu\u015fturmak ve s\u00fcrd\u00fcrmek i\u00e7in tek bir \u00fcr\u00fcn\u00fcn<br \/>\nkullan\u0131labilmesidir. \u00c7ok yayg\u0131n olarak kullan\u0131lan Kalsiyum reakt\u00f6r\u00fc ve balling<br \/>\ny\u00f6ntemlerine ek olarak takviye ve \u00e7e\u015fitlendirebilirsiniz. Kalsiyum ve<br \/>\nkarbonatlar\u0131n canl\u0131lar taraf\u0131ndan suda t\u00fcketilme h\u0131z\u0131, canl\u0131 stok yo\u011funlu\u011funa,<br \/>\nayd\u0131nlatma t\u00fcr\u00fcne ba\u011fl\u0131 olarak de\u011fi\u015fkenlik g\u00f6sterecektir. Her akvaryumun<br \/>\ntakviye oran\u0131 farkl\u0131l\u0131k g\u00f6sterece\u011fini unutmay\u0131n.<\/p>\n<p>Takviye etmeden \u00f6nce do\u011fru bir test kiti kullanarak<br \/>\nakvaryumdaki kalsiyum konsantrasyonunu \u00f6l\u00e7\u00fcn. Bu \u00fcr\u00fcn\u00fc her kullan\u0131mdan \u00f6nce<br \/>\niyice \u00e7alkalay\u0131n. Liquid Reef, eklendikten sonra akvaryum suyunu ge\u00e7ici olarak<br \/>\nbulan\u0131kla\u015ft\u0131rabilir, bu nedenle \u00fcr\u00fcn\u00fcn gece dozlanmas\u0131 \u00f6nerilir. Liquid Reef&#8217;in<br \/>\nher bir ml&#8217;si, 4 itre sudaki kalsiyum (&#8220;[Ca2+]&#8221;) konsantrasyonunu<br \/>\nyakla\u015f\u0131k 37 ppm art\u0131racakt\u0131r. Akvaryumdaki ba\u015flang\u0131\u00e7 \u200b\u200b[Ca2+] 412 ppm&#8217;nin<br \/>\nalt\u0131ndaysa, bu \u00fcr\u00fcn\u00fc, istenen kalsiyum konsantrasyonuna ula\u015f\u0131lana kadar g\u00fcnl\u00fck<br \/>\nmaksimum 110 Litre i\u00e7in 10 ml oran\u0131nda ekleyin, ard\u0131ndan gerekti\u011finde g\u00fcnl\u00fck<br \/>\nveya haftal\u0131k dozlay\u0131n.<\/p>\n<p>\u0130\u00e7erik :<\/p>\n<p>\u2022Calcium<br \/>\n(min) 4,140 mg\/oz. (140,000 ppm)<\/p>\n<p>\u2022Carbonate<br \/>\n(min) 3,100 mg\/oz. (104,800 ppm)<\/p>\n<p>\u2022Strontium<br \/>\n(min) 80 mg\/oz. (2,715 ppm)<\/p>\n<p>\u2022Magnesium<br \/>\n(min) 11 mg\/oz. (386 ppm)<\/p>\n<p>\u2022Potassium<br \/>\n(min) 0.60 mg\/oz. (20.6 ppm)<\/p>\n<p>Akvaryum katk\u0131lar\u0131 i\u00e7in, Akvaryum Merkezi olarak bizlere<br \/>\nba\u015fvurabilir, size en uygun ve kaliteli \u00fcr\u00fcnler i\u00e7in bilgi sahibi<br \/>\nolabilirsiniz.<\/p>\n<p>Boyutlar : | 250 ml |500 ml<\/p>\n<p>&nbsp;<\/p>\n<\/div>","protected":false},"excerpt":{"rendered":"<p>Brightwell &#8211; Liquid Reef &#8211; Reef-Building Complex for Corals, Clams &#8211; Mercanlar ve \u0130stridyeler i\u00e7in kalsiyum, karbonat ,stronsiyum, magnezyum ve<\/p>","protected":false},"featured_media":13164,"comment_status":"closed","ping_status":"open","template":"","meta":[],"pwb-brand":[],"product_brand":[79],"product_cat":[157],"product_tag":[],"class_list":{"0":"post-12636","1":"product","2":"type-product","3":"status-publish","4":"has-post-thumbnail","6":"product_brand-brightwell","7":"product_cat-katkilar","9":"first","10":"outofstock","11":"purchasable","12":"product-type-simple"},"brands":[],"_links":{"self":[{"href":"https:\/\/aquabluebursa.com\/en\/wp-json\/wp\/v2\/product\/12636","targetHints":{"allow":["GET"]}}],"collection":[{"href":"https:\/\/aquabluebursa.com\/en\/wp-json\/wp\/v2\/product"}],"about":[{"href":"https:\/\/aquabluebursa.com\/en\/wp-json\/wp\/v2\/types\/product"}],"replies":[{"embeddable":true,"href":"https:\/\/aquabluebursa.com\/en\/wp-json\/wp\/v2\/comments?post=12636"}],"wp:featuredmedia":[{"embeddable":true,"href":"https:\/\/aquabluebursa.com\/en\/wp-json\/wp\/v2\/media\/13164"}],"wp:attachment":[{"href":"https:\/\/aquabluebursa.com\/en\/wp-json\/wp\/v2\/media?parent=12636"}],"wp:term":[{"taxonomy":"pwb-brand","embeddable":true,"href":"https:\/\/aquabluebursa.com\/en\/wp-json\/wp\/v2\/pwb-brand?post=12636"},{"taxonomy":"product_brand","embeddable":true,"href":"https:\/\/aquabluebursa.com\/en\/wp-json\/wp\/v2\/product_brand?post=12636"},{"taxonomy":"product_cat","embeddable":true,"href":"https:\/\/aquabluebursa.com\/en\/wp-json\/wp\/v2\/product_cat?post=12636"},{"taxonomy":"product_tag","embeddable":true,"href":"https:\/\/aquabluebursa.com\/en\/wp-json\/wp\/v2\/product_tag?post=12636"}],"curies":[{"name":"wp","href":"https:\/\/api.w.org\/{rel}","templated":true}]}}