{"id":12637,"date":"2026-03-13T20:19:38","date_gmt":"2026-03-13T20:19:38","guid":{"rendered":"https:\/\/aquabluebursa.com\/magaza\/kategorilenmemis\/brightwell-coralline-accelerator-250-ml\/"},"modified":"2026-03-13T20:19:38","modified_gmt":"2026-03-13T20:19:38","slug":"brightwell-coralline-accelerator-250-ml","status":"publish","type":"product","link":"https:\/\/aquabluebursa.com\/en\/magaza\/katkilar\/brightwell-coralline-accelerator-250-ml\/","title":{"rendered":"Brightwell &#8211; Coralline Accelerator 250 ml"},"content":{"rendered":"<div>Brightwell &#8211; Coralline Accelerator &#8211; Nutrients for Coralline Algae Growth in Marine &#038; Reef Aquariums &#8211; Koralin Alh H\u0131zland\u0131r\u0131c\u0131 kalsiyum, stronsiyum, magnezyum ve potasyum \u00e7\u00f6zeltisi 250 ml<\/div>\n<div><\/div>\n<div>\n<p>\u00dcr\u00fcn Ad\u0131: Coralline Accelerator<\/p>\n<p>S\u0131n\u0131f\u0131: kalsiyum, stronsiyum, magnezyum ve<br \/>\npotasyum \u00e7\u00f6zeltisi<\/p>\n<p>Mevcut Ebatlar: 250 ml.<\/p>\n<p>&nbsp;<\/p>\n<p>\u00dcr\u00fcn Bilgisi:<\/p>\n<p>\u2022Mercanlar,<br \/>\nistiridyeler ve di\u011fer resif olu\u015fturan omurgas\u0131zlar\u0131n yan\u0131 s\u0131ra mercan algleri<br \/>\ntaraf\u0131ndan do\u011frudan kullan\u0131lan elementlerin ve molek\u00fcllerin ana kayna\u011f\u0131<\/p>\n<p>\u2022Coralin<br \/>\nAlg lerin ihtiya\u00e7 duydu\u011fu * kalsiyum,<br \/>\nstronsiyum, magnezyum ve potasyum sa\u011flar.<\/p>\n<p>\u2022Coralin<br \/>\nAlg geli\u015fimini h\u0131zland\u0131r\u0131r. (aragonitten<br \/>\nt\u00fcretilmi\u015ftir).<\/p>\n<p>\u2022PH&#8217;\u0131<br \/>\nstabilize etmeye yard\u0131mc\u0131 olmak i\u00e7in alkaliniteyi art\u0131r\u0131r.<\/p>\n<p>\u2022Di\u011fer<br \/>\nbenzer marka \u00fcr\u00fcnlerden daha g\u00fc\u00e7l\u00fc.<\/p>\n<p>\u2022Balling<br \/>\nve kalsiyum reakt\u00f6r sistemlerine ucuz bir alternatif olarak kullan\u0131labilir.<\/p>\n<p>\u2022Fosfat,<br \/>\nsilikat ve organik madde i\u00e7ermez.<\/p>\n<p>Talimatlar ve Y\u00f6nergeler<\/p>\n<p>\u00dcr\u00fcn\u00fc kullanmadan \u00f6nce iyice \u00e7alkalay\u0131n. Kalsiyum<br \/>\nkonsantrasyonunu 412 &#8211; 430 ppm aral\u0131\u011f\u0131nda tutmak i\u00e7in g\u00fcn a\u015f\u0131r\u0131 veya gerekti\u011fi<br \/>\nkadar 50 US galon akvaryum suyuna 10 ml (2 kap dolusu) \u00fcr\u00fcn ekleyin. Bu \u015fekilde<br \/>\nkullan\u0131ld\u0131\u011f\u0131nda, 500 ml 2.500 ABD-galon (9.450 L)&#8217;ye kadar i\u015flem yapar.<br \/>\nCoralline Accelerator, ilave edildikten sonra akvaryum suyunu ge\u00e7ici olarak<br \/>\nbulan\u0131kla\u015ft\u0131rabilir, bu nedenle \u00fcr\u00fcn\u00fcn ak\u015fam ge\u00e7 saatlerde dozlanmas\u0131 \u00f6nerilir.<\/p>\n<p>Akvaryum katk\u0131lar\u0131 i\u00e7in, Akvaryum Merkezi olarak bizlere<br \/>\nba\u015fvurabilir, size en uygun ve kaliteli \u00fcr\u00fcnler i\u00e7in bilgi sahibi<br \/>\nolabilirsiniz.<\/p>\n<p>Boyutlar : | 250 ml |<\/p>\n<p>&nbsp;<\/p>\n<\/div>","protected":false},"excerpt":{"rendered":"<p>Brightwell &#8211; Coralline Accelerator &#8211; Nutrients for Coralline Algae Growth in Marine &#038; Reef Aquariums &#8211; Koralin Alh H\u0131zland\u0131r\u0131c\u0131 kalsiyum,<\/p>","protected":false},"featured_media":13165,"comment_status":"closed","ping_status":"open","template":"","meta":[],"pwb-brand":[],"product_brand":[79],"product_cat":[157],"product_tag":[],"class_list":{"0":"post-12637","1":"product","2":"type-product","3":"status-publish","4":"has-post-thumbnail","6":"product_brand-brightwell","7":"product_cat-katkilar","9":"first","10":"instock","11":"purchasable","12":"product-type-simple"},"brands":[],"_links":{"self":[{"href":"https:\/\/aquabluebursa.com\/en\/wp-json\/wp\/v2\/product\/12637","targetHints":{"allow":["GET"]}}],"collection":[{"href":"https:\/\/aquabluebursa.com\/en\/wp-json\/wp\/v2\/product"}],"about":[{"href":"https:\/\/aquabluebursa.com\/en\/wp-json\/wp\/v2\/types\/product"}],"replies":[{"embeddable":true,"href":"https:\/\/aquabluebursa.com\/en\/wp-json\/wp\/v2\/comments?post=12637"}],"wp:featuredmedia":[{"embeddable":true,"href":"https:\/\/aquabluebursa.com\/en\/wp-json\/wp\/v2\/media\/13165"}],"wp:attachment":[{"href":"https:\/\/aquabluebursa.com\/en\/wp-json\/wp\/v2\/media?parent=12637"}],"wp:term":[{"taxonomy":"pwb-brand","embeddable":true,"href":"https:\/\/aquabluebursa.com\/en\/wp-json\/wp\/v2\/pwb-brand?post=12637"},{"taxonomy":"product_brand","embeddable":true,"href":"https:\/\/aquabluebursa.com\/en\/wp-json\/wp\/v2\/product_brand?post=12637"},{"taxonomy":"product_cat","embeddable":true,"href":"https:\/\/aquabluebursa.com\/en\/wp-json\/wp\/v2\/product_cat?post=12637"},{"taxonomy":"product_tag","embeddable":true,"href":"https:\/\/aquabluebursa.com\/en\/wp-json\/wp\/v2\/product_tag?post=12637"}],"curies":[{"name":"wp","href":"https:\/\/api.w.org\/{rel}","templated":true}]}}