{"id":12638,"date":"2026-03-13T20:19:41","date_gmt":"2026-03-13T20:19:41","guid":{"rendered":"https:\/\/aquabluebursa.com\/magaza\/kategorilenmemis\/brightwell-iodion-250-ml\/"},"modified":"2026-03-13T20:19:41","modified_gmt":"2026-03-13T20:19:41","slug":"brightwell-iodion-250-ml","status":"publish","type":"product","link":"https:\/\/aquabluebursa.com\/en\/magaza\/katkilar\/brightwell-iodion-250-ml\/","title":{"rendered":"Brightwell &#8211; Iodion 250 ml"},"content":{"rendered":"<div>Brightwell &#8211; Iodion &#8211; Liquid Iodine Supplement &#8211; Long Acting &#8211; \u0130yot Y\u00fckseltici \u00c7\u00f6zelti 250 ml<\/div>\n<div><\/div>\n<div>\n<p>\u00dcr\u00fcn Ad\u0131: IODION<\/p>\n<p>S\u0131n\u0131f\u0131: iyot y\u00fckseltici \u00e7\u00f6zelti<\/p>\n<p>Mevcut Ebatlar: 250 ml<\/p>\n<p>&nbsp;<\/p>\n<p>\u00dcr\u00fcn Bilgisi:<\/p>\n<p>\u2022Y\u00fcksek<br \/>\nkonsantrasyonlu, geni\u015f etkili iyod\u00fcr<br \/>\n\u00e7\u00f6zeltisi.<\/p>\n<p>\u2022Sert<br \/>\nmercanlar\u0131n zooxanthellae lerini geli\u015ftirebilmeleri ve<br \/>\ndi\u011fer omurgas\u0131zlar i\u00e7in \u00f6nemli olan iyodidi sa\u011flar,<\/p>\n<p>\u2022Makro<br \/>\nalgler ve ayr\u0131ca bal\u0131klar\u0131n ihtiya\u00e7 duydu\u011fu<br \/>\niyodi di kar\u015f\u0131lar.<\/p>\n<p>\u2022Di\u011fer<br \/>\nbenzer \u00fcr\u00fcnlerin \u00e7o\u011fundan daha g\u00fc\u00e7l\u00fc.<\/p>\n<p>\u2022Ar\u0131t\u0131lm\u0131\u015f<br \/>\nsu ve ultra y\u00fcksek safl\u0131kta malzemelerden olu\u015fur.<\/p>\n<p>\u2022Uzman<br \/>\ndeniz bilimcileri taraf\u0131ndan form\u00fcle edilmi\u015ftir.<\/p>\n<p>&nbsp;<\/p>\n<p>Talimatlar ve Y\u00f6nergeler<\/p>\n<p>\u00dcr\u00fcn\u00fc kullanmadan \u00f6nce iyice \u00e7alkalay\u0131n. \u0130yot<br \/>\nkonsantrasyonunu 0,04 &#8211; 0,06 ppm aral\u0131\u011f\u0131nda tutmak i\u00e7in \u015fi\u015fede \u00f6nerilen miktar\u0131<br \/>\nekleyin.<\/p>\n<p>Akvaryum katk\u0131lar\u0131 i\u00e7in, Akvaryum Merkezi olarak bizlere ba\u015fvurabilir,<br \/>\nsize en uygun ve kaliteli \u00fcr\u00fcnler i\u00e7in bilgi sahibi olabilirsiniz.<\/p>\n<p>Boyutlar : | 250 ml |<\/p>\n<p>&nbsp;<\/p>\n<\/div>","protected":false},"excerpt":{"rendered":"<p>Brightwell &#8211; Iodion &#8211; Liquid Iodine Supplement &#8211; Long Acting &#8211; \u0130yot Y\u00fckseltici \u00c7\u00f6zelti 250 ml \u00dcr\u00fcn Ad\u0131: IODION S\u0131n\u0131f\u0131:<\/p>","protected":false},"featured_media":13166,"comment_status":"closed","ping_status":"open","template":"","meta":[],"pwb-brand":[],"product_brand":[79],"product_cat":[157],"product_tag":[],"class_list":{"0":"post-12638","1":"product","2":"type-product","3":"status-publish","4":"has-post-thumbnail","6":"product_brand-brightwell","7":"product_cat-katkilar","9":"first","10":"instock","11":"purchasable","12":"product-type-simple"},"brands":[],"_links":{"self":[{"href":"https:\/\/aquabluebursa.com\/en\/wp-json\/wp\/v2\/product\/12638","targetHints":{"allow":["GET"]}}],"collection":[{"href":"https:\/\/aquabluebursa.com\/en\/wp-json\/wp\/v2\/product"}],"about":[{"href":"https:\/\/aquabluebursa.com\/en\/wp-json\/wp\/v2\/types\/product"}],"replies":[{"embeddable":true,"href":"https:\/\/aquabluebursa.com\/en\/wp-json\/wp\/v2\/comments?post=12638"}],"wp:featuredmedia":[{"embeddable":true,"href":"https:\/\/aquabluebursa.com\/en\/wp-json\/wp\/v2\/media\/13166"}],"wp:attachment":[{"href":"https:\/\/aquabluebursa.com\/en\/wp-json\/wp\/v2\/media?parent=12638"}],"wp:term":[{"taxonomy":"pwb-brand","embeddable":true,"href":"https:\/\/aquabluebursa.com\/en\/wp-json\/wp\/v2\/pwb-brand?post=12638"},{"taxonomy":"product_brand","embeddable":true,"href":"https:\/\/aquabluebursa.com\/en\/wp-json\/wp\/v2\/product_brand?post=12638"},{"taxonomy":"product_cat","embeddable":true,"href":"https:\/\/aquabluebursa.com\/en\/wp-json\/wp\/v2\/product_cat?post=12638"},{"taxonomy":"product_tag","embeddable":true,"href":"https:\/\/aquabluebursa.com\/en\/wp-json\/wp\/v2\/product_tag?post=12638"}],"curies":[{"name":"wp","href":"https:\/\/api.w.org\/{rel}","templated":true}]}}