{"id":12643,"date":"2026-03-13T20:19:45","date_gmt":"2026-03-13T20:19:45","guid":{"rendered":"https:\/\/aquabluebursa.com\/magaza\/kategorilenmemis\/brightwell-alkalin-8-3-2-litre\/"},"modified":"2026-03-13T20:19:45","modified_gmt":"2026-03-13T20:19:45","slug":"brightwell-alkalin-8-3-2-litre","status":"publish","type":"product","link":"https:\/\/aquabluebursa.com\/en\/magaza\/katkilar\/brightwell-alkalin-8-3-2-litre\/","title":{"rendered":"Brightwell &#8211; Alkalin 8.3   2 L\u0130TRE"},"content":{"rendered":"<div>Brightwell &#8211; Alkalin 8.3 &#8211; Liquid pH Buffer &#038; Alkalinity (KH)-Builder &#8211; S\u0131v\u0131 KH ve PH artt\u0131r\u0131c\u0131 2 Litre<\/div>\n<div><\/div>\n<div>\n<p><span style=\"font-weight: bold;\">\u00dcr\u00fcn Ad\u0131: Alkalin8.3<br \/>\nbuffer<\/span><\/p>\n<p><span style=\"font-weight: bold;\">S\u0131n\u0131f\u0131: Bikarbonat \u00e7\u00f6zelti<\/span><\/p>\n<p><span style=\"font-weight: bold;\">Mevcut Ebatlar: 500-2000<br \/>\nML<\/span><\/p>\n<p><span style=\"font-weight: bold;\">Genel Bak\u0131\u015f<\/span><\/p>\n<p>\u00b7Alkalinite(KH) seviyesini art\u0131rmak i\u00e7in y\u00fcksek<br \/>\nkalitede \u00fcretilmi\u015f bir katk\u0131d\u0131r.<\/p>\n<p>\u00b7Alkaliniteyi y\u00fckselterek bir akvaryumda pH<br \/>\nstabilitesini olu\u015fturman\u0131za yard\u0131mc\u0131 olur.<\/p>\n<p>\u00b7Alkalin 8.3 Resifi olu\u015fturan t\u00fcm organizmalar\u0131n iskelet yap\u0131lar\u0131n\u0131 geli\u015ftirebilmelerini<br \/>\nsa\u011flayan karbonat kayna\u011f\u0131d\u0131r.<\/p>\n<p>\u00b7Akvaryumunuzdaki, pH&#8217;\u0131 seviyesini 8.3&#8217;e<br \/>\nula\u015f\u0131lana kadar y\u00fckseltir ve stabilasyonu sa\u011flar.<\/p>\n<p>\u00b7Di\u011fer rakip \u00fcr\u00fcnlerin bir \u00e7o\u011fundan %50 daha<br \/>\ng\u00fc\u00e7l\u00fc ve etkilidir.<\/p>\n<p>\u00b7Fosfat, silikat ve organik madde i\u00e7ermez.<\/p>\n<p>\u00b7Uzmandeniz bilimcileri taraf\u0131ndan form\u00fcle edilerek \u00fcretilmi\u015ftir.<\/p>\n<p>Karbonat sertli\u011fi veya tamponlama kapasitesi olarak da<br \/>\nbilinen alkalinite ,Akvaryumlar\u0131m\u0131z daki phstabilizasyonu nu \u00f6l\u00e7menin en<br \/>\nbilinen yoludur . Alkalinite, ph \u00fczerindekietkisi sebebiyle deniz<br \/>\nakvaryumlar\u0131nda takip edilmesi gereken en \u00f6nemli de\u011ferdir. Bir akvaryumda,<br \/>\noksijen t\u00fcketimi ve organik maddelerin<br \/>\nayr\u0131\u015fmas\u0131yla olu\u015fan asitler, yava\u015f yava\u015f<br \/>\nalkaliniteyi t\u00fcketir. Bu t\u00fcketimi tamamlamad\u0131\u011f\u0131n\u0131z zaman alkalinite<br \/>\nkritik bir seviyenin alt\u0131na d\u00fc\u015fer ve pH normalde \u00f6nerilenden daha fazla dalgalanmaya ba\u015flar (deniz akvaryumlar\u0131nda<br \/>\ng\u00fcnl\u00fck pH de\u011fi\u015fimi +\/- 0,2&#8217;dir), bu dalgalanma akvaryumlar\u0131m\u0131zda t\u00fcm canl\u0131lar\u0131<br \/>\nstrese sokar ve hastalanmalar\u0131na sebep olur.<\/p>\n<p>Deniz akvaryumlar\u0131nda alkalinite seviyesini 7 &#8211; 9 dKH aras\u0131nda tutmak genellikle pH&#8217;\u0131 \u00f6nerilen<br \/>\nseviyede sabit tutman\u0131z\u0131 sa\u011flar. Bir resif akvaryumunda alkalinite t\u00fcketimi, akvaryumunuzdaki canl\u0131 stokunuza, ayd\u0131nlatma t\u00fcr\u00fcn\u00fcze, su<br \/>\nsirk\u00fclasyon h\u0131z\u0131n\u0131za ve di\u011fer biyolojik, fiziksel ve kimyasal ko\u015fullar\u0131n\u0131za<br \/>\nba\u011fl\u0131d\u0131r. Bu etkenler y\u00fcz\u00fcnden, her<br \/>\nakvaryumun alkalinite t\u00fcketimi farkl\u0131l\u0131k<br \/>\ng\u00f6sterir.<\/p>\n<p>Akvaryumunuz daki g\u00fcnl\u00fck alkalinite<br \/>\nt\u00fcketim oran\u0131n\u0131 bilmeniz ve bu do\u011frultuda g\u00fcnl\u00fck 1 dkh ge\u00e7meyecek \u015fekilde ilave<br \/>\nyapman\u0131z \u00e7ok \u00f6nemlidir.<\/p>\n<p>T\u00fcm Brightwell Aquatics t\u00fcm s\u0131v\u0131 takviyeleri, distile<br \/>\nedilmi\u015f su ve y\u00fcksek safl\u0131kta malzemelerden \u00fcretilmi\u015ftir. Brightwell Aquatics t\u00fcm \u00fcr\u00fcnlerini bilinen teoriler yerine, g\u00f6zlem ve \u00f6l\u00e7\u00fcm verilerine<br \/>\ndayanarak form\u00fcller geli\u015ftirmektedir.<\/p>\n<p><span style=\"font-weight: bold;\">Talimatlar ve Dozaj<\/span><\/p>\n<p>\u00b7\u00dcr\u00fcn\u00fc kullanmadan \u00f6nce iyice \u00e7alkalay\u0131n.<\/p>\n<p>\u00b7Takviye etmeden \u00f6nce do\u011fru bir test kiti<br \/>\nkullanarak akvaryumdaki alkaliniteyi belirleyin.<\/p>\n<p>\u00b7\u0130stenen alkalinite seviyesine ula\u015f\u0131lana kadar g\u00fcnl\u00fck 113 litre(30 US-galon)<br \/>\nakvaryum suyuna maksimum 5 ml (1 kapak)<br \/>\noran\u0131nda \u00fcr\u00fcn ekleyin, ard\u0131ndan alkaliniteyi 7 &#8211; 9 dKH aras\u0131nda tutmak i\u00e7in<br \/>\ngerekti\u011finde g\u00fcnl\u00fck veya haftal\u0131k doz lama yap\u0131n.<\/p>\n<p>\u00b7Brightwell Aquatics Alkalin8.3&#8217;\u00fcn 5 ml&#8217;si, 100 litre suda alkaliniteyi 1 dKH art\u0131racakt\u0131r.<\/p>\n<p>\u00b7Akvaryumdaki ba\u015flang\u0131\u00e7 \u200b\u200balkalinitesi 7 dKH&#8217; \u0131n alt\u0131ndaysa, 100 litre akvaryum i\u00e7in bu \u00fcr\u00fcn\u00fc<br \/>\nistenen alkaliniteye ula\u015f\u0131lana kadar g\u00fcnl\u00fck maksimum 5 ml oran\u0131nda ekleyin, ard\u0131ndan gerekti\u011finde g\u00fcnl\u00fck veya<br \/>\nhaftal\u0131k olarak dozlay\u0131n .<\/p>\n<p>\u00b7Alkaliniteyi daima +\/-1 dKH aral\u0131\u011f\u0131nda tutmaya<br \/>\n\u00e7al\u0131\u015f\u0131n. \u0130stenen alkalinite elde edildikten sonra alkalinite t\u00fcketim oran\u0131n\u0131<br \/>\nbelirlemek i\u00e7in, alkaliniteyi bir ila iki haftal\u0131k bir s\u00fcre boyunca her g\u00fcn<br \/>\nayn\u0131 saatte \u00f6l\u00e7\u00fcn.<\/p>\n<p>&nbsp;<\/p>\n<p>Akvaryum katk\u0131lar\u0131 i\u00e7in, Akvaryum Merkezi olarak bizlere<br \/>\nba\u015fvurabilir, size en uygun ve kaliteli \u00fcr\u00fcnler i\u00e7in bilgi sahibi<br \/>\nolabilirsiniz.<\/p>\n<p>&nbsp;<\/p>\n<\/div>","protected":false},"excerpt":{"rendered":"<p>Brightwell &#8211; Alkalin 8.3 &#8211; Liquid pH Buffer &#038; Alkalinity (KH)-Builder &#8211; S\u0131v\u0131 KH ve PH artt\u0131r\u0131c\u0131 2 Litre \u00dcr\u00fcn<\/p>","protected":false},"featured_media":13171,"comment_status":"closed","ping_status":"open","template":"","meta":[],"pwb-brand":[],"product_brand":[79],"product_cat":[157],"product_tag":[],"class_list":{"0":"post-12643","1":"product","2":"type-product","3":"status-publish","4":"has-post-thumbnail","6":"product_brand-brightwell","7":"product_cat-katkilar","9":"first","10":"outofstock","11":"purchasable","12":"product-type-simple"},"brands":[],"_links":{"self":[{"href":"https:\/\/aquabluebursa.com\/en\/wp-json\/wp\/v2\/product\/12643","targetHints":{"allow":["GET"]}}],"collection":[{"href":"https:\/\/aquabluebursa.com\/en\/wp-json\/wp\/v2\/product"}],"about":[{"href":"https:\/\/aquabluebursa.com\/en\/wp-json\/wp\/v2\/types\/product"}],"replies":[{"embeddable":true,"href":"https:\/\/aquabluebursa.com\/en\/wp-json\/wp\/v2\/comments?post=12643"}],"wp:featuredmedia":[{"embeddable":true,"href":"https:\/\/aquabluebursa.com\/en\/wp-json\/wp\/v2\/media\/13171"}],"wp:attachment":[{"href":"https:\/\/aquabluebursa.com\/en\/wp-json\/wp\/v2\/media?parent=12643"}],"wp:term":[{"taxonomy":"pwb-brand","embeddable":true,"href":"https:\/\/aquabluebursa.com\/en\/wp-json\/wp\/v2\/pwb-brand?post=12643"},{"taxonomy":"product_brand","embeddable":true,"href":"https:\/\/aquabluebursa.com\/en\/wp-json\/wp\/v2\/product_brand?post=12643"},{"taxonomy":"product_cat","embeddable":true,"href":"https:\/\/aquabluebursa.com\/en\/wp-json\/wp\/v2\/product_cat?post=12643"},{"taxonomy":"product_tag","embeddable":true,"href":"https:\/\/aquabluebursa.com\/en\/wp-json\/wp\/v2\/product_tag?post=12643"}],"curies":[{"name":"wp","href":"https:\/\/api.w.org\/{rel}","templated":true}]}}