{"id":12650,"date":"2026-03-13T20:19:57","date_gmt":"2026-03-13T20:19:57","guid":{"rendered":"https:\/\/aquabluebursa.com\/magaza\/kategorilenmemis\/prodibio-bioclean-30-ampul\/"},"modified":"2026-03-13T20:19:58","modified_gmt":"2026-03-13T20:19:58","slug":"prodibio-bioclean-30-ampul","status":"publish","type":"product","link":"https:\/\/aquabluebursa.com\/en\/magaza\/bakteri-kulturleri\/prodibio-bioclean-30-ampul\/","title":{"rendered":"Prodibio &#8211; BioClean 30 Amp\u00fcl"},"content":{"rendered":"<p class=\"MsoNormal\"><span style=\"font-size: 12pt; line-height: 115%; font-weight: bold;\">BioClean_Salt<br \/>\n<\/span><\/p>\n<p class=\"MsoNormal\"><span style=\"font-size: 12.0pt; line-height: 115%;\">BioClean_Salt,<br \/>\ntuzlu su akvaryumunuzu biyolojik olarak etkili bir \u015fekilde temizlemek i\u00e7in<br \/>\nBioDigest (canl\u0131 bakteriler) ve Bioptim&#8217;den (mikro besinler) olu\u015fan bir settir.<br \/>\n<\/span><\/p>\n<p class=\"MsoNormal\"><span style=\"font-weight: bold;\"><span style=\"font-size: 12pt; line-height: 115%; text-decoration: underline;\">BioClean_Salt bilgileri<br \/>\n<\/span><\/span><\/p>\n<p class=\"MsoNormal\"><span style=\"font-size: 12.0pt; line-height: 115%;\">Biodigest:<br \/>\n<\/span><\/p>\n<ul>\n<li><span style=\"font-size: 12pt;\">\u00d6zel olarak geli\u015ftirilmi\u015f Canl\u0131 bakterilerinin alt t\u00fcrlerinden(heterotrofik)<br \/>\nolu\u015fur.<\/span><\/li>\n<li><span style=\"font-size: 12.0pt; line-height: 115%;\">Heterotrofik bakteri t\u00fcr\u00fc at\u0131k maddelerinin uzakla\u015ft\u0131r\u0131lmas\u0131\u00a0 ve\u00a0akvaryum temizli\u011finde en hayati bakteri t\u00fcr\u00fcd\u00fcr.<\/span><\/li>\n<li><span style=\"font-size: 12.0pt; line-height: 115%;\">Tatl\u0131 veya deniz suyu akvaryumunuzda biyolojik filtrasyonun(Azot<br \/>\nd\u00f6ng\u00fcs\u00fc)\u00a0 ba\u015flamas\u0131n\u0131 sa\u011flar. <\/span><\/li>\n<li><span style=\"font-size: 12.0pt; line-height: 115%;\">Nitratlar ve fosfatlar azal\u0131r.<\/span><\/li>\n<li><span style=\"font-size: 12.0pt; line-height: 115%;\">Suyun etkili bir \u015fekilde ar\u0131t\u0131lmas\u0131n\u0131 sa\u011flar.<\/span><\/li>\n<li><span style=\"font-size: 12.0pt; line-height: 115%;\">Sa\u00e7ak yosunlar\u0131n \u00a0yay\u0131lmas\u0131n\u0131 \u00f6nler.<\/span><\/li>\n<\/ul>\n<p class=\"MsoListParagraphCxSpMiddle\"><span style=\"font-size: 12.0pt; line-height: 115%;\">Bioptim:<br \/>\n<\/span><\/p>\n<ul>\n<li><span style=\"font-size: 12pt;\">Akvaryumlar\u0131n\u0131zda canl\u0131 ya\u015fam i\u00e7in gerekli t\u00fcm mikro elementleri (amino<br \/>\nasitler, enzimler, do\u011fal vitaminler\u2026) i\u00e7erir.<\/span><\/li>\n<li><span style=\"font-size: 12.0pt; line-height: 115%;\">Bioptim ayr\u0131ca eser elementler de sa\u011flar .<\/span><\/li>\n<li><span style=\"font-size: 12.0pt; line-height: 115%;\">proteinler i\u00e7in k\u00fck\u00fcrt sa\u011flar.<\/span><\/li>\n<li><span style=\"font-size: 12.0pt; line-height: 115%;\">bitkiler ve bal\u0131k\u00a0 i\u00e7in demir<br \/>\nsa\u011flar.<\/span><\/li>\n<li><span style=\"font-size: 12.0pt; line-height: 115%;\">B vitaminleri i\u00e7in kobalt sa\u011flar.<\/span><\/li>\n<li><span style=\"font-size: 12.0pt; line-height: 115%;\">Kalsiyum, magnezyum, manganez, \u00e7inko, molibden ve potasyum takviyesi<br \/>\nsa\u011flar.<\/span><\/li>\n<li><span style=\"font-size: 12.0pt; line-height: 115%;\">Akvaryumunuzdaki\u00a0 ya\u015fayan<br \/>\nbakterilerin \u00e7o\u011funun h\u00fccresel metabolizmas\u0131n\u0131 dinamik hale getirir.<\/span><\/li>\n<li><span style=\"font-size: 12.0pt; line-height: 115%;\">Bioptim , organik maddenin sindirimini ve at\u0131lmas\u0131n\u0131\u00a0 h\u0131zland\u0131r\u0131r.<\/span><\/li>\n<li><span style=\"font-size: 12.0pt; line-height: 115%;\">Nitrat ve fosfat\u0131n ortamdan kald\u0131r\u0131lmas\u0131n\u0131 kolayla\u015ft\u0131r\u0131r.<\/span><\/li>\n<\/ul>\n<p class=\"MsoNormal\"><span style=\"font-weight: bold;\"><span style=\"font-size: 12pt; line-height: 115%; text-decoration: underline;\">BioClean_Salt ne zaman<br \/>\nkullan\u0131lmal\u0131d\u0131r?<br \/>\n<\/span><\/span><\/p>\n<p class=\"MsoListParagraphCxSpFirst\"><span style=\"font-size: 12.0pt; line-height: 115%;\">Her 15 g\u00fcnde bir kullan\u0131m\u0131, akvaryumun optimal temizli\u011fini sa\u011flar.<br \/>\n<\/span><\/p>\n<p class=\"MsoListParagraphCxSpMiddle\"><span style=\"font-size: 12.0pt; line-height: 115%;\">S\u00fcrecini h\u0131zland\u0131rmak i\u00e7in dozlar\u0131 art\u0131rmay\u0131n, bunun yerine \u00fcr\u00fcn\u00fc daha<br \/>\ns\u0131k kullan\u0131n.<br \/>\n<\/span><\/p>\n<p class=\"MsoListParagraphCxSpLast\"><span style=\"font-size: 12.0pt; line-height: 115%;\">\u00a0<\/span><\/p>\n<p class=\"MsoNormal\" style=\"text-indent: 18.0pt;\"><span style=\"font-size: 12pt; line-height: 115%; font-weight: bold;\">Akvaryum Hacmi\u00a0 \u00a0 \u00a0 \u00a0 \u00a0 \u00dcr\u00fcn T\u00fcr\u00fc\u00a0 \u00a0 \u00a0 \u00a0 \u00a0 \u00a0 \u00a0 \u00a0 \u00a0 \u00a0 \u00a0 Dozaj Miktar\u0131<br \/>\n<\/span><\/p>\n<p class=\"MsoNormal\" style=\"text-indent: 18.0pt;\"><span style=\"font-size: 12.0pt; line-height: 115%;\">\u00a00 &#8211; 60 litre\u00a0 \u00a0 \u00a0 \u00a0 \u00a0 \u00a0 \u00a0 \u00a0 \u00a0 \u00a0 \u00a0 \u00a0nano\u00a0 \u00a0 \u00a0 \u00a0 \u00a0 \u00a0 \u00a0 \u00a0 \u00a0 \u00a0 \u00a0 \u00a0 \u00a0 \u00a0 1 Amp\u00fcl \/ 15 g\u00fcn<br \/>\n<\/span><\/p>\n<p class=\"MsoNormal\" style=\"text-indent: 18.0pt;\"><span style=\"font-size: 12.0pt; line-height: 115%;\">\u00a061 &#8211; 120 litre\u00a0 \u00a0 \u00a0 \u00a0 \u00a0 \u00a0 \u00a0 \u00a0 \u00a0 \u00a0nano\u00a0 \u00a0 \u00a0 \u00a0 \u00a0 \u00a0 \u00a0 \u00a0 \u00a0 \u00a0 \u00a0 \u00a0 \u00a0 \u00a0 2 Amp\u00fcl \/ 15 g\u00fcn<br \/>\n<\/span><\/p>\n<p class=\"MsoNormal\" style=\"text-indent: 18.0pt;\"><span style=\"font-size: 12.0pt; line-height: 115%;\">121 &#8211; 200 litre\u00a0\u00a0\u00a0\u00a0\u00a0\u00a0\u00a0\u00a0\u00a0\u00a0\u00a0\u00a0\u00a0\u00a0\u00a0\u00a0\u00a0 Standart\u00a0\u00a0\u00a0\u00a0\u00a0\u00a0\u00a0\u00a0\u00a0\u00a0\u00a0\u00a0\u00a0\u00a0\u00a0\u00a0\u00a0\u00a0\u00a0\u00a0\u00a0 1 Amp\u00fcl \/ 15 g\u00fcn<br \/>\n<\/span><\/p>\n<p class=\"MsoNormal\" style=\"text-indent: 18.0pt;\"><span style=\"font-size: 12.0pt; line-height: 115%;\">201 &#8211; 400 litre\u00a0\u00a0\u00a0\u00a0\u00a0\u00a0\u00a0\u00a0\u00a0\u00a0\u00a0\u00a0\u00a0\u00a0\u00a0\u00a0\u00a0 Standart\u00a0\u00a0\u00a0\u00a0\u00a0\u00a0\u00a0\u00a0\u00a0\u00a0\u00a0\u00a0\u00a0\u00a0\u00a0\u00a0\u00a0\u00a0\u00a0\u00a0\u00a0 2 Amp\u00fcl \/ 15 g\u00fcn<br \/>\n<\/span><\/p>\n<p class=\"MsoNormal\" style=\"text-indent: 18.0pt;\"><span style=\"font-size: 12.0pt; line-height: 115%;\">401 &#8211; 600 litre\u00a0\u00a0\u00a0\u00a0\u00a0\u00a0\u00a0\u00a0\u00a0\u00a0\u00a0\u00a0\u00a0\u00a0\u00a0\u00a0\u00a0 Standart\u00a0\u00a0\u00a0\u00a0\u00a0\u00a0\u00a0\u00a0\u00a0\u00a0\u00a0\u00a0\u00a0\u00a0\u00a0\u00a0\u00a0\u00a0\u00a0\u00a0\u00a0 3 Amp\u00fcl \/ 15 g\u00fcn<br \/>\n<\/span><\/p>\n<p class=\"MsoNormal\" style=\"text-indent: 18.0pt;\"><span style=\"font-size: 12.0pt; line-height: 115%;\">601- 800 litre\u00a0\u00a0\u00a0\u00a0\u00a0\u00a0\u00a0\u00a0\u00a0\u00a0\u00a0\u00a0\u00a0\u00a0\u00a0\u00a0\u00a0\u00a0 Standart\u00a0\u00a0\u00a0\u00a0\u00a0\u00a0\u00a0\u00a0\u00a0\u00a0\u00a0\u00a0\u00a0\u00a0\u00a0\u00a0\u00a0\u00a0\u00a0\u00a0\u00a0 4 Amp\u00fcl \/ 15 g\u00fcn<br \/>\n<\/span><\/p>\n<p class=\"MsoNormal\" style=\"text-indent: 18.0pt;\"><span style=\"font-size: 12.0pt; line-height: 115%;\">\u00a0<\/span><\/p>\n<p>&nbsp;<\/p>\n<p>&nbsp;<\/p>","protected":false},"excerpt":{"rendered":"<p>BioClean_Salt BioClean_Salt, tuzlu su akvaryumunuzu biyolojik olarak etkili bir \u015fekilde temizlemek i\u00e7in BioDigest (canl\u0131 bakteriler) ve Bioptim&#8217;den (mikro besinler) olu\u015fan<\/p>","protected":false},"featured_media":13178,"comment_status":"closed","ping_status":"open","template":"","meta":[],"pwb-brand":[],"product_brand":[88],"product_cat":[158],"product_tag":[],"class_list":{"0":"post-12650","1":"product","2":"type-product","3":"status-publish","4":"has-post-thumbnail","6":"product_brand-prodibio","7":"product_cat-bakteri-kulturleri","9":"first","10":"outofstock","11":"purchasable","12":"product-type-simple"},"brands":[],"_links":{"self":[{"href":"https:\/\/aquabluebursa.com\/en\/wp-json\/wp\/v2\/product\/12650","targetHints":{"allow":["GET"]}}],"collection":[{"href":"https:\/\/aquabluebursa.com\/en\/wp-json\/wp\/v2\/product"}],"about":[{"href":"https:\/\/aquabluebursa.com\/en\/wp-json\/wp\/v2\/types\/product"}],"replies":[{"embeddable":true,"href":"https:\/\/aquabluebursa.com\/en\/wp-json\/wp\/v2\/comments?post=12650"}],"wp:featuredmedia":[{"embeddable":true,"href":"https:\/\/aquabluebursa.com\/en\/wp-json\/wp\/v2\/media\/13178"}],"wp:attachment":[{"href":"https:\/\/aquabluebursa.com\/en\/wp-json\/wp\/v2\/media?parent=12650"}],"wp:term":[{"taxonomy":"pwb-brand","embeddable":true,"href":"https:\/\/aquabluebursa.com\/en\/wp-json\/wp\/v2\/pwb-brand?post=12650"},{"taxonomy":"product_brand","embeddable":true,"href":"https:\/\/aquabluebursa.com\/en\/wp-json\/wp\/v2\/product_brand?post=12650"},{"taxonomy":"product_cat","embeddable":true,"href":"https:\/\/aquabluebursa.com\/en\/wp-json\/wp\/v2\/product_cat?post=12650"},{"taxonomy":"product_tag","embeddable":true,"href":"https:\/\/aquabluebursa.com\/en\/wp-json\/wp\/v2\/product_tag?post=12650"}],"curies":[{"name":"wp","href":"https:\/\/api.w.org\/{rel}","templated":true}]}}