{"id":12651,"date":"2026-03-13T20:19:57","date_gmt":"2026-03-13T20:19:57","guid":{"rendered":"https:\/\/aquabluebursa.com\/magaza\/kategorilenmemis\/prodibio-npex-250-ml\/"},"modified":"2026-03-13T20:19:58","modified_gmt":"2026-03-13T20:19:58","slug":"prodibio-npex-250-ml","status":"publish","type":"product","link":"https:\/\/aquabluebursa.com\/en\/magaza\/katkilar\/prodibio-npex-250-ml\/","title":{"rendered":"Prodibio &#8211; [N,P]EX  250 ml"},"content":{"rendered":"<div><span style=\"font-size: 14pt;\">Prodibio &#8211; [N,P]EX\u00a0 250 ml<\/span><\/div>\n<div>\n<p>&nbsp;<\/p>\n<ul>\n<li><span style=\"font-size: 12pt;\">H\u0131zl\u0131 bir \u015fekilde suda bulunan nitrit, nitrat ve fosfat<br \/>\nseviyelerini a\u015fa\u011f\u0131ya \u00e7eker.<\/span><\/li>\n<li><span style=\"font-size: 12.0pt; line-height: 115%;\">\u0130\u00e7eri\u011fi \u00e7oklu karbon kayna\u011f\u0131 y\u00f6ntemine dayan\u0131r., ancak<br \/>\nistenmeyen elementler i\u00e7ermez.<\/span><\/li>\n<li><span style=\"font-size: 12.0pt; line-height: 115%;\">Eklenen organik karbon, bakterileri g\u00fc\u00e7l\u00fc bir \u015fekilde uyar\u0131r<br \/>\nve \u00a0NO2, NO3 ve NO2 seviyelerini h\u0131zla<br \/>\nd\u00fc\u015f\u00fcr\u00fcr.<\/span><\/li>\n<li><span style=\"font-size: 12.0pt; line-height: 115%;\">Bu bakteri fazlas\u0131, tanktaki hayvanlar taraf\u0131ndan t\u00fcketilecek<br \/>\nveya verimli bir skimmer \u00a0yoluyla ortadan<br \/>\nkald\u0131r\u0131lacakt\u0131r.<\/span><\/li>\n<li><span style=\"font-size: 12.0pt; line-height: 115%;\">[N,P]EX, birka\u00e7 farkl\u0131 karbon kayna\u011f\u0131n\u0131n do\u011fru oranlarda bir<br \/>\nkombinasyonudur.<\/span><\/li>\n<li><span style=\"font-size: 12.0pt; line-height: 115%;\">Sadece su de\u011ferlerini \u00a0izleme konusunda deneyimli ve bilgili hobyciler\u00a0taraf\u0131ndan kullan\u0131lmal\u0131d\u0131r.<\/span><\/li>\n<li><span style=\"font-size: 12.0pt; line-height: 115%;\">Di\u011fer t\u00fcm NO3 ve PO4 d\u00fc\u015f\u00fcrme y\u00f6ntemlerinin \u00a0etkili olmad\u0131\u011f\u0131 durumlarda kullan\u0131lmas\u0131n\u0131<br \/>\n\u00f6neririz.<\/span><\/li>\n<li><span style=\"font-size: 12.0pt; line-height: 115%;\">Miktarlar\u0131, beklenen parametre seviyelerine g\u00f6re kademeli<br \/>\nolarak art\u0131r\u0131n. <\/span><\/li>\n<li><span style=\"font-size: 12.0pt; line-height: 115%;\">Kararl\u0131 olduklar\u0131nda,Bu seviyeleri d\u00fczenli olarak izleyerek<br \/>\ndozu koruyun.<\/span><\/li>\n<li><span style=\"font-size: 12.0pt; line-height: 115%;\">Dozlamay\u0131 aniden kesmeyin, dozu azaltarak kesin.<\/span><\/li>\n<\/ul>\n<p class=\"MsoNormal\" style=\"text-indent: 18.0pt;\"><span style=\"font-size: 12.0pt; line-height: 115%;\">Talimat: 200 Litre akvaryum i\u00e7in<\/span><\/p>\n<p class=\"MsoNormal\" style=\"text-indent: 18.0pt;\">\n<p class=\"MsoNormal\" style=\"text-indent: 18.0pt;\">\u00a0<span style=\"font-size: 12pt; text-indent: 18pt;\">G\u00fcnler\u00a0\u00a0\u00a0\u00a0\u00a0\u00a0 1-2\u00a0\u00a0\u00a0\u00a0\u00a0\u00a0 3-4\u00a0\u00a0\u00a0\u00a0\u00a0\u00a0 5-6\u00a0\u00a0\u00a0\u00a0\u00a0\u00a0 7-8\u00a0\u00a0\u00a0\u00a0\u00a0\u00a0 9-10\u00a0\u00a0\u00a0\u00a0 &gt; 11<\/span><\/p>\n<p class=\"MsoNormal\" style=\"text-indent: 18.0pt;\">\n<p class=\"MsoNormal\" style=\"text-indent: 18.0pt;\"><span style=\"font-size: 12.0pt; line-height: 115%;\">\u00a0Dozaj\u00a0\u00a0\u00a0\u00a0\u00a0\u00a0\u00a0\u00a0 1 mL\u00a0\u00a0\u00a0 2 mL\u00a0\u00a0\u00a0 3<br \/>\nmL\u00a0\u00a0\u00a0 4 mL\u00a0\u00a0\u00a0 5<br \/>\nmL\u00a0\u00a0\u00a0 = 5 mL<br \/>\n<\/span><\/p>\n<\/div>\n<div>\n<div>\n<div class=\"desc\" style=\"box-sizing: border-box; overflow-wrap: break-word; word-break: break-word;\">\n<p style=\"box-sizing: border-box; margin: 0px 0px 10px;\">\n<\/div>\n<\/div>\n<\/div>","protected":false},"excerpt":{"rendered":"<p>Prodibio &#8211; [N,P]EX\u00a0 250 ml &nbsp; H\u0131zl\u0131 bir \u015fekilde suda bulunan nitrit, nitrat ve fosfat seviyelerini a\u015fa\u011f\u0131ya \u00e7eker. \u0130\u00e7eri\u011fi \u00e7oklu<\/p>","protected":false},"featured_media":13179,"comment_status":"closed","ping_status":"open","template":"","meta":[],"pwb-brand":[],"product_brand":[88],"product_cat":[157],"product_tag":[],"class_list":{"0":"post-12651","1":"product","2":"type-product","3":"status-publish","4":"has-post-thumbnail","6":"product_brand-prodibio","7":"product_cat-katkilar","9":"first","10":"outofstock","11":"purchasable","12":"product-type-simple"},"brands":[],"_links":{"self":[{"href":"https:\/\/aquabluebursa.com\/en\/wp-json\/wp\/v2\/product\/12651","targetHints":{"allow":["GET"]}}],"collection":[{"href":"https:\/\/aquabluebursa.com\/en\/wp-json\/wp\/v2\/product"}],"about":[{"href":"https:\/\/aquabluebursa.com\/en\/wp-json\/wp\/v2\/types\/product"}],"replies":[{"embeddable":true,"href":"https:\/\/aquabluebursa.com\/en\/wp-json\/wp\/v2\/comments?post=12651"}],"wp:featuredmedia":[{"embeddable":true,"href":"https:\/\/aquabluebursa.com\/en\/wp-json\/wp\/v2\/media\/13179"}],"wp:attachment":[{"href":"https:\/\/aquabluebursa.com\/en\/wp-json\/wp\/v2\/media?parent=12651"}],"wp:term":[{"taxonomy":"pwb-brand","embeddable":true,"href":"https:\/\/aquabluebursa.com\/en\/wp-json\/wp\/v2\/pwb-brand?post=12651"},{"taxonomy":"product_brand","embeddable":true,"href":"https:\/\/aquabluebursa.com\/en\/wp-json\/wp\/v2\/product_brand?post=12651"},{"taxonomy":"product_cat","embeddable":true,"href":"https:\/\/aquabluebursa.com\/en\/wp-json\/wp\/v2\/product_cat?post=12651"},{"taxonomy":"product_tag","embeddable":true,"href":"https:\/\/aquabluebursa.com\/en\/wp-json\/wp\/v2\/product_tag?post=12651"}],"curies":[{"name":"wp","href":"https:\/\/api.w.org\/{rel}","templated":true}]}}