{"id":12653,"date":"2026-03-13T20:20:01","date_gmt":"2026-03-13T20:20:01","guid":{"rendered":"https:\/\/aquabluebursa.com\/magaza\/kategorilenmemis\/prodibio-coral-color-booster-100ml\/"},"modified":"2026-03-13T20:20:01","modified_gmt":"2026-03-13T20:20:01","slug":"prodibio-coral-color-booster-100ml","status":"publish","type":"product","link":"https:\/\/aquabluebursa.com\/en\/magaza\/balik-ve-mercan-besinlerimercan-besinleri\/prodibio-coral-color-booster-100ml\/","title":{"rendered":"Prodibio &#8211; Coral Color Booster 100ml"},"content":{"rendered":"<p>&nbsp;<\/p>\n<p style=\"text-align: justify;\"><span style=\"line-height: 23px; font-weight: bold; font-family: Arial, Helvetica, sans-serif; font-size: 10pt;\">Prodibio &#8211; Coral Color Booster 100ml<\/span><\/p>\n<p style=\"text-align: justify;\">\n<p>&nbsp;<\/p>\n<p style=\"text-align: justify;\">\u00a0<span style=\"font-size: 12pt;\">Polip a\u00e7an ve rengarenk mercanlar ister misiniz?<\/span><\/p>\n<p class=\"MsoNormal\"><span style=\"font-size: 12pt; line-height: 18.4px;\">Teredd\u00fct etmeden CORAL COLOR BOOSTER&#8217;\u0131 se\u00e7in!<br \/>\n<\/span><\/p>\n<p class=\"MsoNormal\"><span style=\"font-size: 12pt; line-height: 18.4px;\">CORAL COLOR BOOSTER, mercanlar\u0131n ihtiya\u00e7lar\u0131n\u0131 kar\u015f\u0131lamak ve onlar\u0131n renklenmelerini\u00a0 te\u015fvik etmek i\u00e7in m\u00fckemmel dengelenmi\u015f bir form\u00fcld\u00fcr.<br \/>\n<\/span><\/p>\n<p class=\"MsoNormal\"><span style=\"font-size: 12pt; line-height: 18.4px;\">Do\u011fru stronsiyum ve demir oran\u0131 ile t\u00fcm mikro besin ve eser element zincirinin asimilasyonunu i\u00e7erir.<br \/>\n<\/span><\/p>\n<p class=\"MsoNormal\"><span style=\"font-size: 12pt; line-height: 18.4px;\">T\u00fcm ihtiya\u00e7lar i\u00e7in eksiksiz bir form\u00fclasyon (\u0130yot hari\u00e7).<br \/>\n<\/span><\/p>\n<p class=\"MsoNormal\"><span style=\"font-size: 12pt; line-height: 18.4px;\">\u0130yot, plastik ambalajlarda sa\u011fl\u0131kl\u0131 bir \u015fekilde depolanamad\u0131\u011f\u0131 i\u00e7in IODI+ ampullerle kullan\u0131lmas\u0131n\u0131 tavsiye ederiz.<\/span><\/p>\n<p class=\"MsoNormal\"><span style=\"font-size: 12pt;\">STANDARD : 10 mL 400 L Akvaryum i\u00e7in<\/span><\/p>\n<p>&nbsp;<\/p>\n<div style=\"text-align: justify; border-image: initial; outline-width: 0px; outline-style: initial; outline-color: initial; padding: 0px; margin: 0px; border: 0px initial initial;\">\n<p>&nbsp;<\/p>\n<div style=\"text-align: justify;\"><\/div>\n<div style=\"text-align: justify;\"><span style=\"color: #ef001b; font-family: Arial, Helvetica, sans-serif; font-size: medium; line-height: normal;\">NOT : Sadece akvaryum kullan\u0131m\u0131 i\u00e7indir !<\/span><\/div>\n<p>&nbsp;<\/p>\n<\/div>\n<p>&nbsp;<\/p>","protected":false},"excerpt":{"rendered":"<p>&nbsp; Prodibio &#8211; Coral Color Booster 100ml &nbsp; \u00a0Polip a\u00e7an ve rengarenk mercanlar ister misiniz? Teredd\u00fct etmeden CORAL COLOR BOOSTER&#8217;\u0131<\/p>","protected":false},"featured_media":13181,"comment_status":"closed","ping_status":"open","template":"","meta":[],"pwb-brand":[],"product_brand":[88],"product_cat":[164],"product_tag":[],"class_list":{"0":"post-12653","1":"product","2":"type-product","3":"status-publish","4":"has-post-thumbnail","6":"product_brand-prodibio","7":"product_cat-balik-ve-mercan-besinlerimercan-besinleri","9":"first","10":"outofstock","11":"purchasable","12":"product-type-simple"},"brands":[],"_links":{"self":[{"href":"https:\/\/aquabluebursa.com\/en\/wp-json\/wp\/v2\/product\/12653","targetHints":{"allow":["GET"]}}],"collection":[{"href":"https:\/\/aquabluebursa.com\/en\/wp-json\/wp\/v2\/product"}],"about":[{"href":"https:\/\/aquabluebursa.com\/en\/wp-json\/wp\/v2\/types\/product"}],"replies":[{"embeddable":true,"href":"https:\/\/aquabluebursa.com\/en\/wp-json\/wp\/v2\/comments?post=12653"}],"wp:featuredmedia":[{"embeddable":true,"href":"https:\/\/aquabluebursa.com\/en\/wp-json\/wp\/v2\/media\/13181"}],"wp:attachment":[{"href":"https:\/\/aquabluebursa.com\/en\/wp-json\/wp\/v2\/media?parent=12653"}],"wp:term":[{"taxonomy":"pwb-brand","embeddable":true,"href":"https:\/\/aquabluebursa.com\/en\/wp-json\/wp\/v2\/pwb-brand?post=12653"},{"taxonomy":"product_brand","embeddable":true,"href":"https:\/\/aquabluebursa.com\/en\/wp-json\/wp\/v2\/product_brand?post=12653"},{"taxonomy":"product_cat","embeddable":true,"href":"https:\/\/aquabluebursa.com\/en\/wp-json\/wp\/v2\/product_cat?post=12653"},{"taxonomy":"product_tag","embeddable":true,"href":"https:\/\/aquabluebursa.com\/en\/wp-json\/wp\/v2\/product_tag?post=12653"}],"curies":[{"name":"wp","href":"https:\/\/api.w.org\/{rel}","templated":true}]}}