{"id":12655,"date":"2026-03-13T20:20:01","date_gmt":"2026-03-13T20:20:01","guid":{"rendered":"https:\/\/aquabluebursa.com\/magaza\/kategorilenmemis\/prodibio-start-up-nano-4-ampul\/"},"modified":"2026-03-13T20:20:01","modified_gmt":"2026-03-13T20:20:01","slug":"prodibio-start-up-nano-4-ampul","status":"publish","type":"product","link":"https:\/\/aquabluebursa.com\/en\/magaza\/bakteri-kulturleri\/prodibio-start-up-nano-4-ampul\/","title":{"rendered":"Prodibio &#8211; Start Up Nano 4 Amp\u00fcl"},"content":{"rendered":"<p>&nbsp;<\/p>\n<p style=\"text-align: justify;\"><span style=\"line-height: 23px; font-weight: bold; font-family: Arial, Helvetica, sans-serif; font-size: 10pt;\">Prodibio &#8211; Start Up Nano 4 Amp\u00fcl<\/span><\/p>\n<p style=\"text-align: justify;\">\u00a0<span style=\"font-size: 12pt;\">Akvaryum kurulumunun ilk a\u015famas\u0131nda kullan\u0131lmaya y\u00f6nelik bir \u00fcr\u00fcn olan Prodibio Start Up, i\u00e7erisinde bakteri k\u00fclt\u00fcr\u00fc ile birlikte nitrifikasyon d\u00f6ng\u00fcs\u00fcn\u00fcn devam\u0131n\u0131 sa\u011flay\u0131c\u0131 ve tamamlay\u0131c\u0131 amonyak giderici i\u00e7erir.<\/span><\/p>\n<div style=\"text-align: justify; border-image: initial; outline-width: 0px; outline-style: initial; outline-color: initial; color: #333333; padding: 0px; margin: 0px; border: 0px initial initial;\">\n<p class=\"MsoNormal\" style=\"border-image: initial; outline-width: 0px; outline-style: initial; outline-color: initial; font-size: 11px; text-align: left; font-family: Arial; padding: 0px; margin: 0cm 0cm 0pt 0cm; border: 0px initial initial;\"><span style=\"border-image: initial; outline-width: 0px; outline-style: initial; outline-color: initial; font-size: 10pt; color: #000000; padding: 0px; margin: 0px; border: 0px initial initial;\">\u00a0* Akvaryum suyunda olu\u015fan amonya\u011f\u0131 ba\u011flamak i\u00e7in START UP kullan\u0131l\u0131r.<\/span><\/p>\n<p class=\"MsoNormal\" style=\"border-image: initial; outline-width: 0px; outline-style: initial; outline-color: initial; font-size: 11px; text-align: left; font-family: Arial; padding: 0px; margin: 0cm 0cm 0pt 0cm; border: 0px initial initial;\"><span style=\"border-image: initial; outline-width: 0px; outline-style: initial; outline-color: initial; font-size: 10pt; color: #000000; padding: 0px; margin: 0px; border: 0px initial initial;\">\u00a0* Akvaryuma eklendi\u011finde amonyak ve nitrit oran\u0131n\u0131 azalt\u0131r.<\/span><\/p>\n<p class=\"MsoNormal\" style=\"border-image: initial; outline-width: 0px; outline-style: initial; outline-color: initial; font-size: 11px; text-align: left; font-family: Arial; padding: 0px; margin: 0cm 0cm 0pt 0cm; border: 0px initial initial;\"><span style=\"border-image: initial; outline-width: 0px; outline-style: initial; outline-color: initial; font-size: 10pt; color: #000000; padding: 0px; margin: 0px; border: 0px initial initial;\">\u00a0* \u00dcr\u00fcn i\u00e7eri\u011finde STOP AMMO ve BIO DIGEST mevcuttur.<\/span><\/p>\n<p class=\"MsoNormal\" style=\"border-image: initial; outline-width: 0px; outline-style: initial; outline-color: initial; font-size: 11px; text-align: left; font-family: Arial; padding: 0px; margin: 0cm 0cm 0pt 0cm; border: 0px initial initial;\"><span style=\"border-image: initial; outline-width: 0px; outline-style: initial; outline-color: initial; font-size: 10pt; color: #000000; padding: 0px; margin: 0px; border: 0px initial initial;\">\u00a0<\/span><\/p>\n<p class=\"MsoNormal\" style=\"border-image: initial; outline-width: 0px; outline-style: initial; outline-color: initial; font-size: 11px; text-align: left; font-family: Arial; padding: 0px; margin: 0cm 0cm 0pt 0cm; border: 0px initial initial;\"><span style=\"border-image: initial; outline-width: 0px; outline-style: initial; outline-color: initial; font-size: 10pt; padding: 0px; margin: 0px; border: 0px initial initial;\"><span style=\"border-image: initial; outline-width: 0px; outline-style: initial; outline-color: initial; color: #000000; font-weight: bold; padding: 0px; margin: 0px; border: 0px initial initial;\">STOP AMMO<\/span><span style=\"border-image: initial; outline-width: 0px; outline-style: initial; outline-color: initial; color: #000000; padding: 0px; margin: 0px; border: 0px initial initial;\">\u00a0<\/span><\/span><\/p>\n<p class=\"MsoNormal\" style=\"border-image: initial; outline-width: 0px; outline-style: initial; outline-color: initial; font-size: 11px; text-align: left; font-family: Arial; padding: 0px; margin: 0cm 0cm 0pt 0cm; border: 0px initial initial;\"><span style=\"border-image: initial; outline-width: 0px; outline-style: initial; outline-color: initial; font-size: 10pt; color: #000000; padding: 0px; margin: 0px; border: 0px initial initial;\">\u00a0* \u00c7\u00f6l bitkilerin i\u00e7eriklerinden \u00fcretilmi\u015ftir.<\/span><\/p>\n<p class=\"MsoNormal\" style=\"border-image: initial; outline-width: 0px; outline-style: initial; outline-color: initial; font-size: 11px; text-align: left; font-family: Arial; padding: 0px; margin: 0cm 0cm 0pt 0cm; border: 0px initial initial;\"><span style=\"border-image: initial; outline-width: 0px; outline-style: initial; outline-color: initial; font-size: 10pt; color: #000000; padding: 0px; margin: 0px; border: 0px initial initial;\">\u00a0*\u00a0Bu bitkiler amonya\u011f\u0131 ve nitrojeni<span style=\"border-image: initial; outline-width: 0px; outline-style: initial; outline-color: initial; padding: 0px; margin: 0px; border: 0px initial initial;\">\u00a0\u00a0<\/span>ba\u011flarlar. Nitrojen olduk\u00e7a zehirli bir gazd\u0131r.<\/span><\/p>\n<p class=\"MsoNormal\" style=\"border-image: initial; outline-width: 0px; outline-style: initial; outline-color: initial; font-size: 11px; text-align: left; font-family: Arial; padding: 0px; margin: 0cm 0cm 0pt 0cm; border: 0px initial initial;\"><span style=\"border-image: initial; outline-width: 0px; outline-style: initial; outline-color: initial; font-size: 10pt; color: #000000; padding: 0px; margin: 0px; border: 0px initial initial;\">\u00a0*\u00a0Kullan\u0131lan bitkiler nitrojeni zehirsiz halde b\u00fcnyelerinde sentezleyerek besin haline (\u00f6zelikle protein ve amino asit) d\u00f6n\u00fc\u015ft\u00fcr\u00fcrler.\u00a0<\/span><\/p>\n<p class=\"MsoNormal\" style=\"border-image: initial; outline-width: 0px; outline-style: initial; outline-color: initial; font-size: 11px; text-align: left; font-family: Arial; padding: 0px; margin: 0cm 0cm 0pt 0cm; border: 0px initial initial;\"><span style=\"border-image: initial; outline-width: 0px; outline-style: initial; outline-color: initial; font-size: 10pt; color: #000000; padding: 0px; margin: 0px; border: 0px initial initial;\">\u00a0*\u00a0Bu \u00fcr\u00fcn akvaryum bal\u0131klar\u0131nda kullan\u0131ld\u0131\u011f\u0131 i\u00e7in, bal\u0131k solunga\u00e7lar\u0131nda zehirli etkiye sahip olan Saponinler \u00fcr\u00fcn\u00fcn i\u00e7eri\u011finden \u00e7\u0131kart\u0131lm\u0131\u015ft\u0131r.<\/span><\/p>\n<p class=\"MsoNormal\" style=\"border-image: initial; outline-width: 0px; outline-style: initial; outline-color: initial; font-size: 11px; text-align: left; font-family: Arial; padding: 0px; margin: 0cm 0cm 0pt 0cm; border: 0px initial initial;\"><span style=\"border-image: initial; outline-width: 0px; outline-style: initial; outline-color: initial; font-size: 10pt; color: #000000; padding: 0px; margin: 0px; border: 0px initial initial;\">\u00a0* Ayr\u0131ca STOP AMMO\u2019nun bir di\u011fer \u00f6zeli\u011fi de akvaryum suyunda olu\u015fan amonya\u011f\u0131 ba\u011flamas\u0131d\u0131r.<\/span><\/p>\n<p class=\"MsoNormal\" style=\"border-image: initial; outline-width: 0px; outline-style: initial; outline-color: initial; font-size: 11px; text-align: left; font-family: Arial; padding: 0px; margin: 0cm 0cm 0pt 0cm; border: 0px initial initial;\"><span style=\"border-image: initial; outline-width: 0px; outline-style: initial; outline-color: initial; font-size: 10pt; color: #000000; padding: 0px; margin: 0px; border: 0px initial initial;\">\u00a0* Bal\u0131k sevk\u0131yat\u0131 i\u00e7in kullan\u0131lan suya eklenebilir \u00e7\u00fcnk\u00fc NH3 (Amonya\u011f\u0131) oran\u0131n\u0131 ve buna ba\u011fl\u0131 olarak nitriti azalt\u0131r.<\/span><\/p>\n<p class=\"MsoNormal\" style=\"border-image: initial; outline-width: 0px; outline-style: initial; outline-color: initial; font-size: 11px; text-align: left; font-family: Arial; padding: 0px; margin: 0cm 0cm 0pt 0cm; border: 0px initial initial;\"><span style=\"border-image: initial; outline-width: 0px; outline-style: initial; outline-color: initial; font-size: 10pt; color: #000000; padding: 0px; margin: 0px; border: 0px initial initial;\">\u00a0<\/span><\/p>\n<p class=\"MsoNormal\" style=\"border-image: initial; outline-width: 0px; outline-style: initial; outline-color: initial; font-size: 11px; text-align: left; font-family: Arial; font-weight: bold; padding: 0px; margin: 0cm 0cm 0pt 0cm; border: 0px initial initial;\"><span style=\"border-image: initial; outline-width: 0px; outline-style: initial; outline-color: initial; font-size: 10pt; padding: 0px; margin: 0px; border: 0px initial initial;\"><span style=\"border-image: initial; outline-width: 0px; outline-style: initial; outline-color: initial; color: #000000; padding: 0px; margin: 0px; border: 0px initial initial;\">BIO DIGEST<\/span><span style=\"border-image: initial; outline-width: 0px; outline-style: initial; outline-color: initial; color: #000000; padding: 0px; margin: 0px; border: 0px initial initial;\">\u00a0<\/span><\/span><\/p>\n<p class=\"MsoNormal\" style=\"border-image: initial; outline-width: 0px; outline-style: initial; outline-color: initial; font-size: 11px; text-align: left; font-family: Arial; padding: 0px; margin: 0cm 0cm 0pt 0cm; border: 0px initial initial;\"><span style=\"border-image: initial; outline-width: 0px; outline-style: initial; outline-color: initial; font-size: 10pt; color: #000000; padding: 0px; margin: 0px; border: 0px initial initial;\"><span class=\"biodigest1\" style=\"border-image: initial; outline-width: 0px; outline-style: initial; outline-color: initial; padding: 0px; margin: 0px; border: 0px initial initial;\"><span style=\"border-image: initial; outline-width: 0px; outline-style: initial; outline-color: initial; font-size: 9pt; padding: 0px; margin: 0px; border: 0px initial initial;\">\u00a0* Nitrit ve denitrifikasyon bakterileri ile amonya\u011f\u0131 nitrite, nitriti nitrata ve nitrat\u0131 nitrojene d\u00f6n\u00fc\u015ft\u00fcr\u00fcr.<\/span><\/span><span style=\"border-image: initial; outline-width: 0px; outline-style: initial; outline-color: initial; color: blue; padding: 0px; margin: 0px; border: 0px initial initial;\">\u00a0<\/span><\/span><\/p>\n<p class=\"MsoNormal\" style=\"border-image: initial; outline-width: 0px; outline-style: initial; outline-color: initial; font-size: 11px; text-align: left; font-family: Arial; padding: 0px; margin: 0cm 0cm 0pt 0cm; border: 0px initial initial;\"><span style=\"border-image: initial; outline-width: 0px; outline-style: initial; outline-color: initial; font-size: 10pt; color: #000000; padding: 0px; margin: 0px; border: 0px initial initial;\">\u00a0* Bakteriler hi\u00e7bir genetik mutasyona u\u011frat\u0131lmam\u0131\u015ft\u0131r.<\/span><\/p>\n<p class=\"MsoNormal\" style=\"border-image: initial; outline-width: 0px; outline-style: initial; outline-color: initial; font-size: 11px; text-align: left; font-family: Arial; padding: 0px; margin: 0cm 0cm 0pt 0cm; border: 0px initial initial;\"><span style=\"border-image: initial; outline-width: 0px; outline-style: initial; outline-color: initial; font-size: 10pt; padding: 0px; margin: 0px; border: 0px initial initial;\"><span style=\"border-image: initial; outline-width: 0px; outline-style: initial; outline-color: initial; color: #000000; padding: 0px; margin: 0px; border: 0px initial initial;\">\u00a0* Amonyumu Nitrite ve Nitriti Nitrata d\u00f6n\u00fc\u015ft\u00fcr\u00fcrler.<\/span><\/span><\/p>\n<p class=\"MsoNormal\" style=\"border-image: initial; outline-width: 0px; outline-style: initial; outline-color: initial; font-size: 11px; text-align: left; font-family: Arial; padding: 0px; margin: 0cm 0cm 0pt 0cm; border: 0px initial initial;\"><span style=\"border-image: initial; outline-width: 0px; outline-style: initial; outline-color: initial; font-size: 10pt; color: #000000; padding: 0px; margin: 0px; border: 0px initial initial;\">\u00a0* Organik art\u0131\u011f\u0131n temizlenmesi di\u011fer bakteri t\u00fcrleri ile desteklenir. Bunlardan baz\u0131lar\u0131;<\/span><\/p>\n<p class=\"MsoNormal\" style=\"border-image: initial; outline-width: 0px; outline-style: initial; outline-color: initial; font-size: 11px; text-align: left; font-family: Arial; padding: 0px; margin: 0cm 0cm 0pt 0cm; border: 0px initial initial;\"><span style=\"border-image: initial; outline-width: 0px; outline-style: initial; outline-color: initial; font-size: 10pt; padding: 0px; margin: 0px; border: 0px initial initial;\"><span style=\"border-image: initial; outline-width: 0px; outline-style: initial; outline-color: initial; color: #000000; padding: 0px; margin: 0px; border: 0px initial initial;\">&#8212; Paracoccus denitrificans<br \/>\n&#8212; Pseudomonas stuzerii<\/span><\/span><\/p>\n<p class=\"MsoNormal\" style=\"border-image: initial; outline-width: 0px; outline-style: initial; outline-color: initial; font-size: 11px; text-align: left; font-family: Arial; padding: 0px; margin: 0cm 0cm 0pt 0cm; border: 0px initial initial;\"><span style=\"border-image: initial; outline-width: 0px; outline-style: initial; outline-color: initial; font-size: 10pt; color: #000000; padding: 0px; margin: 0px; border: 0px initial initial;\">\u00a0<\/span><\/p>\n<p class=\"MsoNormal\" style=\"border-image: initial; outline-width: 0px; outline-style: initial; outline-color: initial; font-size: 11px; text-align: left; font-family: Arial; padding: 0px; margin: 0cm 0cm 0pt 0cm; border: 0px initial initial;\"><span style=\"border-image: initial; outline-width: 0px; outline-style: initial; outline-color: initial; font-size: 10pt; padding: 0px; margin: 0px; border: 0px initial initial;\"><span style=\"border-image: initial; outline-width: 0px; outline-style: initial; outline-color: initial; text-decoration: underline; color: #000000; font-weight: bold; padding: 0px; margin: 0px; border: 0px initial initial;\">STOP AMMO Kullan\u0131m\u0131<\/span><span style=\"border-image: initial; outline-width: 0px; outline-style: initial; outline-color: initial; color: #000000; font-weight: bold; padding: 0px; margin: 0px; border: 0px initial initial;\">\u00a0<\/span><\/span><\/p>\n<p class=\"MsoNormal\" style=\"border-image: initial; outline-width: 0px; outline-style: initial; outline-color: initial; font-size: 11px; text-align: left; font-family: Arial; padding: 0px; margin: 0cm 0cm 0pt 0cm; border: 0px initial initial;\"><span style=\"border-image: initial; outline-width: 0px; outline-style: initial; outline-color: initial; font-size: 10pt; padding: 0px; margin: 0px; border: 0px initial initial;\"><span style=\"border-image: initial; outline-width: 0px; outline-style: initial; outline-color: initial; color: blue; padding: 0px; margin: 0px; border: 0px initial initial;\"><span style=\"border-image: initial; outline-width: 0px; outline-style: initial; outline-color: initial; color: #000000; padding: 0px; margin: 0px; border: 0px initial initial;\">\u00a0* Ampulleri kullanmadan<span style=\"border-image: initial; outline-width: 0px; outline-style: initial; outline-color: initial; padding: 0px; margin: 0px; border: 0px initial initial;\">\u00a0\u00a0<\/span>\u00f6nce iyice \u00e7alkalay\u0131n\u0131z.<\/span><\/span><span style=\"border-image: initial; outline-width: 0px; outline-style: initial; outline-color: initial; color: #000000; padding: 0px; margin: 0px; border: 0px initial initial;\">\u00a0<\/span><\/span><\/p>\n<p class=\"MsoNormal\" style=\"border-image: initial; outline-width: 0px; outline-style: initial; outline-color: initial; font-size: 11px; text-align: left; font-family: Arial; padding: 0px; margin: 0cm 0cm 0pt 0cm; border: 0px initial initial;\"><span style=\"border-image: initial; outline-width: 0px; outline-style: initial; outline-color: initial; font-size: 10pt; padding: 0px; margin: 0px; border: 0px initial initial;\"><span style=\"border-image: initial; outline-width: 0px; outline-style: initial; outline-color: initial; color: #000000; padding: 0px; margin: 0px; border: 0px initial initial;\">\u00a0* Nitrit seviyesi y\u00fckselmeye ba\u015flad\u0131\u011f\u0131 zaman\u00a0<\/span><span style=\"border-image: initial; outline-width: 0px; outline-style: initial; outline-color: initial; color: #000000; padding: 0px; margin: 0px; border: 0px initial initial;\">\u00a0<\/span><\/span><\/p>\n<p class=\"MsoNormal\" style=\"border-image: initial; outline-width: 0px; outline-style: initial; outline-color: initial; font-size: 11px; text-align: left; font-family: Arial; padding: 0px; margin: 0cm 0cm 0pt 0cm; border: 0px initial initial;\"><span style=\"border-image: initial; outline-width: 0px; outline-style: initial; outline-color: initial; font-size: 10pt; padding: 0px; margin: 0px; border: 0px initial initial;\"><br \/>\n<span style=\"border-image: initial; outline-width: 0px; outline-style: initial; outline-color: initial; color: #000000; padding: 0px; margin: 0px; border: 0px initial initial;\">\u00a0* 60 litre<\/span><span style=\"border-image: initial; outline-width: 0px; outline-style: initial; outline-color: initial; color: #000000; padding: 0px; margin: 0px; border: 0px initial initial;\">\u00a0Su i\u00e7in, 1 Ampul<\/span><\/span><\/p>\n<p class=\"MsoNormal\" style=\"border-image: initial; outline-width: 0px; outline-style: initial; outline-color: initial; font-size: 11px; text-align: left; font-family: Arial; font-weight: bold; padding: 0px; margin: 0cm 0cm 0pt 0cm; border: 0px initial initial;\"><span style=\"border-image: initial; outline-width: 0px; outline-style: initial; outline-color: initial; font-size: 10pt; color: #000000; padding: 0px; margin: 0px; border: 0px initial initial;\">\u00a0<\/span><\/p>\n<p class=\"MsoNormal\" style=\"border-image: initial; outline-width: 0px; outline-style: initial; outline-color: initial; font-size: 11px; text-align: left; font-family: Arial; font-weight: bold; padding: 0px; margin: 0cm 0cm 0pt 0cm; border: 0px initial initial;\">\n<p style=\"border-image: initial; outline-width: 0px; outline-style: initial; outline-color: initial; font-size: 11px; text-align: left; font-family: Arial; padding: 0px; margin: 0px; border: 0px initial initial;\"><span style=\"border-image: initial; outline-width: 0px; outline-style: initial; outline-color: initial; font-size: 10pt; padding: 0px; margin: 0px; border: 0px initial initial;\"><span style=\"border-image: initial; outline-width: 0px; outline-style: initial; outline-color: initial; text-decoration: underline; color: #000000; padding: 0px; margin: 0px; border: 0px initial initial;\"><span style=\"border-image: initial; outline-width: 0px; outline-style: initial; outline-color: initial; font-weight: bold; padding: 0px; margin: 0px; border: 0px initial initial;\">BIO DIGEST Kullan\u0131m\u0131<\/span><br \/>\n<\/span><span style=\"border-image: initial; outline-width: 0px; outline-style: initial; outline-color: initial; color: blue; padding: 0px; margin: 0px; border: 0px initial initial;\"><span style=\"border-image: initial; outline-width: 0px; outline-style: initial; outline-color: initial; color: #000000; padding: 0px; margin: 0px; border: 0px initial initial;\">\u00a0* Ampulleri kullanmadan<span style=\"border-image: initial; outline-width: 0px; outline-style: initial; outline-color: initial; padding: 0px; margin: 0px; border: 0px initial initial;\">\u00a0\u00a0<\/span>\u00f6nce iyice \u00e7alkalay\u0131n\u0131z.<br \/>\n<\/span><\/span><span style=\"border-image: initial; outline-width: 0px; outline-style: initial; outline-color: initial; color: #000000; padding: 0px; margin: 0px; border: 0px initial initial;\">\u00a0* 60 Litre Su i\u00e7in, 1 Ampul<br \/>\n<\/span><span style=\"border-image: initial; outline-width: 0px; outline-style: initial; outline-color: initial; color: #000000; padding: 0px; margin: 0px; border: 0px initial initial;\">\u00a0* Akvaryuma yeni bal\u0131k konuldu\u011fu zaman Filtre tank\u0131na art\u0131 1 Ampul<\/span><\/span><\/p>\n<\/div>\n<p>&nbsp;<\/p>\n<p><iframe loading=\"lazy\" src=\"https:\/\/www.youtube.com\/embed\/FHBrW5-i_9w\" width=\"560\" height=\"315\" frameborder=\"0\" allowfullscreen=\"allowfullscreen\"><\/iframe><\/p>","protected":false},"excerpt":{"rendered":"<p>&nbsp; Prodibio &#8211; Start Up Nano 4 Amp\u00fcl \u00a0Akvaryum kurulumunun ilk a\u015famas\u0131nda kullan\u0131lmaya y\u00f6nelik bir \u00fcr\u00fcn olan Prodibio Start Up,<\/p>","protected":false},"featured_media":13183,"comment_status":"closed","ping_status":"open","template":"","meta":[],"pwb-brand":[],"product_brand":[88],"product_cat":[158],"product_tag":[],"class_list":{"0":"post-12655","1":"product","2":"type-product","3":"status-publish","4":"has-post-thumbnail","6":"product_brand-prodibio","7":"product_cat-bakteri-kulturleri","9":"first","10":"outofstock","11":"purchasable","12":"product-type-simple"},"brands":[],"_links":{"self":[{"href":"https:\/\/aquabluebursa.com\/en\/wp-json\/wp\/v2\/product\/12655","targetHints":{"allow":["GET"]}}],"collection":[{"href":"https:\/\/aquabluebursa.com\/en\/wp-json\/wp\/v2\/product"}],"about":[{"href":"https:\/\/aquabluebursa.com\/en\/wp-json\/wp\/v2\/types\/product"}],"replies":[{"embeddable":true,"href":"https:\/\/aquabluebursa.com\/en\/wp-json\/wp\/v2\/comments?post=12655"}],"wp:featuredmedia":[{"embeddable":true,"href":"https:\/\/aquabluebursa.com\/en\/wp-json\/wp\/v2\/media\/13183"}],"wp:attachment":[{"href":"https:\/\/aquabluebursa.com\/en\/wp-json\/wp\/v2\/media?parent=12655"}],"wp:term":[{"taxonomy":"pwb-brand","embeddable":true,"href":"https:\/\/aquabluebursa.com\/en\/wp-json\/wp\/v2\/pwb-brand?post=12655"},{"taxonomy":"product_brand","embeddable":true,"href":"https:\/\/aquabluebursa.com\/en\/wp-json\/wp\/v2\/product_brand?post=12655"},{"taxonomy":"product_cat","embeddable":true,"href":"https:\/\/aquabluebursa.com\/en\/wp-json\/wp\/v2\/product_cat?post=12655"},{"taxonomy":"product_tag","embeddable":true,"href":"https:\/\/aquabluebursa.com\/en\/wp-json\/wp\/v2\/product_tag?post=12655"}],"curies":[{"name":"wp","href":"https:\/\/api.w.org\/{rel}","templated":true}]}}