{"id":12656,"date":"2026-03-13T20:20:05","date_gmt":"2026-03-13T20:20:05","guid":{"rendered":"https:\/\/aquabluebursa.com\/magaza\/kategorilenmemis\/prodibio-chloral-reset-100ml\/"},"modified":"2026-03-13T20:20:05","modified_gmt":"2026-03-13T20:20:05","slug":"prodibio-chloral-reset-100ml","status":"publish","type":"product","link":"https:\/\/aquabluebursa.com\/en\/magaza\/katkilar\/prodibio-chloral-reset-100ml\/","title":{"rendered":"Prodibio &#8211; Chloral Reset 100ml"},"content":{"rendered":"<p>&nbsp;<\/p>\n<p class=\"MsoNormal\"><span style=\"font-size: 12pt; line-height: 115%; font-weight: bold;\">Chloral Reset 100ml<br \/>\n<\/span><\/p>\n<p class=\"MsoNormal\"><span style=\"font-size: 12.0pt; line-height: 115%;\">Chloral_Reset tatl\u0131 ve tuzlu su akvaryumlar\u0131 i\u00e7indir.<br \/>\nChloral_Reset normal musluk suyunda kloru ve kloraminleri h\u0131zla n\u00f6tralize eden<br \/>\nbir su d\u00fczenleyicidir. Bir akvaryumu ba\u015flat\u0131rken ve su de\u011fi\u015fimlerindeki<br \/>\nsuyunuzu haz\u0131rlamak\u00a0 i\u00e7in Chloral_Reset<br \/>\nkullanabilirsiniz.<br \/>\n<\/span><\/p>\n<p class=\"MsoNormal\"><span style=\"font-size: 12pt; line-height: 115%; font-weight: bold;\">Chloral Reset bilgileri:<br \/>\n<\/span><\/p>\n<ul>\n<li><span style=\"font-size: 12pt;\">Musluk<br \/>\nsuyunun klor bile\u015fiklerini n\u00f6tralize eden ve uzakla\u015ft\u0131ran bir su<br \/>\nd\u00fczenleyicisidir.<\/span><\/li>\n<li><span style=\"font-size: 12.0pt; line-height: 115%;\">Chloral Reset,<br \/>\ntatl\u0131 su veya tuzlu su akvaryumu i\u00e7in kullan\u0131labilir bir klor veya kloramin ile<br \/>\nar\u0131t\u0131lm\u0131\u015f suyu h\u0131zl\u0131 bir \u015fekilde haz\u0131rlanmas\u0131n\u0131 sa\u011flar.<\/span><\/li>\n<li><span style=\"font-size: 12.0pt; line-height: 115%;\">Bal\u0131\u011f\u0131n<br \/>\nstresini azalt\u0131r.<\/span><\/li>\n<li><span style=\"font-size: 12.0pt; line-height: 115%;\">Solunga\u00e7lar\u0131<br \/>\nve mukoza zarlar\u0131n\u0131 d\u0131\u015f parazit sald\u0131r\u0131lar\u0131na kar\u015f\u0131 korur.<\/span><\/li>\n<li><span style=\"font-size: 12.0pt; line-height: 115%;\">En iyi su<br \/>\nkalitesini sa\u011flar.<\/span><\/li>\n<\/ul>\n<p class=\"MsoNormal\"><span style=\"font-size: 12pt; line-height: 115%; font-weight: bold;\">Chloral Reset ne zaman<br \/>\nkullan\u0131lmal\u0131d\u0131r?<br \/>\n<\/span><\/p>\n<ul>\n<li><span style=\"font-size: 12pt;\">Tatl\u0131 veya<br \/>\ntuzlu su akvaryumu ba\u015flat\u0131rken , musluk suyu haz\u0131rlamak i\u00e7in Chloral Reset<br \/>\nkullan\u0131n.<\/span><\/li>\n<li><span style=\"font-size: 12.0pt; line-height: 115%;\">Su<br \/>\nde\u011fi\u015fimi\u00a0 yaparken (her 15 g\u00fcnde bir<br \/>\ntoplam hacmin 1\/3&#8217;\u00fcn\u00fc de\u011fi\u015ftirin) musluk suyu haz\u0131rlamak i\u00e7in Chloral Reset&#8217;i<br \/>\nkullan\u0131n.<\/span><\/li>\n<\/ul>\n<p class=\"MsoNormal\" style=\"text-indent: 18.0pt;\"><span style=\"font-size: 12.0pt; line-height: 115%;\"><br \/>\n<\/span><\/p>\n<p class=\"MsoNormal\"><span style=\"font-size: 12pt; line-height: 115%; font-weight: bold;\">Akvaryum Hacmi\u00a0 \u00a0 \u00a0 \u00a0 \u00a0 \u00a0 \u00a0 \u00a0 \u00dcr\u00fcn T\u00fcr\u00fc\u00a0 \u00a0 \u00a0 \u00a0 \u00a0 \u00a0 \u00a0 \u00a0 \u00a0 \u00a0Dozaj Miktar\u0131<br \/>\n<\/span><\/p>\n<p class=\"MsoNormal\"><span style=\"font-size: 12.0pt; line-height: 115%;\">0 ila 30<br \/>\nlitre\u00a0 \u00a0 \u00a0 \u00a0 \u00a0 \u00a0 \u00a0 \u00a0 \u00a0 \u00a0 \u00a0 \u00a0 \u00a0 \u00a0nano\u00a0\u00a0\u00a0 \u00a0\u00a0\u00a0\u00a0\u00a0\u00a0\u00a0\u00a0\u00a0\u00a0\u00a0\u00a0\u00a0\u00a0\u00a0\u00a0\u00a0\u00a0\u00a0\u00a0\u00a0\u00a0\u00a0 1<br \/>\nAmp\u00fcl<br \/>\n<\/span><\/p>\n<p class=\"MsoNormal\"><span style=\"font-size: 12.0pt; line-height: 115%;\">30 ila 60<br \/>\nlitre\u00a0\u00a0\u00a0\u00a0\u00a0\u00a0\u00a0\u00a0\u00a0\u00a0\u00a0\u00a0\u00a0\u00a0\u00a0\u00a0\u00a0\u00a0\u00a0\u00a0\u00a0\u00a0\u00a0\u00a0 nano\u00a0\u00a0\u00a0 \u00a0\u00a0\u00a0\u00a0\u00a0\u00a0\u00a0\u00a0\u00a0\u00a0\u00a0\u00a0\u00a0\u00a0\u00a0\u00a0\u00a0\u00a0\u00a0\u00a0\u00a0\u00a0\u00a0 2<br \/>\nAmp\u00fcl<br \/>\n<\/span><\/p>\n<p class=\"MsoNormal\"><span style=\"font-size: 12.0pt; line-height: 115%;\">60 ila 90<br \/>\nlitre\u00a0\u00a0\u00a0\u00a0\u00a0\u00a0\u00a0\u00a0\u00a0\u00a0\u00a0\u00a0\u00a0\u00a0\u00a0\u00a0\u00a0\u00a0\u00a0\u00a0\u00a0\u00a0\u00a0\u00a0 nano\u00a0\u00a0\u00a0 \u00a0\u00a0\u00a0\u00a0\u00a0\u00a0\u00a0\u00a0\u00a0\u00a0\u00a0\u00a0\u00a0\u00a0\u00a0\u00a0\u00a0\u00a0\u00a0\u00a0\u00a0\u00a0\u00a0 3<br \/>\nAmp\u00fcl<br \/>\n<\/span><\/p>\n<p class=\"MsoNormal\"><span style=\"font-size: 12.0pt; line-height: 115%;\">90 ila 120<br \/>\nlitre\u00a0 \u00a0 \u00a0 \u00a0 \u00a0 \u00a0 \u00a0 \u00a0 \u00a0 \u00a0 \u00a0 \u00a0nano\u00a0\u00a0\u00a0 \u00a0\u00a0\u00a0\u00a0\u00a0\u00a0\u00a0\u00a0\u00a0\u00a0\u00a0\u00a0\u00a0\u00a0\u00a0\u00a0\u00a0\u00a0\u00a0\u00a0\u00a0\u00a0\u00a0 4<br \/>\nAmp\u00fcl<br \/>\n<\/span><\/p>\n<p class=\"MsoNormal\"><span style=\"font-size: 12.0pt; line-height: 115%;\">30 ila 60<br \/>\nlitre\u00a0\u00a0\u00a0\u00a0\u00a0\u00a0\u00a0\u00a0\u00a0\u00a0\u00a0\u00a0\u00a0\u00a0\u00a0\u00a0\u00a0\u00a0\u00a0\u00a0\u00a0\u00a0\u00a0\u00a0 Standart\u00a0\u00a0\u00a0\u00a0\u00a0\u00a0\u00a0\u00a0\u00a0 \u00a0\u00a0\u00a0\u00a0\u00a0\u00a0\u00a0\u00a0\u00a0\u00a0\u00a0 1<br \/>\nAmp\u00fcl<br \/>\n<\/span><\/p>\n<p class=\"MsoNormal\"><span style=\"font-size: 12.0pt; line-height: 115%;\">60 ila 120<br \/>\nlitre\u00a0 \u00a0 \u00a0 \u00a0 \u00a0 \u00a0 \u00a0 \u00a0 \u00a0 \u00a0 \u00a0 \u00a0Standart\u00a0\u00a0\u00a0\u00a0\u00a0\u00a0\u00a0\u00a0\u00a0 \u00a0\u00a0\u00a0\u00a0\u00a0\u00a0\u00a0\u00a0\u00a0\u00a0\u00a0 2<br \/>\nAmp\u00fcl<br \/>\n<\/span><\/p>\n<p class=\"MsoNormal\"><span style=\"font-size: 12pt;\">120 ila 180<br \/>\nlitre\u00a0\u00a0\u00a0\u00a0\u00a0\u00a0\u00a0\u00a0\u00a0\u00a0\u00a0\u00a0\u00a0\u00a0\u00a0\u00a0\u00a0\u00a0\u00a0\u00a0 Standart\u00a0\u00a0\u00a0\u00a0\u00a0\u00a0\u00a0\u00a0\u00a0 \u00a0\u00a0\u00a0\u00a0\u00a0\u00a0\u00a0\u00a0\u00a0\u00a0\u00a0 3<br \/>\nAmp\u00fcl<\/span><\/p>\n<p class=\"MsoNormal\" style=\"text-indent: 18.0pt;\">\n<p>&nbsp;<\/p>","protected":false},"excerpt":{"rendered":"<p>&nbsp; Chloral Reset 100ml Chloral_Reset tatl\u0131 ve tuzlu su akvaryumlar\u0131 i\u00e7indir. Chloral_Reset normal musluk suyunda kloru ve kloraminleri h\u0131zla n\u00f6tralize<\/p>","protected":false},"featured_media":13184,"comment_status":"closed","ping_status":"open","template":"","meta":[],"pwb-brand":[],"product_brand":[88],"product_cat":[157],"product_tag":[],"class_list":{"0":"post-12656","1":"product","2":"type-product","3":"status-publish","4":"has-post-thumbnail","6":"product_brand-prodibio","7":"product_cat-katkilar","9":"first","10":"instock","11":"purchasable","12":"product-type-simple"},"brands":[],"_links":{"self":[{"href":"https:\/\/aquabluebursa.com\/en\/wp-json\/wp\/v2\/product\/12656","targetHints":{"allow":["GET"]}}],"collection":[{"href":"https:\/\/aquabluebursa.com\/en\/wp-json\/wp\/v2\/product"}],"about":[{"href":"https:\/\/aquabluebursa.com\/en\/wp-json\/wp\/v2\/types\/product"}],"replies":[{"embeddable":true,"href":"https:\/\/aquabluebursa.com\/en\/wp-json\/wp\/v2\/comments?post=12656"}],"wp:featuredmedia":[{"embeddable":true,"href":"https:\/\/aquabluebursa.com\/en\/wp-json\/wp\/v2\/media\/13184"}],"wp:attachment":[{"href":"https:\/\/aquabluebursa.com\/en\/wp-json\/wp\/v2\/media?parent=12656"}],"wp:term":[{"taxonomy":"pwb-brand","embeddable":true,"href":"https:\/\/aquabluebursa.com\/en\/wp-json\/wp\/v2\/pwb-brand?post=12656"},{"taxonomy":"product_brand","embeddable":true,"href":"https:\/\/aquabluebursa.com\/en\/wp-json\/wp\/v2\/product_brand?post=12656"},{"taxonomy":"product_cat","embeddable":true,"href":"https:\/\/aquabluebursa.com\/en\/wp-json\/wp\/v2\/product_cat?post=12656"},{"taxonomy":"product_tag","embeddable":true,"href":"https:\/\/aquabluebursa.com\/en\/wp-json\/wp\/v2\/product_tag?post=12656"}],"curies":[{"name":"wp","href":"https:\/\/api.w.org\/{rel}","templated":true}]}}