{"id":12658,"date":"2026-03-13T20:20:05","date_gmt":"2026-03-13T20:20:05","guid":{"rendered":"https:\/\/aquabluebursa.com\/magaza\/kategorilenmemis\/prodibio-reef-booster-30-ampul\/"},"modified":"2026-03-13T20:20:05","modified_gmt":"2026-03-13T20:20:05","slug":"prodibio-reef-booster-30-ampul","status":"publish","type":"product","link":"https:\/\/aquabluebursa.com\/en\/magaza\/balik-ve-mercan-besinlerimercan-besinleri\/prodibio-reef-booster-30-ampul\/","title":{"rendered":"Prodibio &#8211; Reef Booster 30 Amp\u00fcl"},"content":{"rendered":"<p>&nbsp;<\/p>\n<p class=\"MsoNormal\"><span style=\"font-size: 12pt; line-height: 115%; font-weight: bold;\">Reef Booster<br \/>\n<\/span><\/p>\n<ul>\n<li><span style=\"font-size: 12pt;\">Reef_Booster, mercanlar ve canl\u0131 kayalar i\u00e7in ince mikro<br \/>\nbesin takviyesidir. <\/span><\/li>\n<\/ul>\n<p class=\"MsoNormal\"><span style=\"font-size: 12pt; line-height: 115%; font-weight: bold;\">Reef Booster bilgileri:<br \/>\n<\/span><\/p>\n<ul>\n<li><span style=\"font-size: 12pt;\">Reef_Booster \u00a0mercanlar<br \/>\nve mikro fuana\u00a0 geli\u015fimine yard\u0131mc\u0131 olur.<\/span><\/li>\n<li><span style=\"font-size: 12.0pt; line-height: 115%;\">T\u00fcm deniz organizmalar\u0131n\u0131n ihtiya\u00e7 duydu\u011fu doymam\u0131\u015f omega3-ya\u011f<br \/>\nasidi gruplar\u0131n\u0131n \u00e7ok y\u00fcksek konsantrasyonlar\u0131n\u0131 i\u00e7erir.<\/span><\/li>\n<li><span style=\"font-size: 12.0pt; line-height: 115%;\">Omurgas\u0131zlar\u0131n ihtiya\u00e7 duydu\u011fu t\u00fcm elementler i\u00e7in \u00a0eksiksiz besin takviyesi.<\/span><\/li>\n<\/ul>\n<p class=\"MsoNormal\"><span style=\"font-size: 12pt; line-height: 115%; font-weight: bold;\">Reef Booster \u00a0ne zaman kullan\u0131lmal\u0131d\u0131r?<\/span><span style=\"font-size: 12.0pt; line-height: 115%;\"><br \/>\n<\/span><\/p>\n<ul>\n<li><span style=\"font-size: 12pt;\">Mercanlar\u0131n\u0131z<br \/>\ngeli\u015fmedi\u011finde <\/span><\/li>\n<li><span style=\"font-size: 12.0pt; line-height: 115%;\">Yak\u0131n<br \/>\nzamanda ithal edilen yem yemeyen bal\u0131klar\u0131n\u0131z\u0131 beslemek i\u00e7in m\u00fckemmel \u00e7\u00f6z\u00fcm<\/span><\/li>\n<\/ul>\n<p class=\"MsoNormal\" style=\"text-indent: 18.0pt;\"><span style=\"font-size: 12.0pt; line-height: 115%;\">\u00a0<\/span><\/p>\n<p class=\"MsoNormal\" style=\"text-indent: 18.0pt;\"><span style=\"font-size: 12pt; line-height: 115%; font-weight: bold;\">Akvaryum hacmi<\/span><span style=\"font-size: 12.0pt; line-height: 115%;\">\u00a0\u00a0\u00a0\u00a0\u00a0\u00a0\u00a0\u00a0\u00a0<span style=\"font-weight: bold;\">\u00dcr\u00fcn T\u00fcr\u00fc<\/span>\u00a0\u00a0\u00a0\u00a0\u00a0\u00a0\u00a0\u00a0\u00a0\u00a0\u00a0\u00a0\u00a0\u00a0\u00a0\u00a0\u00a0\u00a0\u00a0\u00a0\u00a0<span style=\"font-weight: bold;\">Dozaj Miktar\u0131<\/span><br \/>\n<\/span><\/p>\n<p class=\"MsoNormal\" style=\"text-indent: 18.0pt;\"><span style=\"font-size: 12.0pt; line-height: 115%;\">0 &#8211; 60 litre\u00a0\u00a0\u00a0\u00a0\u00a0\u00a0\u00a0\u00a0\u00a0\u00a0\u00a0\u00a0\u00a0\u00a0\u00a0\u00a0\u00a0\u00a0\u00a0\u00a0\u00a0\u00a0\u00a0 nano\u00a0\u00a0\u00a0\u00a0\u00a0\u00a0\u00a0\u00a0\u00a0\u00a0\u00a0\u00a0\u00a0\u00a0\u00a0\u00a0\u00a0\u00a0\u00a0\u00a0\u00a0\u00a0\u00a0\u00a0\u00a0\u00a0 1 Amp\u00fcl \/ 15 g\u00fcn<br \/>\n<\/span><\/p>\n<p class=\"MsoNormal\" style=\"text-indent: 18.0pt;\"><span style=\"font-size: 12.0pt; line-height: 115%;\">61 &#8211; 120 litre\u00a0\u00a0\u00a0\u00a0\u00a0\u00a0\u00a0\u00a0\u00a0\u00a0\u00a0\u00a0\u00a0\u00a0\u00a0\u00a0\u00a0\u00a0\u00a0 nano\u00a0\u00a0\u00a0\u00a0\u00a0\u00a0\u00a0\u00a0\u00a0\u00a0\u00a0\u00a0\u00a0\u00a0\u00a0\u00a0\u00a0\u00a0\u00a0\u00a0\u00a0\u00a0\u00a0\u00a0\u00a0\u00a0 2 Amp\u00fcl \/ 15 g\u00fcn<br \/>\n<\/span><\/p>\n<p class=\"MsoNormal\" style=\"text-indent: 18.0pt;\"><span style=\"font-size: 12.0pt; line-height: 115%;\">121 ila 200 litre\u00a0\u00a0\u00a0\u00a0\u00a0\u00a0\u00a0\u00a0\u00a0\u00a0\u00a0\u00a0\u00a0\u00a0 Standart\u00a0\u00a0\u00a0\u00a0\u00a0\u00a0\u00a0\u00a0\u00a0\u00a0\u00a0\u00a0\u00a0\u00a0\u00a0\u00a0\u00a0\u00a0\u00a0\u00a0\u00a0 1 Amp\u00fcl \/ 15 g\u00fcn<br \/>\n<\/span><\/p>\n<p class=\"MsoNormal\" style=\"text-indent: 18.0pt;\"><span style=\"font-size: 12.0pt; line-height: 115%;\">201 ila 400 litre\u00a0\u00a0\u00a0\u00a0\u00a0\u00a0\u00a0\u00a0\u00a0\u00a0\u00a0\u00a0\u00a0\u00a0 Standart\u00a0\u00a0\u00a0\u00a0\u00a0\u00a0\u00a0\u00a0\u00a0\u00a0\u00a0\u00a0\u00a0\u00a0\u00a0\u00a0\u00a0\u00a0\u00a0\u00a0\u00a0 2 Amp\u00fcl \/ 15 g\u00fcn<br \/>\n<\/span><\/p>\n<p class=\"MsoNormal\" style=\"text-indent: 18.0pt;\"><span style=\"font-size: 12.0pt; line-height: 115%;\">401 ila 600 litre\u00a0\u00a0\u00a0\u00a0\u00a0\u00a0\u00a0\u00a0\u00a0\u00a0\u00a0\u00a0\u00a0\u00a0 Standart\u00a0\u00a0\u00a0\u00a0\u00a0\u00a0\u00a0\u00a0\u00a0\u00a0\u00a0\u00a0\u00a0\u00a0\u00a0\u00a0\u00a0\u00a0\u00a0\u00a0\u00a0 3 Amp\u00fcl \/ 15 g\u00fcn<br \/>\n<\/span><\/p>\n<p class=\"MsoNormal\" style=\"text-indent: 18.0pt;\"><span style=\"font-size: 12.0pt; line-height: 115%;\">601 ila 800 litre\u00a0\u00a0\u00a0\u00a0\u00a0\u00a0\u00a0\u00a0\u00a0\u00a0\u00a0\u00a0\u00a0\u00a0 Standart\u00a0\u00a0\u00a0\u00a0\u00a0\u00a0\u00a0\u00a0\u00a0\u00a0\u00a0\u00a0\u00a0\u00a0\u00a0\u00a0\u00a0\u00a0\u00a0\u00a0\u00a0 4 Amp\u00fcl \/ 15 g\u00fcn<br \/>\n<\/span><\/p>\n<p class=\"MsoNormal\">\u00a0 \u00a0 \u00a0 \u00a0<span style=\"font-size: 12pt; text-indent: 18pt;\">801 ila 1 000 litre\u00a0\u00a0\u00a0\u00a0\u00a0\u00a0\u00a0\u00a0\u00a0\u00a0\u00a0 Standart\u00a0\u00a0\u00a0\u00a0\u00a0\u00a0\u00a0\u00a0\u00a0\u00a0\u00a0\u00a0\u00a0\u00a0\u00a0\u00a0\u00a0\u00a0\u00a0\u00a0\u00a0 5 Amp\u00fcl \/ 15 g\u00fcn<\/span><\/p>\n<p>&nbsp;<\/p>\n<p>&nbsp;<\/p>\n<p class=\"MsoNormal\" style=\"text-align: left; text-indent: 18pt;\">\u00a0&lt;iframe width=&#8221;560&#8243; height=&#8221;315&#8243; src=&#8221;https:\/\/www.youtube.com\/embed\/penDIUlc0ng&#8221; title=&#8221;YouTube video player&#8221; frameborder=&#8221;0&#8243; allow=&#8221;accelerometer; autoplay; clipboard-write; encrypted-media; gyroscope; picture-in-picture&#8221; allowfullscreen&gt;&lt;\/iframe&gt;<\/p>\n<p class=\"MsoNormal\" style=\"text-indent: 18.0pt;\">","protected":false},"excerpt":{"rendered":"<p>&nbsp; Reef Booster Reef_Booster, mercanlar ve canl\u0131 kayalar i\u00e7in ince mikro besin takviyesidir. Reef Booster bilgileri: Reef_Booster \u00a0mercanlar ve mikro<\/p>","protected":false},"featured_media":13186,"comment_status":"closed","ping_status":"open","template":"","meta":[],"pwb-brand":[],"product_brand":[88],"product_cat":[164],"product_tag":[],"class_list":{"0":"post-12658","1":"product","2":"type-product","3":"status-publish","4":"has-post-thumbnail","6":"product_brand-prodibio","7":"product_cat-balik-ve-mercan-besinlerimercan-besinleri","9":"first","10":"outofstock","11":"purchasable","12":"product-type-simple"},"brands":[],"_links":{"self":[{"href":"https:\/\/aquabluebursa.com\/en\/wp-json\/wp\/v2\/product\/12658","targetHints":{"allow":["GET"]}}],"collection":[{"href":"https:\/\/aquabluebursa.com\/en\/wp-json\/wp\/v2\/product"}],"about":[{"href":"https:\/\/aquabluebursa.com\/en\/wp-json\/wp\/v2\/types\/product"}],"replies":[{"embeddable":true,"href":"https:\/\/aquabluebursa.com\/en\/wp-json\/wp\/v2\/comments?post=12658"}],"wp:featuredmedia":[{"embeddable":true,"href":"https:\/\/aquabluebursa.com\/en\/wp-json\/wp\/v2\/media\/13186"}],"wp:attachment":[{"href":"https:\/\/aquabluebursa.com\/en\/wp-json\/wp\/v2\/media?parent=12658"}],"wp:term":[{"taxonomy":"pwb-brand","embeddable":true,"href":"https:\/\/aquabluebursa.com\/en\/wp-json\/wp\/v2\/pwb-brand?post=12658"},{"taxonomy":"product_brand","embeddable":true,"href":"https:\/\/aquabluebursa.com\/en\/wp-json\/wp\/v2\/product_brand?post=12658"},{"taxonomy":"product_cat","embeddable":true,"href":"https:\/\/aquabluebursa.com\/en\/wp-json\/wp\/v2\/product_cat?post=12658"},{"taxonomy":"product_tag","embeddable":true,"href":"https:\/\/aquabluebursa.com\/en\/wp-json\/wp\/v2\/product_tag?post=12658"}],"curies":[{"name":"wp","href":"https:\/\/api.w.org\/{rel}","templated":true}]}}