{"id":12659,"date":"2026-03-13T20:20:08","date_gmt":"2026-03-13T20:20:08","guid":{"rendered":"https:\/\/aquabluebursa.com\/magaza\/kategorilenmemis\/prodibio-coral-vits-30-ampul\/"},"modified":"2026-03-13T20:20:08","modified_gmt":"2026-03-13T20:20:08","slug":"prodibio-coral-vits-30-ampul","status":"publish","type":"product","link":"https:\/\/aquabluebursa.com\/en\/magaza\/katkilar\/prodibio-coral-vits-30-ampul\/","title":{"rendered":"Prodibio &#8211; Coral Vits 30 Amp\u00fcl"},"content":{"rendered":"<div>\n<p class=\"MsoNormal\"><span style=\"font-size: 12pt; line-height: 115%; font-weight: bold;\">Coral Vits<br \/>\n<\/span><\/p>\n<p class=\"MsoNormal\"><span style=\"font-size: 12.0pt; line-height: 115%;\">Coral Vits,<br \/>\nmercanlar\u0131n iyi geli\u015fmesi i\u00e7in tam bir multi vitamin takviyesidir.<br \/>\n<\/span><\/p>\n<p class=\"MsoNormal\"><span style=\"font-size: 12pt; line-height: 115%; font-weight: bold;\">Coral Vits bilgileri:<\/span><span style=\"font-size: 12.0pt; line-height: 115%;\"><br \/>\n<\/span><\/p>\n<ul>\n<li><span style=\"font-size: 12pt;\">Mercan ve<br \/>\nBal\u0131klar\u0131n b\u00fcy\u00fcme ve geli\u015fmeleri i\u00e7in gerekli olan t\u00fcm vitaminleri optimum<br \/>\nolarak sa\u011flar.<\/span><\/li>\n<li><span style=\"font-size: 12.0pt; line-height: 115%;\">Coral_Vits\u00a0 , suda \u00e7\u00f6z\u00fcn\u00fcr vitaminleri ve lipofilik<br \/>\nvitaminleri ayn\u0131 \u015fi\u015feye dahil etmek i\u00e7in patentli Neogoutte\u00ae teknolojisini<br \/>\nkullan\u0131r.<\/span><\/li>\n<li><span style=\"font-size: 12.0pt; line-height: 115%;\">Coral_Vits\u00a0 doku onar\u0131m\u0131n\u0131 h\u0131zland\u0131r\u0131r ve stresi azalt\u0131r.<\/span><\/li>\n<li><span style=\"font-size: 12.0pt; line-height: 115%;\">Mercanlar\u0131n<br \/>\noptimum b\u00fcy\u00fcmelerine \u00a0yard\u0131mc\u0131 olmak i\u00e7in<br \/>\nReef Booster ile ayn\u0131 anda eklenebilir .<\/span><\/li>\n<li><span style=\"font-size: 12.0pt; line-height: 115%;\">Mercanlar,<br \/>\nbal\u0131klar ve omurgas\u0131zlar ihtiya\u00e7 duyduklar\u0131 t\u00fcm vitaminleri yeterli miktarlarda<br \/>\nsentezleyemezler. Bu nedenle, fotosentetik organizmalar\u0131 i\u00e7in \u00a0g\u0131da ile desteklenmeleri gerekir .<\/span><\/li>\n<\/ul>\n<p class=\"MsoNormal\"><span style=\"font-weight: bold;\"><span style=\"font-size: 12pt; line-height: 115%;\">Coral Vits ne zaman kullan\u0131lmal\u0131d\u0131r?<\/span><\/span><span style=\"font-size: 12.0pt; line-height: 115%;\"><br \/>\n<\/span><\/p>\n<ul>\n<li><span style=\"font-size: 12pt;\">Resif<br \/>\nakvaryumunda mercan \u00fcremesinin art\u0131\u011f\u0131 zamanlarda.<\/span><\/li>\n<li><span style=\"font-size: 12.0pt; line-height: 115%;\">Mercanlar\u0131n<br \/>\nd\u00fczenli olarak geli\u015fmelerini sa\u011flamak\u00a0i\u00e7in.<\/span><\/li>\n<li><span style=\"font-size: 12.0pt; line-height: 115%;\">Coral_Vits \u00a0her 15 g\u00fcnde bir Reef Booster beraber<br \/>\nkullanabilirsiniz.<\/span><\/li>\n<\/ul>\n<hr \/>\n<p class=\"MsoNormal\" style=\"text-indent: 18.0pt;\"><span style=\"font-size: 12.0pt; line-height: 115%;\">\u00a0<\/span><\/p>\n<p class=\"MsoNormal\"><span style=\"font-size: 12pt; line-height: 115%; font-weight: bold;\">Akvaryum Hacmi\u00a0 \u00a0 \u00a0 \u00a0\u00dcr\u00fcn T\u00fcr\u00fc\u00a0 \u00a0 \u00a0 \u00a0 \u00a0 \u00a0 \u00a0 \u00a0 \u00a0Dozaj Miktar\u0131<br \/>\n<\/span><\/p>\n<p class=\"MsoNormal\"><span style=\"font-size: 12.0pt; line-height: 115%;\">120 &#8211; 200<br \/>\nlitre\u00a0\u00a0\u00a0\u00a0\u00a0\u00a0\u00a0\u00a0\u00a0\u00a0\u00a0 \u00a0 Standart\u00a0\u00a0\u00a0\u00a0\u00a0\u00a0\u00a0\u00a0\u00a0\u00a0\u00a0\u00a0\u00a0\u00a0\u00a0\u00a0\u00a0\u00a0\u00a0 1<br \/>\nAmp\u00fcl \/ 15 g\u00fcn<br \/>\n<\/span><\/p>\n<p class=\"MsoNormal\"><span style=\"font-size: 12.0pt; line-height: 115%;\">200 &#8211; 400<br \/>\nlitre\u00a0\u00a0\u00a0\u00a0\u00a0\u00a0\u00a0\u00a0\u00a0\u00a0\u00a0 \u00a0 Standart\u00a0\u00a0\u00a0\u00a0\u00a0\u00a0\u00a0\u00a0\u00a0\u00a0\u00a0\u00a0\u00a0\u00a0\u00a0\u00a0\u00a0\u00a0\u00a0 2<br \/>\nAmp\u00fcl \/ 15 g\u00fcn<br \/>\n<\/span><\/p>\n<p class=\"MsoNormal\"><span style=\"font-size: 12.0pt; line-height: 115%;\">400 &#8211; 600<br \/>\nlitre\u00a0\u00a0\u00a0\u00a0\u00a0\u00a0\u00a0\u00a0\u00a0\u00a0\u00a0 \u00a0 Standart\u00a0\u00a0\u00a0\u00a0\u00a0\u00a0\u00a0\u00a0\u00a0\u00a0\u00a0\u00a0\u00a0\u00a0\u00a0\u00a0\u00a0\u00a0\u00a0 3<br \/>\nAmp\u00fcl \/ 15 g\u00fcn<br \/>\n<\/span><\/p>\n<p class=\"MsoNormal\"><span style=\"font-size: 12.0pt; line-height: 115%;\">600 &#8211; 800<br \/>\nlitre\u00a0\u00a0\u00a0\u00a0\u00a0\u00a0\u00a0\u00a0\u00a0\u00a0\u00a0 \u00a0 Standart\u00a0\u00a0\u00a0\u00a0\u00a0\u00a0\u00a0\u00a0\u00a0\u00a0\u00a0\u00a0\u00a0\u00a0\u00a0\u00a0\u00a0\u00a0\u00a0 4<br \/>\nAmp\u00fcl \/ 15 g\u00fcn<br \/>\n<\/span><\/p>\n<p class=\"MsoNormal\"><span style=\"font-size: 12pt; line-height: 115%;\"><span style=\"font-size: 12pt;\">800 &#8211; 1000<br \/>\nlitre<\/span><span style=\"font-size: 12pt;\">\u00a0\u00a0\u00a0\u00a0\u00a0\u00a0\u00a0\u00a0\u00a0 <\/span><span style=\"font-size: 12pt;\">\u00a0 <\/span><span style=\"font-size: 12pt;\">Standart<\/span><span style=\"font-size: 12pt;\">\u00a0\u00a0\u00a0\u00a0\u00a0\u00a0\u00a0\u00a0\u00a0\u00a0\u00a0\u00a0\u00a0\u00a0\u00a0\u00a0\u00a0\u00a0\u00a0 <\/span><span style=\"font-size: 12pt;\">5<br \/>\nAmp\u00fcl \/ 15 g\u00fcn<\/span>\u00a0<\/span><\/p>\n<\/div>","protected":false},"excerpt":{"rendered":"<p>Coral Vits Coral Vits, mercanlar\u0131n iyi geli\u015fmesi i\u00e7in tam bir multi vitamin takviyesidir. Coral Vits bilgileri: Mercan ve Bal\u0131klar\u0131n b\u00fcy\u00fcme<\/p>","protected":false},"featured_media":13187,"comment_status":"closed","ping_status":"open","template":"","meta":[],"pwb-brand":[],"product_brand":[88],"product_cat":[157],"product_tag":[],"class_list":{"0":"post-12659","1":"product","2":"type-product","3":"status-publish","4":"has-post-thumbnail","6":"product_brand-prodibio","7":"product_cat-katkilar","9":"first","10":"outofstock","11":"purchasable","12":"product-type-simple"},"brands":[],"_links":{"self":[{"href":"https:\/\/aquabluebursa.com\/en\/wp-json\/wp\/v2\/product\/12659","targetHints":{"allow":["GET"]}}],"collection":[{"href":"https:\/\/aquabluebursa.com\/en\/wp-json\/wp\/v2\/product"}],"about":[{"href":"https:\/\/aquabluebursa.com\/en\/wp-json\/wp\/v2\/types\/product"}],"replies":[{"embeddable":true,"href":"https:\/\/aquabluebursa.com\/en\/wp-json\/wp\/v2\/comments?post=12659"}],"wp:featuredmedia":[{"embeddable":true,"href":"https:\/\/aquabluebursa.com\/en\/wp-json\/wp\/v2\/media\/13187"}],"wp:attachment":[{"href":"https:\/\/aquabluebursa.com\/en\/wp-json\/wp\/v2\/media?parent=12659"}],"wp:term":[{"taxonomy":"pwb-brand","embeddable":true,"href":"https:\/\/aquabluebursa.com\/en\/wp-json\/wp\/v2\/pwb-brand?post=12659"},{"taxonomy":"product_brand","embeddable":true,"href":"https:\/\/aquabluebursa.com\/en\/wp-json\/wp\/v2\/product_brand?post=12659"},{"taxonomy":"product_cat","embeddable":true,"href":"https:\/\/aquabluebursa.com\/en\/wp-json\/wp\/v2\/product_cat?post=12659"},{"taxonomy":"product_tag","embeddable":true,"href":"https:\/\/aquabluebursa.com\/en\/wp-json\/wp\/v2\/product_tag?post=12659"}],"curies":[{"name":"wp","href":"https:\/\/api.w.org\/{rel}","templated":true}]}}