{"id":12660,"date":"2026-03-13T20:20:08","date_gmt":"2026-03-13T20:20:08","guid":{"rendered":"https:\/\/aquabluebursa.com\/magaza\/kategorilenmemis\/prodibio-iodi-30-ampul\/"},"modified":"2026-03-13T20:20:09","modified_gmt":"2026-03-13T20:20:09","slug":"prodibio-iodi-30-ampul","status":"publish","type":"product","link":"https:\/\/aquabluebursa.com\/en\/magaza\/katkilar\/prodibio-iodi-30-ampul\/","title":{"rendered":"Prodibio &#8211; Iodi+ 30 Amp\u00fcl"},"content":{"rendered":"<div><span style=\"font-weight: bold;\">Prodibio &#8211; Iodi+ 30 Amp\u00fcl<\/span><\/div>\n<div><\/div>\n<div>\n<div>Canl\u0131lar\u0131n\u0131z i\u00e7in Iodi en de\u011ferli kaynaklardan birisidir, mercan akvaryumlar\u0131 i\u00e7in do\u011fada eser miktarda bulunan ancak canl\u0131n\u0131n ya\u015famas\u0131 i\u00e7in gerekli bir elementtir, akvaryum gibi kapal\u0131 ortamlarda mercan geli\u015fimi i\u00e7in hayati \u00f6nem ta\u015f\u0131r<\/div>\n<div><\/div>\n<div>Her ampul 76 mg \u00a0Iodi i\u00e7erir, sert mercanlar\u0131n renklenmesi ve geli\u015fimi i\u00e7in gerekli t\u00fcm iodine formlar\u0131n\u0131 i\u00e7eren iodite\/iyod\u00fcr konsantrasyonu olarak haz\u0131rlanm\u0131\u015ft\u0131r<\/div>\n<div><\/div>\n<div>T\u00fcm mercanlar\u0131n geli\u015fiminde olu\u015fumunda rol al\u0131r, \u0131\u015f\u0131k de\u011fi\u015fiklerine uyum sa\u011flamalar\u0131na yard\u0131mc\u0131 olur,<\/div>\n<div><\/div>\n<div>Iodi+ a\u015f\u0131r\u0131 \u0131\u015f\u0131k alt\u0131nda zooxanthellae&#8217;lerin \u00fcretti\u011fi fazla oksijeni n\u00f6tralize ederek mercanlar\u0131n beyazla\u015farak ani \u00f6l\u00fcmlerine engel olur,<\/div>\n<div><\/div>\n<div>Kullan\u0131m\u0131:<\/div>\n<div>Kullanmadan \u00f6nce iyice \u00e7alkalay\u0131n\u0131z,<\/div>\n<div>Her 15 g\u00fcnde bir 200 LT i\u00e7in 1 ampul<\/div>\n<div>Nano range i\u00e7in 15 g\u00fcnde 60 LT 1 ampul.<\/div>\n<\/div>","protected":false},"excerpt":{"rendered":"<p>Prodibio &#8211; Iodi+ 30 Amp\u00fcl Canl\u0131lar\u0131n\u0131z i\u00e7in Iodi en de\u011ferli kaynaklardan birisidir, mercan akvaryumlar\u0131 i\u00e7in do\u011fada eser miktarda bulunan ancak<\/p>","protected":false},"featured_media":13188,"comment_status":"closed","ping_status":"open","template":"","meta":[],"pwb-brand":[],"product_brand":[88],"product_cat":[157],"product_tag":[],"class_list":{"0":"post-12660","1":"product","2":"type-product","3":"status-publish","4":"has-post-thumbnail","6":"product_brand-prodibio","7":"product_cat-katkilar","9":"first","10":"outofstock","11":"purchasable","12":"product-type-simple"},"brands":[],"_links":{"self":[{"href":"https:\/\/aquabluebursa.com\/en\/wp-json\/wp\/v2\/product\/12660","targetHints":{"allow":["GET"]}}],"collection":[{"href":"https:\/\/aquabluebursa.com\/en\/wp-json\/wp\/v2\/product"}],"about":[{"href":"https:\/\/aquabluebursa.com\/en\/wp-json\/wp\/v2\/types\/product"}],"replies":[{"embeddable":true,"href":"https:\/\/aquabluebursa.com\/en\/wp-json\/wp\/v2\/comments?post=12660"}],"wp:featuredmedia":[{"embeddable":true,"href":"https:\/\/aquabluebursa.com\/en\/wp-json\/wp\/v2\/media\/13188"}],"wp:attachment":[{"href":"https:\/\/aquabluebursa.com\/en\/wp-json\/wp\/v2\/media?parent=12660"}],"wp:term":[{"taxonomy":"pwb-brand","embeddable":true,"href":"https:\/\/aquabluebursa.com\/en\/wp-json\/wp\/v2\/pwb-brand?post=12660"},{"taxonomy":"product_brand","embeddable":true,"href":"https:\/\/aquabluebursa.com\/en\/wp-json\/wp\/v2\/product_brand?post=12660"},{"taxonomy":"product_cat","embeddable":true,"href":"https:\/\/aquabluebursa.com\/en\/wp-json\/wp\/v2\/product_cat?post=12660"},{"taxonomy":"product_tag","embeddable":true,"href":"https:\/\/aquabluebursa.com\/en\/wp-json\/wp\/v2\/product_tag?post=12660"}],"curies":[{"name":"wp","href":"https:\/\/api.w.org\/{rel}","templated":true}]}}