{"id":12666,"date":"2026-03-13T20:20:15","date_gmt":"2026-03-13T20:20:15","guid":{"rendered":"https:\/\/aquabluebursa.com\/magaza\/kategorilenmemis\/grotech-nitrat-plus-500-ml\/"},"modified":"2026-03-13T20:20:15","modified_gmt":"2026-03-13T20:20:15","slug":"grotech-nitrat-plus-500-ml","status":"publish","type":"product","link":"https:\/\/aquabluebursa.com\/en\/magaza\/katkilar\/grotech-nitrat-plus-500-ml\/","title":{"rendered":"GroTech &#8211; Nitrat plus 500 ml"},"content":{"rendered":"<div><span style=\"font-size: 18.6667px;\">GroTech &#8211; Nitrat plus 500 ml<\/span><\/div>\n<div><span style=\"font-size: medium;\">\u00a0<\/span><\/div>\n<div>\n<div>\n<div class=\"desc\" style=\"box-sizing: border-box; overflow-wrap: break-word; word-break: break-word;\">\n<p style=\"box-sizing: border-box; margin: 0px 0px 10px;\"><span style=\"font-size: 18.6667px; color: #313131;\">The solution for a quick increase of the nitrate (NO3) value<\/span><\/p>\n<p style=\"box-sizing: border-box; margin: 0px 0px 10px;\"><span style=\"font-size: 18.6667px; color: #313131;\">\u00a0<\/span><\/p>\n<p style=\"box-sizing: border-box; margin: 0px 0px 10px;\"><span style=\"font-size: 18.6667px; color: #313131;\">Modern and efficient filtering methods and quick coral growth often lead to an insufficient amount of nitrogen (NO3 \/ nitrate deficiency) in the marine water aquarium.<\/span><\/p>\n<p style=\"box-sizing: border-box; margin: 0px 0px 10px;\"><span style=\"font-size: 18.6667px; color: #313131;\">The consequence &#8211; a mitigated or non existant coral growth<\/span><\/p>\n<p style=\"box-sizing: border-box; margin: 0px 0px 10px;\"><span style=\"font-size: 18.6667px; color: #313131;\">The optimum values for the respective type of Aquarium are as follows:<\/span><\/p>\n<p style=\"box-sizing: border-box; margin: 0px 0px 10px;\"><span style=\"font-size: 18.6667px; color: #313131;\">-reef aquarium: 2 &#8211; 10mg NO3\/l.<\/span><\/p>\n<p style=\"box-sizing: border-box; margin: 0px 0px 10px;\"><span style=\"font-size: 18.6667px; color: #313131;\">-SPS-tanks 2mg NO3\/l<\/span><\/p>\n<p style=\"box-sizing: border-box; margin: 0px 0px 10px;\"><span style=\"font-size: 18.6667px; color: #313131;\">-LPS, anemones, soft and leather coral -tanks: 10mg NO3\/l.<\/span><\/p>\n<p style=\"box-sizing: border-box; margin: 0px 0px 10px;\"><span style=\"font-size: 18.6667px; color: #313131;\">\u00a0<\/span><\/p>\n<p style=\"box-sizing: border-box; margin: 0px 0px 10px;\"><span style=\"font-size: 18.6667px; color: #313131;\">With Nitrat plus the desired nitrate value can be achieved quickly and easily.<\/span><\/p>\n<p style=\"box-sizing: border-box; margin: 0px 0px 10px;\"><span style=\"font-size: 18.6667px; color: #313131;\">Dosing:<\/span><\/p>\n<p style=\"box-sizing: border-box; margin: 0px 0px 10px;\"><span style=\"font-size: 18.6667px; color: #313131;\">1 ml Nitrat plus increase the nitrate content by 1 mg\/L per 100 L aquarium water.<\/span><\/p>\n<p style=\"box-sizing: border-box; margin: 0px 0px 10px;\"><span style=\"font-size: 18.6667px; color: #313131;\">A higher increase should be adjusted step by step over the course of a few days.<\/span><\/p>\n<p style=\"box-sizing: border-box; margin: 0px 0px 10px;\"><span style=\"font-size: 18.6667px; color: #313131;\">In order to keep up a perpetual level of nitrate, it is recommended to use a GROTECH dosing pumps for daily dosing.<\/span><\/p>\n<p style=\"box-sizing: border-box; margin: 0px 0px 10px;\"><span style=\"font-size: 18.6667px; color: #313131;\">\u00a0<\/span><\/p>\n<p style=\"box-sizing: border-box; margin: 0px 0px 10px;\"><span style=\"font-size: 18.6667px; color: #313131;\">Contains : H2O\/ Natriumnitrat (NaNO3)<\/span><\/p>\n<\/div>\n<\/div>\n<div><span style=\"font-size: medium;\">\u0130\u00c7MEY\u0130N\u0130Z ! \u00c7OCUKLARDAN UZAK TUTUNUZ ! DER\u0130 TEMASINA \u0130Z\u0130N VERMEY\u0130N\u0130Z !<\/span><\/div>\n<div><\/div>\n<\/div>","protected":false},"excerpt":{"rendered":"<p>GroTech &#8211; Nitrat plus 500 ml \u00a0 The solution for a quick increase of the nitrate (NO3) value \u00a0 Modern<\/p>","protected":false},"featured_media":13199,"comment_status":"closed","ping_status":"open","template":"","meta":[],"pwb-brand":[],"product_brand":[94],"product_cat":[157],"product_tag":[],"class_list":{"0":"post-12666","1":"product","2":"type-product","3":"status-publish","4":"has-post-thumbnail","6":"product_brand-grotech","7":"product_cat-katkilar","9":"first","10":"outofstock","11":"purchasable","12":"product-type-simple"},"brands":[],"_links":{"self":[{"href":"https:\/\/aquabluebursa.com\/en\/wp-json\/wp\/v2\/product\/12666","targetHints":{"allow":["GET"]}}],"collection":[{"href":"https:\/\/aquabluebursa.com\/en\/wp-json\/wp\/v2\/product"}],"about":[{"href":"https:\/\/aquabluebursa.com\/en\/wp-json\/wp\/v2\/types\/product"}],"replies":[{"embeddable":true,"href":"https:\/\/aquabluebursa.com\/en\/wp-json\/wp\/v2\/comments?post=12666"}],"wp:featuredmedia":[{"embeddable":true,"href":"https:\/\/aquabluebursa.com\/en\/wp-json\/wp\/v2\/media\/13199"}],"wp:attachment":[{"href":"https:\/\/aquabluebursa.com\/en\/wp-json\/wp\/v2\/media?parent=12666"}],"wp:term":[{"taxonomy":"pwb-brand","embeddable":true,"href":"https:\/\/aquabluebursa.com\/en\/wp-json\/wp\/v2\/pwb-brand?post=12666"},{"taxonomy":"product_brand","embeddable":true,"href":"https:\/\/aquabluebursa.com\/en\/wp-json\/wp\/v2\/product_brand?post=12666"},{"taxonomy":"product_cat","embeddable":true,"href":"https:\/\/aquabluebursa.com\/en\/wp-json\/wp\/v2\/product_cat?post=12666"},{"taxonomy":"product_tag","embeddable":true,"href":"https:\/\/aquabluebursa.com\/en\/wp-json\/wp\/v2\/product_tag?post=12666"}],"curies":[{"name":"wp","href":"https:\/\/api.w.org\/{rel}","templated":true}]}}