{"id":12668,"date":"2026-03-13T20:20:18","date_gmt":"2026-03-13T20:20:18","guid":{"rendered":"https:\/\/aquabluebursa.com\/magaza\/kategorilenmemis\/grotech-calcium-pro-pure-2500g\/"},"modified":"2026-03-13T20:20:18","modified_gmt":"2026-03-13T20:20:18","slug":"grotech-calcium-pro-pure-2500g","status":"publish","type":"product","link":"https:\/\/aquabluebursa.com\/en\/magaza\/katkilar\/grotech-calcium-pro-pure-2500g\/","title":{"rendered":"GroTech &#8211; Calcium Pro Pure 2500g"},"content":{"rendered":"<div><span style=\"font-size: 14pt;\">GroTech &#8211; Calcium Pro Pure 2500g<\/span><\/div>\n<div><span style=\"font-size: medium;\">\u00a0<\/span><\/div>\n<div>\n<div>\n<div class=\"desc\" style=\"box-sizing: border-box; overflow-wrap: break-word; word-break: break-word;\">\n<p style=\"color: #313131; box-sizing: border-box; margin: 0px 0px 10px;\">\n<p style=\"box-sizing: border-box; margin: 0px 0px 10px;\"><span style=\"color: #313131; font-size: 14pt;\">Calcium pro pure is pure Calciumchorid.<\/span><\/p>\n<p style=\"box-sizing: border-box; margin: 0px 0px 10px;\"><span style=\"color: #313131; font-size: 14pt;\">It either could be used to mix a basic solution or added directly into the aquarium.<\/span><\/p>\n<p style=\"box-sizing: border-box; margin: 0px 0px 10px;\"><span style=\"color: #313131;\">\u00a0<\/span><\/p>\n<p style=\"box-sizing: border-box; margin: 0px 0px 10px;\"><span style=\"color: #313131; font-size: 14pt;\">Mixing of a basic solution:<\/span><\/p>\n<p style=\"box-sizing: border-box; margin: 0px 0px 10px;\"><span style=\"color: #313131; font-size: 14pt;\">Fill 750g Calcium pro pure in a measuring cap and add RO water up to 2000ml.<\/span><\/p>\n<p style=\"box-sizing: border-box; margin: 0px 0px 10px;\"><span style=\"color: #313131; font-size: 14pt;\">This solution conains 135000 mg\/ Liter Calcium (Ca).<\/span><\/p>\n<p style=\"box-sizing: border-box; margin: 0px 0px 10px;\"><span style=\"color: #313131; font-size: 14pt;\">By adding of 7,4 ml of this basic solution the Ca-content will raise approx. by 10 mg per 100 liter aquarium water.<\/span><\/p>\n<p style=\"box-sizing: border-box; margin: 0px 0px 10px;\"><span style=\"color: #313131;\">\u00a0<\/span><\/p>\n<p style=\"box-sizing: border-box; margin: 0px 0px 10px;\"><span style=\"color: #313131; font-size: 14pt;\">Direct dosing:<\/span><\/p>\n<p style=\"box-sizing: border-box; margin: 0px 0px 10px;\"><span style=\"color: #313131; font-size: 14pt;\">1 measuring spoon (abt. 6,5g) results in an increase of the calcium content by abt. 24mg \/l per 100 liter aquarium water.<\/span><\/p>\n<p style=\"box-sizing: border-box; margin: 0px 0px 10px;\"><span style=\"color: #313131;\">\u00a0<\/span><\/p>\n<p style=\"box-sizing: border-box; margin: 0px 0px 10px;\"><span style=\"color: #313131; font-size: 14pt;\">Calcium content:<\/span><\/p>\n<p style=\"box-sizing: border-box; margin: 0px 0px 10px;\"><span style=\"color: #313131; font-size: 14pt;\">750 g Calcium pro pure (CaCl2) = 1000 g Calciumchlorid Dihydrat (CaCl2 x 2 H2O)<\/span><\/p>\n<p style=\"box-sizing: border-box; margin: 0px 0px 10px;\">\n<\/div>\n<\/div>\n<div><span style=\"font-size: medium;\">\u0130\u00c7MEY\u0130N\u0130Z ! \u00c7OCUKLARDAN UZAK TUTUNUZ ! DER\u0130 TEMASINA \u0130Z\u0130N VERMEY\u0130N\u0130Z !<\/span><\/div>\n<div><\/div>\n<\/div>","protected":false},"excerpt":{"rendered":"<p>GroTech &#8211; Calcium Pro Pure 2500g \u00a0 Calcium pro pure is pure Calciumchorid. It either could be used to mix<\/p>","protected":false},"featured_media":13201,"comment_status":"closed","ping_status":"open","template":"","meta":[],"pwb-brand":[],"product_brand":[94],"product_cat":[157],"product_tag":[],"class_list":{"0":"post-12668","1":"product","2":"type-product","3":"status-publish","4":"has-post-thumbnail","6":"product_brand-grotech","7":"product_cat-katkilar","9":"first","10":"outofstock","11":"purchasable","12":"product-type-simple"},"brands":[],"_links":{"self":[{"href":"https:\/\/aquabluebursa.com\/en\/wp-json\/wp\/v2\/product\/12668","targetHints":{"allow":["GET"]}}],"collection":[{"href":"https:\/\/aquabluebursa.com\/en\/wp-json\/wp\/v2\/product"}],"about":[{"href":"https:\/\/aquabluebursa.com\/en\/wp-json\/wp\/v2\/types\/product"}],"replies":[{"embeddable":true,"href":"https:\/\/aquabluebursa.com\/en\/wp-json\/wp\/v2\/comments?post=12668"}],"wp:featuredmedia":[{"embeddable":true,"href":"https:\/\/aquabluebursa.com\/en\/wp-json\/wp\/v2\/media\/13201"}],"wp:attachment":[{"href":"https:\/\/aquabluebursa.com\/en\/wp-json\/wp\/v2\/media?parent=12668"}],"wp:term":[{"taxonomy":"pwb-brand","embeddable":true,"href":"https:\/\/aquabluebursa.com\/en\/wp-json\/wp\/v2\/pwb-brand?post=12668"},{"taxonomy":"product_brand","embeddable":true,"href":"https:\/\/aquabluebursa.com\/en\/wp-json\/wp\/v2\/product_brand?post=12668"},{"taxonomy":"product_cat","embeddable":true,"href":"https:\/\/aquabluebursa.com\/en\/wp-json\/wp\/v2\/product_cat?post=12668"},{"taxonomy":"product_tag","embeddable":true,"href":"https:\/\/aquabluebursa.com\/en\/wp-json\/wp\/v2\/product_tag?post=12668"}],"curies":[{"name":"wp","href":"https:\/\/api.w.org\/{rel}","templated":true}]}}