{"id":12670,"date":"2026-03-13T20:20:18","date_gmt":"2026-03-13T20:20:18","guid":{"rendered":"https:\/\/aquabluebursa.com\/magaza\/kategorilenmemis\/grotech-carbonat-pro-pure-1000g\/"},"modified":"2026-03-13T20:20:19","modified_gmt":"2026-03-13T20:20:19","slug":"grotech-carbonat-pro-pure-1000g","status":"publish","type":"product","link":"https:\/\/aquabluebursa.com\/en\/magaza\/katkilar\/grotech-carbonat-pro-pure-1000g\/","title":{"rendered":"GroTech &#8211; Carbonat Pro Pure 1000g"},"content":{"rendered":"<div><span style=\"font-size: 14pt;\">GroTech &#8211; Carbonat Pro Pure 1000g<\/span><\/div>\n<div><span style=\"font-size: medium;\">\u00a0<\/span><\/div>\n<div>\n<div>\n<div class=\"desc\" style=\"box-sizing: border-box; overflow-wrap: break-word; word-break: break-word; color: #313131;\">\n<p style=\"box-sizing: border-box; margin: 0px 0px 10px;\"><span style=\"font-size: 14pt;\">Carbonat pro pure<br style=\"box-sizing: border-box;\" \/>Immediately available carbonate hardness + pH buffer<\/span><\/p>\n<p style=\"box-sizing: border-box; margin: 0px 0px 10px;\"><span style=\"font-size: 14pt;\">Carbonat pro pure is pure Natriumhydrogencarbonat for easy and quick increase of the carbonate hardness.<br style=\"box-sizing: border-box;\" \/>It either could be used to mix a basic solution or added directly into the aquarium.<\/span><\/p>\n<p style=\"box-sizing: border-box; margin: 0px 0px 10px;\"><span style=\"font-size: large;\">Mixing of a basic solution:<br style=\"box-sizing: border-box;\" \/>Fill 160g Carbonat pro pure in a measuring cap and add RO water up to 2000ml.<br style=\"box-sizing: border-box;\" \/>By adding of 38 ml of this basic solution the kH-content will raise approx. by 1\u00b0dKH per 100 liter aquarium water.<\/span><\/p>\n<p style=\"box-sizing: border-box; margin: 0px 0px 10px;\"><span style=\"font-size: large;\">Direct dosing:<br style=\"box-sizing: border-box;\" \/>1 measuring spoon (abt. 9g) results in an increase of the carbonate hardness of abt. 3\u00b0dKH \/l per 100 liter aquarium water.<\/span><\/p>\n<div style=\"font-size: 14px;\"><\/div>\n<\/div>\n<\/div>\n<div><span style=\"font-size: medium;\">\u00a0<\/span><\/div>\n<div><span style=\"font-size: medium;\">\u0130\u00c7MEY\u0130N\u0130Z ! \u00c7O\u00c7UKLARDAN UZAK TUTUNUZ ! DER\u0130 TEMASINA \u0130Z\u0130N VERMEY\u0130N\u0130Z !<\/span><\/div>\n<div><\/div>\n<\/div>","protected":false},"excerpt":{"rendered":"<p>GroTech &#8211; Carbonat Pro Pure 1000g \u00a0 Carbonat pro pureImmediately available carbonate hardness + pH buffer Carbonat pro pure is<\/p>","protected":false},"featured_media":13203,"comment_status":"closed","ping_status":"open","template":"","meta":[],"pwb-brand":[],"product_brand":[94],"product_cat":[157],"product_tag":[],"class_list":{"0":"post-12670","1":"product","2":"type-product","3":"status-publish","4":"has-post-thumbnail","6":"product_brand-grotech","7":"product_cat-katkilar","9":"first","10":"outofstock","11":"purchasable","12":"product-type-simple"},"brands":[],"_links":{"self":[{"href":"https:\/\/aquabluebursa.com\/en\/wp-json\/wp\/v2\/product\/12670","targetHints":{"allow":["GET"]}}],"collection":[{"href":"https:\/\/aquabluebursa.com\/en\/wp-json\/wp\/v2\/product"}],"about":[{"href":"https:\/\/aquabluebursa.com\/en\/wp-json\/wp\/v2\/types\/product"}],"replies":[{"embeddable":true,"href":"https:\/\/aquabluebursa.com\/en\/wp-json\/wp\/v2\/comments?post=12670"}],"wp:featuredmedia":[{"embeddable":true,"href":"https:\/\/aquabluebursa.com\/en\/wp-json\/wp\/v2\/media\/13203"}],"wp:attachment":[{"href":"https:\/\/aquabluebursa.com\/en\/wp-json\/wp\/v2\/media?parent=12670"}],"wp:term":[{"taxonomy":"pwb-brand","embeddable":true,"href":"https:\/\/aquabluebursa.com\/en\/wp-json\/wp\/v2\/pwb-brand?post=12670"},{"taxonomy":"product_brand","embeddable":true,"href":"https:\/\/aquabluebursa.com\/en\/wp-json\/wp\/v2\/product_brand?post=12670"},{"taxonomy":"product_cat","embeddable":true,"href":"https:\/\/aquabluebursa.com\/en\/wp-json\/wp\/v2\/product_cat?post=12670"},{"taxonomy":"product_tag","embeddable":true,"href":"https:\/\/aquabluebursa.com\/en\/wp-json\/wp\/v2\/product_tag?post=12670"}],"curies":[{"name":"wp","href":"https:\/\/api.w.org\/{rel}","templated":true}]}}