{"id":12672,"date":"2026-03-13T20:20:21","date_gmt":"2026-03-13T20:20:21","guid":{"rendered":"https:\/\/aquabluebursa.com\/magaza\/kategorilenmemis\/d-d-aquarium-mag-scraper-2li-yedek-temizleme-bicagi\/"},"modified":"2026-03-13T20:20:22","modified_gmt":"2026-03-13T20:20:22","slug":"d-d-aquarium-mag-scraper-2li-yedek-temizleme-bicagi","status":"publish","type":"product","link":"https:\/\/aquabluebursa.com\/en\/magaza\/akvaryum-bakimi\/d-d-aquarium-mag-scraper-2li-yedek-temizleme-bicagi\/","title":{"rendered":"D-D Aquarium &#8211; Mag-Scraper 2&#8217;li Yedek Temizleme B\u0131\u00e7a\u011f\u0131"},"content":{"rendered":"<div><span style=\"font-size: 10pt;\">D-D Aquarium &#8211; Mag-Scraper Large 2&#8217;li Yedek Temizleme B\u0131\u00e7a\u011f\u0131<br \/>\n<\/span><\/div>\n<div>\n<div><\/div>\n<div><\/div>\n<\/div>","protected":false},"excerpt":{"rendered":"<p>D-D Aquarium &#8211; Mag-Scraper Large 2&#8217;li Yedek Temizleme B\u0131\u00e7a\u011f\u0131<\/p>","protected":false},"featured_media":13205,"comment_status":"closed","ping_status":"open","template":"","meta":[],"pwb-brand":[],"product_brand":[74],"product_cat":[155],"product_tag":[],"class_list":{"0":"post-12672","1":"product","2":"type-product","3":"status-publish","4":"has-post-thumbnail","6":"product_brand-d-d-aquarium","7":"product_cat-akvaryum-bakimi","9":"first","10":"outofstock","11":"purchasable","12":"product-type-simple"},"brands":[],"_links":{"self":[{"href":"https:\/\/aquabluebursa.com\/en\/wp-json\/wp\/v2\/product\/12672","targetHints":{"allow":["GET"]}}],"collection":[{"href":"https:\/\/aquabluebursa.com\/en\/wp-json\/wp\/v2\/product"}],"about":[{"href":"https:\/\/aquabluebursa.com\/en\/wp-json\/wp\/v2\/types\/product"}],"replies":[{"embeddable":true,"href":"https:\/\/aquabluebursa.com\/en\/wp-json\/wp\/v2\/comments?post=12672"}],"wp:featuredmedia":[{"embeddable":true,"href":"https:\/\/aquabluebursa.com\/en\/wp-json\/wp\/v2\/media\/13205"}],"wp:attachment":[{"href":"https:\/\/aquabluebursa.com\/en\/wp-json\/wp\/v2\/media?parent=12672"}],"wp:term":[{"taxonomy":"pwb-brand","embeddable":true,"href":"https:\/\/aquabluebursa.com\/en\/wp-json\/wp\/v2\/pwb-brand?post=12672"},{"taxonomy":"product_brand","embeddable":true,"href":"https:\/\/aquabluebursa.com\/en\/wp-json\/wp\/v2\/product_brand?post=12672"},{"taxonomy":"product_cat","embeddable":true,"href":"https:\/\/aquabluebursa.com\/en\/wp-json\/wp\/v2\/product_cat?post=12672"},{"taxonomy":"product_tag","embeddable":true,"href":"https:\/\/aquabluebursa.com\/en\/wp-json\/wp\/v2\/product_tag?post=12672"}],"curies":[{"name":"wp","href":"https:\/\/api.w.org\/{rel}","templated":true}]}}