{"id":12686,"date":"2026-03-13T20:20:40","date_gmt":"2026-03-13T20:20:40","guid":{"rendered":"https:\/\/aquabluebursa.com\/magaza\/kategorilenmemis\/pacific-sun-ultrawide-uv-t5-24w\/"},"modified":"2026-03-13T20:20:40","modified_gmt":"2026-03-13T20:20:40","slug":"pacific-sun-ultrawide-uv-t5-24w","status":"publish","type":"product","link":"https:\/\/aquabluebursa.com\/en\/magaza\/aydinlatma-sistemlerit5-lambalar\/pacific-sun-ultrawide-uv-t5-24w\/","title":{"rendered":"Pacific Sun &#8211; Ultrawide UV T5 24W"},"content":{"rendered":"<div><span style=\"color: #ef001b; font-size: 18.6667px; font-weight: bold;\">AYDINLATMA VE FLORASAN \u00dcR\u00dcNLER\u0130NDE KARGO ESNASINDA T\u00dcM SORUMLULUK ALICIYA A\u0130TT\u0130R.<\/span><\/div>\n<div><\/div>\n<div><span style=\"font-size: 16px; font-weight: bold;\">Pacific Sun &#8211; Ultrawide UV T5<\/span><\/div>\n<div><\/div>\n<div><span style=\"font-size: 16px;\">Pacific Sun firmas\u0131 taraf\u0131ndan geli\u015ftirilen UV \u00f6zellikli T5 floresan<\/span><\/div>\n<div><\/div>\n<div><\/div>","protected":false},"excerpt":{"rendered":"<p>AYDINLATMA VE FLORASAN \u00dcR\u00dcNLER\u0130NDE KARGO ESNASINDA T\u00dcM SORUMLULUK ALICIYA A\u0130TT\u0130R. Pacific Sun &#8211; Ultrawide UV T5 Pacific Sun firmas\u0131 taraf\u0131ndan<\/p>","protected":false},"featured_media":13224,"comment_status":"closed","ping_status":"open","template":"","meta":[],"pwb-brand":[],"product_brand":[102],"product_cat":[170],"product_tag":[],"class_list":{"0":"post-12686","1":"product","2":"type-product","3":"status-publish","4":"has-post-thumbnail","6":"product_brand-pacific-sun","7":"product_cat-aydinlatma-sistemlerit5-lambalar","9":"first","10":"instock","11":"purchasable","12":"product-type-simple"},"brands":[],"_links":{"self":[{"href":"https:\/\/aquabluebursa.com\/en\/wp-json\/wp\/v2\/product\/12686","targetHints":{"allow":["GET"]}}],"collection":[{"href":"https:\/\/aquabluebursa.com\/en\/wp-json\/wp\/v2\/product"}],"about":[{"href":"https:\/\/aquabluebursa.com\/en\/wp-json\/wp\/v2\/types\/product"}],"replies":[{"embeddable":true,"href":"https:\/\/aquabluebursa.com\/en\/wp-json\/wp\/v2\/comments?post=12686"}],"wp:featuredmedia":[{"embeddable":true,"href":"https:\/\/aquabluebursa.com\/en\/wp-json\/wp\/v2\/media\/13224"}],"wp:attachment":[{"href":"https:\/\/aquabluebursa.com\/en\/wp-json\/wp\/v2\/media?parent=12686"}],"wp:term":[{"taxonomy":"pwb-brand","embeddable":true,"href":"https:\/\/aquabluebursa.com\/en\/wp-json\/wp\/v2\/pwb-brand?post=12686"},{"taxonomy":"product_brand","embeddable":true,"href":"https:\/\/aquabluebursa.com\/en\/wp-json\/wp\/v2\/product_brand?post=12686"},{"taxonomy":"product_cat","embeddable":true,"href":"https:\/\/aquabluebursa.com\/en\/wp-json\/wp\/v2\/product_cat?post=12686"},{"taxonomy":"product_tag","embeddable":true,"href":"https:\/\/aquabluebursa.com\/en\/wp-json\/wp\/v2\/product_tag?post=12686"}],"curies":[{"name":"wp","href":"https:\/\/api.w.org\/{rel}","templated":true}]}}