{"id":12687,"date":"2026-03-13T20:20:40","date_gmt":"2026-03-13T20:20:40","guid":{"rendered":"https:\/\/aquabluebursa.com\/magaza\/kategorilenmemis\/pacific-sun-shallow-water-18-000k-t5-39w\/"},"modified":"2026-03-13T20:20:40","modified_gmt":"2026-03-13T20:20:40","slug":"pacific-sun-shallow-water-18-000k-t5-39w","status":"publish","type":"product","link":"https:\/\/aquabluebursa.com\/en\/magaza\/aydinlatma-sistemlerit5-lambalar\/pacific-sun-shallow-water-18-000k-t5-39w\/","title":{"rendered":"Pacific Sun &#8211; Shallow Water 18.000K T5 39W"},"content":{"rendered":"<div><span style=\"color: #ef001b; font-size: 18.6667px; font-weight: bold;\">AYDINLATMA VE FLORASAN \u00dcR\u00dcNLER\u0130NDE KARGO ESNASINDA T\u00dcM SORUMLULUK ALICIYA A\u0130TT\u0130R.<\/span><\/div>\n<div><\/div>\n<div><span style=\"font-size: 16px; font-weight: bold;\">Pacific Sun &#8211;\u00a0Shallow Water 18.000K\u00a0T5<\/span><\/div>\n<div><\/div>\n<div><span style=\"font-size: 16px;\">Shallow Water T5 HO tube have average color temperature about 18.000K.This tube is white to the human eye, combines the properties of a full-spectrum tube with an elevated blue and uv colour peak. Tube combines the phosphors of a Blue Plus tube with a 10000k full-spectrum daylight. Great as a standalone bulb.<\/span><\/div>\n<div><\/div>\n<div><img loading=\"lazy\" decoding=\"async\" style=\"max-width: 100%; height: auto; vertical-align: middle; border: 0px; color: #626262; font-family: Arial, Helvetica, sans-serif; line-height: 20px; display: block; margin-left: auto; margin-right: auto; background-color: #f1f1f1;\" src=\"http:\/\/www.pacific-sun.eu\/download\/t5\/sw2.jpg\" alt=\"\" width=\"800\" height=\"403\" \/><\/div>","protected":false},"excerpt":{"rendered":"<p>AYDINLATMA VE FLORASAN \u00dcR\u00dcNLER\u0130NDE KARGO ESNASINDA T\u00dcM SORUMLULUK ALICIYA A\u0130TT\u0130R. Pacific Sun &#8211;\u00a0Shallow Water 18.000K\u00a0T5 Shallow Water T5 HO tube<\/p>","protected":false},"featured_media":13227,"comment_status":"closed","ping_status":"open","template":"","meta":[],"pwb-brand":[],"product_brand":[102],"product_cat":[170],"product_tag":[],"class_list":{"0":"post-12687","1":"product","2":"type-product","3":"status-publish","4":"has-post-thumbnail","6":"product_brand-pacific-sun","7":"product_cat-aydinlatma-sistemlerit5-lambalar","9":"first","10":"outofstock","11":"purchasable","12":"product-type-simple"},"brands":[],"_links":{"self":[{"href":"https:\/\/aquabluebursa.com\/en\/wp-json\/wp\/v2\/product\/12687","targetHints":{"allow":["GET"]}}],"collection":[{"href":"https:\/\/aquabluebursa.com\/en\/wp-json\/wp\/v2\/product"}],"about":[{"href":"https:\/\/aquabluebursa.com\/en\/wp-json\/wp\/v2\/types\/product"}],"replies":[{"embeddable":true,"href":"https:\/\/aquabluebursa.com\/en\/wp-json\/wp\/v2\/comments?post=12687"}],"wp:featuredmedia":[{"embeddable":true,"href":"https:\/\/aquabluebursa.com\/en\/wp-json\/wp\/v2\/media\/13227"}],"wp:attachment":[{"href":"https:\/\/aquabluebursa.com\/en\/wp-json\/wp\/v2\/media?parent=12687"}],"wp:term":[{"taxonomy":"pwb-brand","embeddable":true,"href":"https:\/\/aquabluebursa.com\/en\/wp-json\/wp\/v2\/pwb-brand?post=12687"},{"taxonomy":"product_brand","embeddable":true,"href":"https:\/\/aquabluebursa.com\/en\/wp-json\/wp\/v2\/product_brand?post=12687"},{"taxonomy":"product_cat","embeddable":true,"href":"https:\/\/aquabluebursa.com\/en\/wp-json\/wp\/v2\/product_cat?post=12687"},{"taxonomy":"product_tag","embeddable":true,"href":"https:\/\/aquabluebursa.com\/en\/wp-json\/wp\/v2\/product_tag?post=12687"}],"curies":[{"name":"wp","href":"https:\/\/api.w.org\/{rel}","templated":true}]}}