{"id":12688,"date":"2026-03-13T20:20:40","date_gmt":"2026-03-13T20:20:40","guid":{"rendered":"https:\/\/aquabluebursa.com\/magaza\/kategorilenmemis\/pacific-sun-pigment-int-t5-24w\/"},"modified":"2026-03-13T20:20:41","modified_gmt":"2026-03-13T20:20:41","slug":"pacific-sun-pigment-int-t5-24w","status":"publish","type":"product","link":"https:\/\/aquabluebursa.com\/en\/magaza\/aydinlatma-sistemlerit5-lambalar\/pacific-sun-pigment-int-t5-24w\/","title":{"rendered":"Pacific Sun &#8211; Pigment INT+ T5 24W"},"content":{"rendered":"<div><span style=\"color: #ef001b; font-size: 18.6667px; font-weight: bold;\">AYDINLATMA VE FLORASAN \u00dcR\u00dcNLER\u0130NDE KARGO ESNASINDA T\u00dcM SORUMLULUK ALICIYA A\u0130TT\u0130R.<\/span><\/div>\n<div><\/div>\n<div><span style=\"font-size: 16px; font-weight: bold;\">Pacific Sun &#8211;\u00a0Pigment INT+\u00a0T5<\/span><\/div>\n<div><\/div>\n<div><span style=\"font-size: 16px;\">This tube combines the properties of a full-spectrum tube with strong red and blue components, producing a tube with excellent colour rendition that works very well to bring out pinks, purples and reds in an aquarium.<\/span><\/div>\n<div><\/div>\n<div><img loading=\"lazy\" decoding=\"async\" style=\"max-width: 100%; height: auto; vertical-align: middle; border: 0px; color: #626262; font-family: Arial, Helvetica, sans-serif; line-height: 20px; display: block; margin-left: auto; margin-right: auto; background-color: #f1f1f1;\" src=\"http:\/\/www.pacific-sun.eu\/download\/t5\/pi2.jpg\" alt=\"\" width=\"800\" height=\"401\" \/><\/div>\n<div><\/div>","protected":false},"excerpt":{"rendered":"<p>AYDINLATMA VE FLORASAN \u00dcR\u00dcNLER\u0130NDE KARGO ESNASINDA T\u00dcM SORUMLULUK ALICIYA A\u0130TT\u0130R. Pacific Sun &#8211;\u00a0Pigment INT+\u00a0T5 This tube combines the properties of<\/p>","protected":false},"featured_media":13230,"comment_status":"closed","ping_status":"open","template":"","meta":[],"pwb-brand":[],"product_brand":[102],"product_cat":[170],"product_tag":[],"class_list":{"0":"post-12688","1":"product","2":"type-product","3":"status-publish","4":"has-post-thumbnail","6":"product_brand-pacific-sun","7":"product_cat-aydinlatma-sistemlerit5-lambalar","9":"first","10":"instock","11":"purchasable","12":"product-type-simple"},"brands":[],"_links":{"self":[{"href":"https:\/\/aquabluebursa.com\/en\/wp-json\/wp\/v2\/product\/12688","targetHints":{"allow":["GET"]}}],"collection":[{"href":"https:\/\/aquabluebursa.com\/en\/wp-json\/wp\/v2\/product"}],"about":[{"href":"https:\/\/aquabluebursa.com\/en\/wp-json\/wp\/v2\/types\/product"}],"replies":[{"embeddable":true,"href":"https:\/\/aquabluebursa.com\/en\/wp-json\/wp\/v2\/comments?post=12688"}],"wp:featuredmedia":[{"embeddable":true,"href":"https:\/\/aquabluebursa.com\/en\/wp-json\/wp\/v2\/media\/13230"}],"wp:attachment":[{"href":"https:\/\/aquabluebursa.com\/en\/wp-json\/wp\/v2\/media?parent=12688"}],"wp:term":[{"taxonomy":"pwb-brand","embeddable":true,"href":"https:\/\/aquabluebursa.com\/en\/wp-json\/wp\/v2\/pwb-brand?post=12688"},{"taxonomy":"product_brand","embeddable":true,"href":"https:\/\/aquabluebursa.com\/en\/wp-json\/wp\/v2\/product_brand?post=12688"},{"taxonomy":"product_cat","embeddable":true,"href":"https:\/\/aquabluebursa.com\/en\/wp-json\/wp\/v2\/product_cat?post=12688"},{"taxonomy":"product_tag","embeddable":true,"href":"https:\/\/aquabluebursa.com\/en\/wp-json\/wp\/v2\/product_tag?post=12688"}],"curies":[{"name":"wp","href":"https:\/\/api.w.org\/{rel}","templated":true}]}}