{"id":12689,"date":"2026-03-13T20:20:44","date_gmt":"2026-03-13T20:20:44","guid":{"rendered":"https:\/\/aquabluebursa.com\/magaza\/kategorilenmemis\/pacific-sun-pandora-hyperion-s2-3x75w-8x54watt-ledt5-armatur\/"},"modified":"2026-03-13T20:20:44","modified_gmt":"2026-03-13T20:20:44","slug":"pacific-sun-pandora-hyperion-s2-3x75w-8x54watt-ledt5-armatur","status":"publish","type":"product","link":"https:\/\/aquabluebursa.com\/en\/magaza\/aydinlatma-sistemlerit5-armaturler\/pacific-sun-pandora-hyperion-s2-3x75w-8x54watt-ledt5-armatur\/","title":{"rendered":"Pacific Sun &#8211; Pandora Hyperion S2 3x75W + 8x54Watt LED+T5 Armat\u00fcr"},"content":{"rendered":"<div><span style=\"font-size: 16px; font-weight: bold;\">Pacific Sun &#8211; Pandora Hyperion S2 3&#215;75 Watt + 8&#215;54 Watt LED+T5 Armat\u00fcr<\/span><\/div>\n<div><\/div>\n<div><\/div>\n<div>\n<div><span style=\"font-size: 12pt;\">Pandora Hyperion S2, Pacific Sun firmas\u0131 taraf\u0131ndan \u00fcretilen en iyi LED ve T5 ayd\u0131nlatmalar\u0131n kombinasyonu olarak piyasaya sunulan Hybrid ayd\u0131nlatma sistemidir.<\/span><\/div>\n<div><\/div>\n<div><\/div>\n<div>\n<div><span style=\"font-size: 16px;\">SMT\u00a0(<span style=\"font-style: italic;\">Square Matrix Technology<\/span>)\u00a0teknolojisi kullan\u0131lan bu ayd\u0131nlatmalarda Beyaz renkli LED\u00a0<span style=\"font-weight: bold;\">kullan\u0131lmam\u0131\u015ft\u0131r<\/span>! Bu teknoloji sayesinde, mercanlar\u0131n do\u011fal ya\u015fam alanlar\u0131ndaki resiflerde al\u0131\u015f\u0131k oldu\u011fu Turkuaz mavisi parlak g\u00fcne\u015f \u0131\u015f\u0131\u011f\u0131n\u0131 birebir olarak akvaryumlar\u0131n\u0131zda sa\u011flayabilirsiniz.<\/span><\/div>\n<div><\/div>\n<div><span style=\"font-size: 16px;\">Piyasada sat\u0131lan di\u011fer LED armat\u00fcrlerin aksine, SMT teknolojisi kullan\u0131larak \u00fcretilen Pacific Sun LED ayd\u0131nlatmalarda renklerin optimum \u015fekilde kar\u0131\u015fmas\u0131 sa\u011flanarak optimum b\u00fcy\u00fcme ve renklenme elde edilebilmektedir. Ayr\u0131ca\u00a0<span style=\"font-style: italic;\">shimmering effect<\/span>\u00a0olarak bilinen deniz dibindeki \u0131\u015f\u0131k dalgalanmas\u0131n\u0131 en iyi \u015fekilde sa\u011flayabilmektedir.<\/span><\/div>\n<\/div>\n<div><\/div>\n<div>\n<div><span style=\"font-size: 12pt;\">\u00d6zellikler:<\/span><\/div>\n<ul>\n<li><span style=\"font-size: 12pt;\">Paslanmaz \u00e7elik kasa<\/span><\/li>\n<li><span style=\"font-size: medium;\">Tamam\u0131yla kablosuz kontrol<\/span><\/li>\n<li><span style=\"font-size: medium;\">LCD ekran<\/span><\/li>\n<li><span style=\"font-size: medium;\">Ultra Sessiz, de\u011fi\u015fken h\u0131z kontroll\u00fc so\u011futucu fanlar ( Herbir LED paneli i\u00e7in 2 so\u011futucu fan )<\/span><\/li>\n<li><span style=\"font-size: 12pt;\">Mod\u00fcler, upgrade edilebilir LED paneller, s\u00fcr\u00fcc\u00fcler, bilgisayar ve fanlar.<\/span><\/li>\n<li><span style=\"font-size: medium;\">Tam spektrum \u00e7\u0131k\u0131\u015f ( UV &#8211; K\u0131rm\u0131z\u0131 )<\/span><\/li>\n<li><span style=\"font-size: medium;\">9 ayr\u0131 ba\u011f\u0131ms\u0131z kanal kontrol\u00fc<\/span><\/li>\n<li><span style=\"font-size: 12pt;\">Dahili ayd\u0131nlatma programlar\u0131 ve iste\u011fe g\u00f6re \u0131\u015f\u0131k programlamas\u0131<\/span><\/li>\n<li><span style=\"font-size: medium;\">Kablosuz yaz\u0131l\u0131m ve program g\u00fcncelleme<\/span><\/li>\n<li><\/li>\n<li><span style=\"font-size: 12pt;\">G\u00fcn do\u011fumu\/bat\u0131\u015f\u0131, bulut ge\u00e7i\u015f efekti ya da tropik b\u00f6lgelere \u00f6zel hava\/\u0131\u015f\u0131k ko\u015fullar\u0131n\u0131 uygulayabilme<\/span><\/li>\n<li><span style=\"font-size: medium;\">Desteklenen programlar: Win 7\/Xp\/8, Mac OS X, Android<\/span><\/li>\n<\/ul>\n<div><\/div>\n<div><span style=\"font-size: 12pt; font-weight: bold;\">Armat\u00fcrlerin ayd\u0131nlatabildi\u011fi akvaryum alan \u00f6l\u00e7\u00fcleri \u015f\u00f6yledir:<\/span><\/div>\n<div><span style=\"font-size: medium;\">\u00a0<\/span><\/div>\n<div>\n<div><span style=\"font-size: medium;\">Pandora Hyperion S2 &#8211; 1x75W + 8x24W T5 &#8211; 100x100x80cm<\/span><\/div>\n<div><span style=\"font-size: medium;\">Pandora Hyperion S2 &#8211; 2x75W + 8x39W T5 &#8211; 125x100x80cm<\/span><\/div>\n<div><span style=\"font-size: medium;\">Pandora Hyperion S2 &#8211; 3x75W + 8x54W T5 &#8211; 125x100x80cm<\/span><\/div>\n<div><\/div>\n<div>\n<div><span style=\"font-size: 12pt;\">S2 (SMT) panellerde kullan\u0131lan LED renkleri \u015f\u00f6yledir:<\/span><\/div>\n<div><span style=\"font-size: medium;\">\u00a0<\/span><\/div>\n<div><span style=\"font-size: medium;\">UV (400 and 420nm) &#8211; <span style=\"font-style: italic;\">Pacific Sun firmas\u0131 i\u00e7in \u00f6zel olarak \u00fcretilmi\u015ftir !<\/span><\/span><\/div>\n<div><span style=\"font-size: medium;\">Royal Blue 450nm &#8211; Cree<\/span><\/div>\n<div><span style=\"font-size: medium;\">Royal Blue 465nm &#8211; Cree<\/span><\/div>\n<div><span style=\"font-size: medium;\">Blue &#8211; Cree<\/span><\/div>\n<div><span style=\"font-size: medium;\">Cyan &#8211; <span style=\"font-style: italic;\">Pacific Sun firmas\u0131 i\u00e7in \u00f6zel olarak \u00fcretilmi\u015ftir !<\/span><\/span><\/div>\n<div><span style=\"font-size: medium;\">Green &#8211; Cree<\/span><\/div>\n<div><span style=\"font-size: medium;\">Amber &#8211; <span style=\"font-style: italic;\">Pacific Sun firmas\u0131 i\u00e7in \u00f6zel olarak \u00fcretilmi\u015ftir !<\/span><\/span><\/div>\n<div><span style=\"font-size: medium;\">Deep Red &#8211; <span style=\"font-style: italic;\">Pacific Sun firmas\u0131 i\u00e7in \u00f6zel olarak \u00fcretilmi\u015ftir !<\/span><\/span><\/div>\n<div><\/div>\n<div><\/div>\n<\/div>\n<\/div>\n<\/div>\n<\/div>","protected":false},"excerpt":{"rendered":"<p>Pacific Sun &#8211; Pandora Hyperion S2 3&#215;75 Watt + 8&#215;54 Watt LED+T5 Armat\u00fcr Pandora Hyperion S2, Pacific Sun firmas\u0131 taraf\u0131ndan<\/p>","protected":false},"featured_media":13233,"comment_status":"closed","ping_status":"open","template":"","meta":[],"pwb-brand":[],"product_brand":[102],"product_cat":[171],"product_tag":[],"class_list":{"0":"post-12689","1":"product","2":"type-product","3":"status-publish","4":"has-post-thumbnail","6":"product_brand-pacific-sun","7":"product_cat-aydinlatma-sistemlerit5-armaturler","9":"first","10":"outofstock","11":"purchasable","12":"product-type-simple"},"brands":[],"_links":{"self":[{"href":"https:\/\/aquabluebursa.com\/en\/wp-json\/wp\/v2\/product\/12689","targetHints":{"allow":["GET"]}}],"collection":[{"href":"https:\/\/aquabluebursa.com\/en\/wp-json\/wp\/v2\/product"}],"about":[{"href":"https:\/\/aquabluebursa.com\/en\/wp-json\/wp\/v2\/types\/product"}],"replies":[{"embeddable":true,"href":"https:\/\/aquabluebursa.com\/en\/wp-json\/wp\/v2\/comments?post=12689"}],"wp:featuredmedia":[{"embeddable":true,"href":"https:\/\/aquabluebursa.com\/en\/wp-json\/wp\/v2\/media\/13233"}],"wp:attachment":[{"href":"https:\/\/aquabluebursa.com\/en\/wp-json\/wp\/v2\/media?parent=12689"}],"wp:term":[{"taxonomy":"pwb-brand","embeddable":true,"href":"https:\/\/aquabluebursa.com\/en\/wp-json\/wp\/v2\/pwb-brand?post=12689"},{"taxonomy":"product_brand","embeddable":true,"href":"https:\/\/aquabluebursa.com\/en\/wp-json\/wp\/v2\/product_brand?post=12689"},{"taxonomy":"product_cat","embeddable":true,"href":"https:\/\/aquabluebursa.com\/en\/wp-json\/wp\/v2\/product_cat?post=12689"},{"taxonomy":"product_tag","embeddable":true,"href":"https:\/\/aquabluebursa.com\/en\/wp-json\/wp\/v2\/product_tag?post=12689"}],"curies":[{"name":"wp","href":"https:\/\/api.w.org\/{rel}","templated":true}]}}