{"id":12690,"date":"2026-03-13T20:20:44","date_gmt":"2026-03-13T20:20:44","guid":{"rendered":"https:\/\/aquabluebursa.com\/magaza\/kategorilenmemis\/prodibio-gh\/"},"modified":"2026-03-13T20:20:44","modified_gmt":"2026-03-13T20:20:44","slug":"prodibio-gh","status":"publish","type":"product","link":"https:\/\/aquabluebursa.com\/en\/magaza\/tatli-su-ve-bitki\/prodibio-gh\/","title":{"rendered":"Prodibio &#8211; GH+"},"content":{"rendered":"<div><span style=\"font-size: 16px;\">Prodibio &#8211; GH+ Genel Sertlik Artt\u0131r\u0131c\u0131<\/span><\/div>\n<div><\/div>\n<div>\n<div><span style=\"font-size: 12pt;\">Tatl\u0131 su akvaryumlar\u0131 i\u00e7in su d\u00fczenleyici<\/span><\/div>\n<div><span style=\"font-size: 12pt;\">\u00a0<\/span><\/div>\n<div><span style=\"font-size: 12pt;\">*GH , su i\u00e7erisinde \u00e7\u00f6z\u00fclm\u00fc\u015f magnezyum ve kalsiyum iyonlar\u0131n\u0131n konsantrasyonlar\u0131na denir. Bal\u0131klar\u0131n sert \/ yumu\u015fak su sevdikleri s\u00f6ylemi i\u00e7in genellikle GH de\u011feri kullan\u0131l\u0131r.\u00a0<\/span><\/div>\n<div><span style=\"font-size: 12pt;\">\u00a0<\/span><\/div>\n<div><span style=\"font-size: 12pt;\">Akvaryumlarda , genel sertlik seviyesini artt\u0131rmak i\u00e7in kullan\u0131lan etkili ve g\u00fcvenli bir \u00fcr\u00fcnd\u00fcr<\/span><\/div>\n<div><span style=\"font-size: 12pt;\">1 doz GH+, 100 litrelik bir akvaryumdaki karbonat sertli\u011fini ( genel sertli\u011fi ) 3 derece artt\u0131r\u0131r.<\/span><\/div>\n<div><span style=\"font-size: 12pt;\">\u00d6zellikle sert su seven canl\u0131larda tampon ama\u00e7l\u0131 kullan\u0131l\u0131r<\/span><\/div>\n<\/div>","protected":false},"excerpt":{"rendered":"<p>Prodibio &#8211; GH+ Genel Sertlik Artt\u0131r\u0131c\u0131 Tatl\u0131 su akvaryumlar\u0131 i\u00e7in su d\u00fczenleyici \u00a0 *GH , su i\u00e7erisinde \u00e7\u00f6z\u00fclm\u00fc\u015f magnezyum ve<\/p>","protected":false},"featured_media":13236,"comment_status":"closed","ping_status":"open","template":"","meta":[],"pwb-brand":[],"product_brand":[88],"product_cat":[159],"product_tag":[],"class_list":{"0":"post-12690","1":"product","2":"type-product","3":"status-publish","4":"has-post-thumbnail","6":"product_brand-prodibio","7":"product_cat-tatli-su-ve-bitki","9":"first","10":"outofstock","11":"purchasable","12":"product-type-simple"},"brands":[],"_links":{"self":[{"href":"https:\/\/aquabluebursa.com\/en\/wp-json\/wp\/v2\/product\/12690","targetHints":{"allow":["GET"]}}],"collection":[{"href":"https:\/\/aquabluebursa.com\/en\/wp-json\/wp\/v2\/product"}],"about":[{"href":"https:\/\/aquabluebursa.com\/en\/wp-json\/wp\/v2\/types\/product"}],"replies":[{"embeddable":true,"href":"https:\/\/aquabluebursa.com\/en\/wp-json\/wp\/v2\/comments?post=12690"}],"wp:featuredmedia":[{"embeddable":true,"href":"https:\/\/aquabluebursa.com\/en\/wp-json\/wp\/v2\/media\/13236"}],"wp:attachment":[{"href":"https:\/\/aquabluebursa.com\/en\/wp-json\/wp\/v2\/media?parent=12690"}],"wp:term":[{"taxonomy":"pwb-brand","embeddable":true,"href":"https:\/\/aquabluebursa.com\/en\/wp-json\/wp\/v2\/pwb-brand?post=12690"},{"taxonomy":"product_brand","embeddable":true,"href":"https:\/\/aquabluebursa.com\/en\/wp-json\/wp\/v2\/product_brand?post=12690"},{"taxonomy":"product_cat","embeddable":true,"href":"https:\/\/aquabluebursa.com\/en\/wp-json\/wp\/v2\/product_cat?post=12690"},{"taxonomy":"product_tag","embeddable":true,"href":"https:\/\/aquabluebursa.com\/en\/wp-json\/wp\/v2\/product_tag?post=12690"}],"curies":[{"name":"wp","href":"https:\/\/api.w.org\/{rel}","templated":true}]}}