{"id":12691,"date":"2026-03-13T20:20:44","date_gmt":"2026-03-13T20:20:44","guid":{"rendered":"https:\/\/aquabluebursa.com\/magaza\/kategorilenmemis\/prodibio-biopond-nutris\/"},"modified":"2026-03-13T20:20:44","modified_gmt":"2026-03-13T20:20:44","slug":"prodibio-biopond-nutris","status":"publish","type":"product","link":"https:\/\/aquabluebursa.com\/en\/magaza\/tatli-su-ve-bitki\/prodibio-biopond-nutris\/","title":{"rendered":"Prodibio &#8211; BioPond Nutris"},"content":{"rendered":"<div><span style=\"font-size: 16px;\">Prodibio &#8211; BioPond Nutris<\/span><\/div>\n<div><\/div>\n<div>\n<div><span style=\"font-size: 16px;\">Koi ve Japon Bal\u0131klar\u0131 Havuzuna \u00d6zel<\/span><\/div>\n<div><span style=\"font-size: 16px;\">K\u00f6t\u00fc kokular\u0131 absorbe eder, ye\u015fil suyu azalt\u0131r, istenmeyen organizmalar\u0131 elemine eder<\/span><\/div>\n<div><span style=\"font-size: 16px;\">Bal\u0131k hastal\u0131klar\u0131n\u0131n \u00f6n\u00fcne ge\u00e7meyi sa\u011flar<\/span><\/div>\n<div><span style=\"font-size: 16px;\">G\u00f6let \u00e7amur olu\u015fumunu \u00f6nler<\/span><\/div>\n<div><span style=\"font-size: 16px;\">Sprey \u015feklindeki kullan\u0131m\u0131 , her 1 bas\u0131\u015fta 3 m k\u00fcpl\u00fck alana yeterlidir<\/span><\/div>\n<div><span style=\"font-size: 16px;\">S\u0131v\u0131lara g\u00f6re g\u00f6let y\u00fczeyine daha efektif da\u011f\u0131l\u0131m sa\u011flar<\/span><\/div>\n<\/div>","protected":false},"excerpt":{"rendered":"<p>Prodibio &#8211; BioPond Nutris Koi ve Japon Bal\u0131klar\u0131 Havuzuna \u00d6zel K\u00f6t\u00fc kokular\u0131 absorbe eder, ye\u015fil suyu azalt\u0131r, istenmeyen organizmalar\u0131 elemine<\/p>","protected":false},"featured_media":13237,"comment_status":"closed","ping_status":"open","template":"","meta":[],"pwb-brand":[],"product_brand":[88],"product_cat":[159],"product_tag":[],"class_list":{"0":"post-12691","1":"product","2":"type-product","3":"status-publish","4":"has-post-thumbnail","6":"product_brand-prodibio","7":"product_cat-tatli-su-ve-bitki","9":"first","10":"instock","11":"purchasable","12":"product-type-simple"},"brands":[],"_links":{"self":[{"href":"https:\/\/aquabluebursa.com\/en\/wp-json\/wp\/v2\/product\/12691","targetHints":{"allow":["GET"]}}],"collection":[{"href":"https:\/\/aquabluebursa.com\/en\/wp-json\/wp\/v2\/product"}],"about":[{"href":"https:\/\/aquabluebursa.com\/en\/wp-json\/wp\/v2\/types\/product"}],"replies":[{"embeddable":true,"href":"https:\/\/aquabluebursa.com\/en\/wp-json\/wp\/v2\/comments?post=12691"}],"wp:featuredmedia":[{"embeddable":true,"href":"https:\/\/aquabluebursa.com\/en\/wp-json\/wp\/v2\/media\/13237"}],"wp:attachment":[{"href":"https:\/\/aquabluebursa.com\/en\/wp-json\/wp\/v2\/media?parent=12691"}],"wp:term":[{"taxonomy":"pwb-brand","embeddable":true,"href":"https:\/\/aquabluebursa.com\/en\/wp-json\/wp\/v2\/pwb-brand?post=12691"},{"taxonomy":"product_brand","embeddable":true,"href":"https:\/\/aquabluebursa.com\/en\/wp-json\/wp\/v2\/product_brand?post=12691"},{"taxonomy":"product_cat","embeddable":true,"href":"https:\/\/aquabluebursa.com\/en\/wp-json\/wp\/v2\/product_cat?post=12691"},{"taxonomy":"product_tag","embeddable":true,"href":"https:\/\/aquabluebursa.com\/en\/wp-json\/wp\/v2\/product_tag?post=12691"}],"curies":[{"name":"wp","href":"https:\/\/api.w.org\/{rel}","templated":true}]}}