{"id":12692,"date":"2026-03-13T20:20:57","date_gmt":"2026-03-13T20:20:57","guid":{"rendered":"https:\/\/aquabluebursa.com\/magaza\/kategorilenmemis\/prodibio-biopond-plants-koi-havuzu-bitki-bakim-destegi\/"},"modified":"2026-03-13T20:20:58","modified_gmt":"2026-03-13T20:20:58","slug":"prodibio-biopond-plants-koi-havuzu-bitki-bakim-destegi","status":"publish","type":"product","link":"https:\/\/aquabluebursa.com\/en\/magaza\/tatli-su-ve-bitki\/prodibio-biopond-plants-koi-havuzu-bitki-bakim-destegi\/","title":{"rendered":"Prodibio &#8211; BioPond Plants Koi Havuzu Bitki Bak\u0131m Deste\u011fi"},"content":{"rendered":"<div><span style=\"font-size: 16px;\">Prodibio &#8211; BioPond Plants Koi Havuzu Bitki Bak\u0131m Deste\u011fi<\/span><\/div>\n<div><\/div>\n<div>\n<div><span style=\"font-size: 16px;\">Koi ve Japon Bal\u0131klar\u0131 Havuzuna \u00d6zel<\/span><\/div>\n<div><span style=\"font-size: 16px;\">Do\u011frudan sindirilebilir fotosentez i\u00e7in gerekli demir ihtiva eder<\/span><\/div>\n<div><span style=\"font-size: 16px;\">Koi pond havuzlar\u0131ndaki bitkilerin geli\u015fimini destekler<\/span><\/div>\n<div><span style=\"font-size: 16px;\">Nitrat ve fosfat i\u00e7ermez , yosun olu\u015fumunu minimize eder\u00a0<\/span><\/div>\n<div><span style=\"font-size: 16px;\">Sprey \u015feklindeki kullan\u0131m\u0131 , her 1 bas\u0131\u015fta 3 m k\u00fcpl\u00fck alana yeterlidir<\/span><\/div>\n<div><span style=\"font-size: 16px;\">S\u0131v\u0131lara g\u00f6re g\u00f6let y\u00fczeyine daha efektif da\u011f\u0131l\u0131m sa\u011flar<\/span><\/div>\n<\/div>","protected":false},"excerpt":{"rendered":"<p>Prodibio &#8211; BioPond Plants Koi Havuzu Bitki Bak\u0131m Deste\u011fi Koi ve Japon Bal\u0131klar\u0131 Havuzuna \u00d6zel Do\u011frudan sindirilebilir fotosentez i\u00e7in gerekli<\/p>","protected":false},"featured_media":13238,"comment_status":"closed","ping_status":"open","template":"","meta":[],"pwb-brand":[],"product_brand":[88],"product_cat":[159],"product_tag":[],"class_list":{"0":"post-12692","1":"product","2":"type-product","3":"status-publish","4":"has-post-thumbnail","6":"product_brand-prodibio","7":"product_cat-tatli-su-ve-bitki","9":"first","10":"instock","11":"purchasable","12":"product-type-simple"},"brands":[],"_links":{"self":[{"href":"https:\/\/aquabluebursa.com\/en\/wp-json\/wp\/v2\/product\/12692","targetHints":{"allow":["GET"]}}],"collection":[{"href":"https:\/\/aquabluebursa.com\/en\/wp-json\/wp\/v2\/product"}],"about":[{"href":"https:\/\/aquabluebursa.com\/en\/wp-json\/wp\/v2\/types\/product"}],"replies":[{"embeddable":true,"href":"https:\/\/aquabluebursa.com\/en\/wp-json\/wp\/v2\/comments?post=12692"}],"wp:featuredmedia":[{"embeddable":true,"href":"https:\/\/aquabluebursa.com\/en\/wp-json\/wp\/v2\/media\/13238"}],"wp:attachment":[{"href":"https:\/\/aquabluebursa.com\/en\/wp-json\/wp\/v2\/media?parent=12692"}],"wp:term":[{"taxonomy":"pwb-brand","embeddable":true,"href":"https:\/\/aquabluebursa.com\/en\/wp-json\/wp\/v2\/pwb-brand?post=12692"},{"taxonomy":"product_brand","embeddable":true,"href":"https:\/\/aquabluebursa.com\/en\/wp-json\/wp\/v2\/product_brand?post=12692"},{"taxonomy":"product_cat","embeddable":true,"href":"https:\/\/aquabluebursa.com\/en\/wp-json\/wp\/v2\/product_cat?post=12692"},{"taxonomy":"product_tag","embeddable":true,"href":"https:\/\/aquabluebursa.com\/en\/wp-json\/wp\/v2\/product_tag?post=12692"}],"curies":[{"name":"wp","href":"https:\/\/api.w.org\/{rel}","templated":true}]}}