{"id":12697,"date":"2026-03-13T20:21:02","date_gmt":"2026-03-13T20:21:02","guid":{"rendered":"https:\/\/aquabluebursa.com\/magaza\/kategorilenmemis\/pacific-sun-aluminyum-hqi-reflektor\/"},"modified":"2026-03-13T20:21:02","modified_gmt":"2026-03-13T20:21:02","slug":"pacific-sun-aluminyum-hqi-reflektor","status":"publish","type":"product","link":"https:\/\/aquabluebursa.com\/en\/magaza\/aydinlatma-sistemlerimetal-halide-armaturler\/pacific-sun-aluminyum-hqi-reflektor\/","title":{"rendered":"Pacific Sun &#8211; Al\u00fcminyum HQI Reflekt\u00f6r"},"content":{"rendered":"<div><span style=\"font-size: 12pt;\">Pacific Sun &#8211; Al\u00fcminyum HQI Reflekt\u00f6r<\/span><\/div>\n<div><\/div>\n<div><span style=\"font-size: 12pt;\">HQI Metal Lamba Reflekt\u00f6r\u00fc<\/span><\/div>\n<div>\n<p><span style=\"font-size: medium;\">\u00d6l\u00e7\u00fc : 390x350x185mm<\/span><\/p>\n<p><span style=\"font-size: medium; color: #ef001b;\">Bu \u00fcr\u00fcn sadece al\u00fcminyum reflekt\u00f6r\u00fc i\u00e7erir. Komple armat\u00fcr seti de\u011fildir.<\/span><\/p>\n<p>&nbsp;<\/p>\n<\/div>","protected":false},"excerpt":{"rendered":"<p>Pacific Sun &#8211; Al\u00fcminyum HQI Reflekt\u00f6r HQI Metal Lamba Reflekt\u00f6r\u00fc \u00d6l\u00e7\u00fc : 390x350x185mm Bu \u00fcr\u00fcn sadece al\u00fcminyum reflekt\u00f6r\u00fc i\u00e7erir. Komple<\/p>","protected":false},"featured_media":13242,"comment_status":"closed","ping_status":"open","template":"","meta":[],"pwb-brand":[],"product_brand":[102],"product_cat":[172],"product_tag":[],"class_list":{"0":"post-12697","1":"product","2":"type-product","3":"status-publish","4":"has-post-thumbnail","6":"product_brand-pacific-sun","7":"product_cat-aydinlatma-sistemlerimetal-halide-armaturler","9":"first","10":"instock","11":"purchasable","12":"product-type-simple"},"brands":[],"_links":{"self":[{"href":"https:\/\/aquabluebursa.com\/en\/wp-json\/wp\/v2\/product\/12697","targetHints":{"allow":["GET"]}}],"collection":[{"href":"https:\/\/aquabluebursa.com\/en\/wp-json\/wp\/v2\/product"}],"about":[{"href":"https:\/\/aquabluebursa.com\/en\/wp-json\/wp\/v2\/types\/product"}],"replies":[{"embeddable":true,"href":"https:\/\/aquabluebursa.com\/en\/wp-json\/wp\/v2\/comments?post=12697"}],"wp:featuredmedia":[{"embeddable":true,"href":"https:\/\/aquabluebursa.com\/en\/wp-json\/wp\/v2\/media\/13242"}],"wp:attachment":[{"href":"https:\/\/aquabluebursa.com\/en\/wp-json\/wp\/v2\/media?parent=12697"}],"wp:term":[{"taxonomy":"pwb-brand","embeddable":true,"href":"https:\/\/aquabluebursa.com\/en\/wp-json\/wp\/v2\/pwb-brand?post=12697"},{"taxonomy":"product_brand","embeddable":true,"href":"https:\/\/aquabluebursa.com\/en\/wp-json\/wp\/v2\/product_brand?post=12697"},{"taxonomy":"product_cat","embeddable":true,"href":"https:\/\/aquabluebursa.com\/en\/wp-json\/wp\/v2\/product_cat?post=12697"},{"taxonomy":"product_tag","embeddable":true,"href":"https:\/\/aquabluebursa.com\/en\/wp-json\/wp\/v2\/product_tag?post=12697"}],"curies":[{"name":"wp","href":"https:\/\/api.w.org\/{rel}","templated":true}]}}