{"id":12700,"date":"2026-03-13T20:21:06","date_gmt":"2026-03-13T20:21:06","guid":{"rendered":"https:\/\/aquabluebursa.com\/magaza\/kategorilenmemis\/pacific-sun-spectra-19-500k-t5-54w\/"},"modified":"2026-03-13T20:21:07","modified_gmt":"2026-03-13T20:21:07","slug":"pacific-sun-spectra-19-500k-t5-54w","status":"publish","type":"product","link":"https:\/\/aquabluebursa.com\/en\/magaza\/aydinlatma-sistemlerit5-lambalar\/pacific-sun-spectra-19-500k-t5-54w\/","title":{"rendered":"Pacific Sun &#8211; Spectra+ 19.500K T5 54W"},"content":{"rendered":"<div><span style=\"color: #ef001b; font-size: 18.6667px; font-weight: bold;\">AYDINLATMA VE FLORASAN \u00dcR\u00dcNLER\u0130NDE KARGO ESNASINDA T\u00dcM SORUMLULUK ALICIYA A\u0130TT\u0130R.<\/span><\/div>\n<div><\/div>\n<div><span style=\"font-size: 16px; font-weight: bold;\">Pacific Sun &#8211; Spectra+ 19.500K T5<\/span><\/div>\n<div><\/div>\n<div><span style=\"font-size: 16px;\">The Spectra+ T5 tube combines the properties of a Crystal Blue, Shallow Water and Pigment+ tube producing a tube with unique crisp white colour with hints of red and blue and uv colour.. The higher blue component compared to an Shallow Water T5 tube produces better fluorescence in corals and the red component is excellent for colour rendition. Average color temperature is about 19.500K<\/span><\/div>\n<div><\/div>\n<div><img decoding=\"async\" src=\"http:\/\/www.pacific-sun.eu\/download\/t5\/sp2.jpg\" \/><\/div>","protected":false},"excerpt":{"rendered":"<p>AYDINLATMA VE FLORASAN \u00dcR\u00dcNLER\u0130NDE KARGO ESNASINDA T\u00dcM SORUMLULUK ALICIYA A\u0130TT\u0130R. Pacific Sun &#8211; Spectra+ 19.500K T5 The Spectra+ T5 tube<\/p>","protected":false},"featured_media":13247,"comment_status":"closed","ping_status":"open","template":"","meta":[],"pwb-brand":[],"product_brand":[102],"product_cat":[170],"product_tag":[],"class_list":{"0":"post-12700","1":"product","2":"type-product","3":"status-publish","4":"has-post-thumbnail","6":"product_brand-pacific-sun","7":"product_cat-aydinlatma-sistemlerit5-lambalar","9":"first","10":"outofstock","11":"purchasable","12":"product-type-simple"},"brands":[],"_links":{"self":[{"href":"https:\/\/aquabluebursa.com\/en\/wp-json\/wp\/v2\/product\/12700","targetHints":{"allow":["GET"]}}],"collection":[{"href":"https:\/\/aquabluebursa.com\/en\/wp-json\/wp\/v2\/product"}],"about":[{"href":"https:\/\/aquabluebursa.com\/en\/wp-json\/wp\/v2\/types\/product"}],"replies":[{"embeddable":true,"href":"https:\/\/aquabluebursa.com\/en\/wp-json\/wp\/v2\/comments?post=12700"}],"wp:featuredmedia":[{"embeddable":true,"href":"https:\/\/aquabluebursa.com\/en\/wp-json\/wp\/v2\/media\/13247"}],"wp:attachment":[{"href":"https:\/\/aquabluebursa.com\/en\/wp-json\/wp\/v2\/media?parent=12700"}],"wp:term":[{"taxonomy":"pwb-brand","embeddable":true,"href":"https:\/\/aquabluebursa.com\/en\/wp-json\/wp\/v2\/pwb-brand?post=12700"},{"taxonomy":"product_brand","embeddable":true,"href":"https:\/\/aquabluebursa.com\/en\/wp-json\/wp\/v2\/product_brand?post=12700"},{"taxonomy":"product_cat","embeddable":true,"href":"https:\/\/aquabluebursa.com\/en\/wp-json\/wp\/v2\/product_cat?post=12700"},{"taxonomy":"product_tag","embeddable":true,"href":"https:\/\/aquabluebursa.com\/en\/wp-json\/wp\/v2\/product_tag?post=12700"}],"curies":[{"name":"wp","href":"https:\/\/api.w.org\/{rel}","templated":true}]}}