{"id":12703,"date":"2026-03-13T20:21:11","date_gmt":"2026-03-13T20:21:11","guid":{"rendered":"https:\/\/aquabluebursa.com\/magaza\/kategorilenmemis\/pacific-sun-diuna-8x39-watt-t5-armatur\/"},"modified":"2026-03-13T20:21:11","modified_gmt":"2026-03-13T20:21:11","slug":"pacific-sun-diuna-8x39-watt-t5-armatur","status":"publish","type":"product","link":"https:\/\/aquabluebursa.com\/en\/magaza\/aydinlatma-sistemlerit5-armaturler\/pacific-sun-diuna-8x39-watt-t5-armatur\/","title":{"rendered":"Pacific Sun &#8211; Diuna 8&#215;39 Watt T5 Armat\u00fcr"},"content":{"rendered":"<div><span style=\"font-size: 12pt; font-weight: bold;\">Pacific Sun &#8211; Diuna 8&#215;39 Watt T5 Armat\u00fcr<\/span><\/div>\n<div><\/div>\n<div><\/div>\n<div><span style=\"font-size: 12pt;\">&#8211; Aktif so\u011futma sistemi sayesinde uzun \u00f6m\u00fcrl\u00fc kullan\u0131m garantisi<\/span><\/div>\n<div><span style=\"font-size: medium;\">&#8211; Her 2 lamba i\u00e7in ayr\u0131 kontrol olana\u011f\u0131<\/span><\/div>\n<div><span style=\"font-size: medium;\">&#8211; Bilgisayar \/ Android \u00fczerinden Wireless ( Kablosuz ) kontrol \u00f6zelli\u011fi (Bluetooth)<\/span><\/div>\n<div><span style=\"font-size: medium;\">&#8211; Y\u00fcksek kalitede g\u00fcm\u00fc\u015f kaplama al\u00fcminyum reflekt\u00f6rler<\/span><\/div>\n<div><span style=\"font-size: 12pt;\">&#8211; Entegre ay \u0131\u015f\u0131\u011f\u0131 \u00fcnitesi<\/span><\/div>\n<div><span style=\"font-size: medium;\">&#8211; Fan so\u011futmal\u0131 elektronik balast<\/span><\/div>\n<div>\n<div><span style=\"font-size: medium;\">&#8211; Lamba kullan\u0131m ve de\u011fi\u015fim s\u00fcresi g\u00f6stergesi<\/span><\/div>\n<\/div>","protected":false},"excerpt":{"rendered":"<p>Pacific Sun &#8211; Diuna 8&#215;39 Watt T5 Armat\u00fcr &#8211; Aktif so\u011futma sistemi sayesinde uzun \u00f6m\u00fcrl\u00fc kullan\u0131m garantisi &#8211; Her 2<\/p>","protected":false},"featured_media":13256,"comment_status":"closed","ping_status":"open","template":"","meta":[],"pwb-brand":[],"product_brand":[102],"product_cat":[171],"product_tag":[],"class_list":{"0":"post-12703","1":"product","2":"type-product","3":"status-publish","4":"has-post-thumbnail","6":"product_brand-pacific-sun","7":"product_cat-aydinlatma-sistemlerit5-armaturler","9":"first","10":"instock","11":"purchasable","12":"product-type-simple"},"brands":[],"_links":{"self":[{"href":"https:\/\/aquabluebursa.com\/en\/wp-json\/wp\/v2\/product\/12703","targetHints":{"allow":["GET"]}}],"collection":[{"href":"https:\/\/aquabluebursa.com\/en\/wp-json\/wp\/v2\/product"}],"about":[{"href":"https:\/\/aquabluebursa.com\/en\/wp-json\/wp\/v2\/types\/product"}],"replies":[{"embeddable":true,"href":"https:\/\/aquabluebursa.com\/en\/wp-json\/wp\/v2\/comments?post=12703"}],"wp:featuredmedia":[{"embeddable":true,"href":"https:\/\/aquabluebursa.com\/en\/wp-json\/wp\/v2\/media\/13256"}],"wp:attachment":[{"href":"https:\/\/aquabluebursa.com\/en\/wp-json\/wp\/v2\/media?parent=12703"}],"wp:term":[{"taxonomy":"pwb-brand","embeddable":true,"href":"https:\/\/aquabluebursa.com\/en\/wp-json\/wp\/v2\/pwb-brand?post=12703"},{"taxonomy":"product_brand","embeddable":true,"href":"https:\/\/aquabluebursa.com\/en\/wp-json\/wp\/v2\/product_brand?post=12703"},{"taxonomy":"product_cat","embeddable":true,"href":"https:\/\/aquabluebursa.com\/en\/wp-json\/wp\/v2\/product_cat?post=12703"},{"taxonomy":"product_tag","embeddable":true,"href":"https:\/\/aquabluebursa.com\/en\/wp-json\/wp\/v2\/product_tag?post=12703"}],"curies":[{"name":"wp","href":"https:\/\/api.w.org\/{rel}","templated":true}]}}