{"id":12709,"date":"2026-03-13T20:21:18","date_gmt":"2026-03-13T20:21:18","guid":{"rendered":"https:\/\/aquabluebursa.com\/magaza\/kategorilenmemis\/reef-royal-water-pipe-%cf%8632-32lik-pvc-u-gecis-adaptoru\/"},"modified":"2026-03-13T20:21:18","modified_gmt":"2026-03-13T20:21:18","slug":"reef-royal-water-pipe-%cf%8632-32lik-pvc-u-gecis-adaptoru","status":"publish","type":"product","link":"https:\/\/aquabluebursa.com\/en\/magaza\/boru-fitting-malzemeleri\/reef-royal-water-pipe-%cf%8632-32lik-pvc-u-gecis-adaptoru\/","title":{"rendered":"Reef Royal &#8211; Water Pipe \u03a632 \/ 32&#8217;lik PVC-U Ge\u00e7i\u015f Adapt\u00f6r\u00fc"},"content":{"rendered":"<div><span style=\"font-weight: bold; font-size: 12pt;\">Reef Royal &#8211; Water Pipe \u03a632 \/ 32&#8217;lik PVC-U Ge\u00e7i\u015f Adapt\u00f6r\u00fc<\/span><\/div>\n<div><\/div>\n<div>\n<div>\n<div>\n<div><\/div>\n<\/div>\n<\/div>\n<\/div>\n<div><\/div>","protected":false},"excerpt":{"rendered":"<p>Reef Royal &#8211; Water Pipe \u03a632 \/ 32&#8217;lik PVC-U Ge\u00e7i\u015f Adapt\u00f6r\u00fc<\/p>","protected":false},"featured_media":13266,"comment_status":"closed","ping_status":"open","template":"","meta":[],"pwb-brand":[],"product_brand":[98],"product_cat":[168],"product_tag":[],"class_list":{"0":"post-12709","1":"product","2":"type-product","3":"status-publish","4":"has-post-thumbnail","6":"product_brand-reef-royal-aquatics","7":"product_cat-boru-fitting-malzemeleri","9":"first","10":"instock","11":"purchasable","12":"product-type-simple"},"brands":[],"_links":{"self":[{"href":"https:\/\/aquabluebursa.com\/en\/wp-json\/wp\/v2\/product\/12709","targetHints":{"allow":["GET"]}}],"collection":[{"href":"https:\/\/aquabluebursa.com\/en\/wp-json\/wp\/v2\/product"}],"about":[{"href":"https:\/\/aquabluebursa.com\/en\/wp-json\/wp\/v2\/types\/product"}],"replies":[{"embeddable":true,"href":"https:\/\/aquabluebursa.com\/en\/wp-json\/wp\/v2\/comments?post=12709"}],"wp:featuredmedia":[{"embeddable":true,"href":"https:\/\/aquabluebursa.com\/en\/wp-json\/wp\/v2\/media\/13266"}],"wp:attachment":[{"href":"https:\/\/aquabluebursa.com\/en\/wp-json\/wp\/v2\/media?parent=12709"}],"wp:term":[{"taxonomy":"pwb-brand","embeddable":true,"href":"https:\/\/aquabluebursa.com\/en\/wp-json\/wp\/v2\/pwb-brand?post=12709"},{"taxonomy":"product_brand","embeddable":true,"href":"https:\/\/aquabluebursa.com\/en\/wp-json\/wp\/v2\/product_brand?post=12709"},{"taxonomy":"product_cat","embeddable":true,"href":"https:\/\/aquabluebursa.com\/en\/wp-json\/wp\/v2\/product_cat?post=12709"},{"taxonomy":"product_tag","embeddable":true,"href":"https:\/\/aquabluebursa.com\/en\/wp-json\/wp\/v2\/product_tag?post=12709"}],"curies":[{"name":"wp","href":"https:\/\/api.w.org\/{rel}","templated":true}]}}