{"id":12714,"date":"2026-03-13T20:21:27","date_gmt":"2026-03-13T20:21:27","guid":{"rendered":"https:\/\/aquabluebursa.com\/magaza\/kategorilenmemis\/reef-royal-dj-04-pipe-holder-4lu-hortum-tutacagi\/"},"modified":"2026-03-13T20:21:27","modified_gmt":"2026-03-13T20:21:27","slug":"reef-royal-dj-04-pipe-holder-4lu-hortum-tutacagi","status":"publish","type":"product","link":"https:\/\/aquabluebursa.com\/en\/magaza\/digerleri\/reef-royal-dj-04-pipe-holder-4lu-hortum-tutacagi\/","title":{"rendered":"Reef Royal &#8211; DJ 04 Pipe Holder \/ 4&#8217;l\u00fc Hortum Tutaca\u011f\u0131"},"content":{"rendered":"<div><span style=\"font-weight: bold; font-size: 12pt;\">Reef Royal &#8211; DJ 04 Pipe Holder \/ 4&#8217;l\u00fc Hortum Tutaca\u011f\u0131<\/span><\/div>\n<div><\/div>\n<div>\n<div>\n<div>\n<div><\/div>\n<\/div>\n<\/div>\n<\/div>\n<div><\/div>","protected":false},"excerpt":{"rendered":"<p>Reef Royal &#8211; DJ 04 Pipe Holder \/ 4&#8217;l\u00fc Hortum Tutaca\u011f\u0131<\/p>","protected":false},"featured_media":13273,"comment_status":"closed","ping_status":"open","template":"","meta":[],"pwb-brand":[],"product_brand":[98],"product_cat":[173],"product_tag":[],"class_list":{"0":"post-12714","1":"product","2":"type-product","3":"status-publish","4":"has-post-thumbnail","6":"product_brand-reef-royal-aquatics","7":"product_cat-digerleri","9":"first","10":"outofstock","11":"purchasable","12":"product-type-simple"},"brands":[],"_links":{"self":[{"href":"https:\/\/aquabluebursa.com\/en\/wp-json\/wp\/v2\/product\/12714","targetHints":{"allow":["GET"]}}],"collection":[{"href":"https:\/\/aquabluebursa.com\/en\/wp-json\/wp\/v2\/product"}],"about":[{"href":"https:\/\/aquabluebursa.com\/en\/wp-json\/wp\/v2\/types\/product"}],"replies":[{"embeddable":true,"href":"https:\/\/aquabluebursa.com\/en\/wp-json\/wp\/v2\/comments?post=12714"}],"wp:featuredmedia":[{"embeddable":true,"href":"https:\/\/aquabluebursa.com\/en\/wp-json\/wp\/v2\/media\/13273"}],"wp:attachment":[{"href":"https:\/\/aquabluebursa.com\/en\/wp-json\/wp\/v2\/media?parent=12714"}],"wp:term":[{"taxonomy":"pwb-brand","embeddable":true,"href":"https:\/\/aquabluebursa.com\/en\/wp-json\/wp\/v2\/pwb-brand?post=12714"},{"taxonomy":"product_brand","embeddable":true,"href":"https:\/\/aquabluebursa.com\/en\/wp-json\/wp\/v2\/product_brand?post=12714"},{"taxonomy":"product_cat","embeddable":true,"href":"https:\/\/aquabluebursa.com\/en\/wp-json\/wp\/v2\/product_cat?post=12714"},{"taxonomy":"product_tag","embeddable":true,"href":"https:\/\/aquabluebursa.com\/en\/wp-json\/wp\/v2\/product_tag?post=12714"}],"curies":[{"name":"wp","href":"https:\/\/api.w.org\/{rel}","templated":true}]}}