{"id":12716,"date":"2026-03-13T20:21:27","date_gmt":"2026-03-13T20:21:27","guid":{"rendered":"https:\/\/aquabluebursa.com\/magaza\/kategorilenmemis\/reef-royal-gl-a-akrilik-balik-izolasyon-kiti\/"},"modified":"2026-03-13T20:21:27","modified_gmt":"2026-03-13T20:21:27","slug":"reef-royal-gl-a-akrilik-balik-izolasyon-kiti","status":"publish","type":"product","link":"https:\/\/aquabluebursa.com\/en\/magaza\/digerleri\/reef-royal-gl-a-akrilik-balik-izolasyon-kiti\/","title":{"rendered":"Reef Royal &#8211; GL-A Akrilik Bal\u0131k \u0130zolasyon Kiti"},"content":{"rendered":"<div><span style=\"font-size: 12pt; font-weight: bold;\">Reef Royal &#8211; GL-A Akrilik Bal\u0131k \u0130zolasyon Kiti<\/span><\/div>\n<div><\/div>\n<div><span style=\"vertical-align: super; font-size: 12pt;\">Akvaryuma yeni bal\u0131k eklerken ya da de\u011fi\u015fik t\u00fcrleri birbirinden ay\u0131rmak i\u00e7in kullan\u0131labilen bir kapan t\u00fcr\u00fcd\u00fcr.\u00a0<\/span><\/div>\n<div><\/div>\n<div>\n<div><span style=\"font-size: 12pt;\">200 x 100 x 150 mm<\/span><\/div>\n<div><span style=\"font-size: medium;\">Two doors<\/span><\/div>\n<div><span style=\"font-size: medium;\">Dismountable plate<\/span><\/div>\n<div><span style=\"font-size: medium;\">Dismountable door<\/span><\/div>\n<div><span style=\"font-size: medium;\">Top plate food entrance<\/span><\/div>\n<div><span style=\"font-size: medium;\">Food Hole diameter 6mm<\/span><\/div>\n<\/div>\n<div><\/div>","protected":false},"excerpt":{"rendered":"<p>Reef Royal &#8211; GL-A Akrilik Bal\u0131k \u0130zolasyon Kiti Akvaryuma yeni bal\u0131k eklerken ya da de\u011fi\u015fik t\u00fcrleri birbirinden ay\u0131rmak i\u00e7in kullan\u0131labilen<\/p>","protected":false},"featured_media":13277,"comment_status":"closed","ping_status":"open","template":"","meta":[],"pwb-brand":[],"product_brand":[98],"product_cat":[173],"product_tag":[],"class_list":{"0":"post-12716","1":"product","2":"type-product","3":"status-publish","4":"has-post-thumbnail","6":"product_brand-reef-royal-aquatics","7":"product_cat-digerleri","9":"first","10":"outofstock","11":"purchasable","12":"product-type-simple"},"brands":[],"_links":{"self":[{"href":"https:\/\/aquabluebursa.com\/en\/wp-json\/wp\/v2\/product\/12716","targetHints":{"allow":["GET"]}}],"collection":[{"href":"https:\/\/aquabluebursa.com\/en\/wp-json\/wp\/v2\/product"}],"about":[{"href":"https:\/\/aquabluebursa.com\/en\/wp-json\/wp\/v2\/types\/product"}],"replies":[{"embeddable":true,"href":"https:\/\/aquabluebursa.com\/en\/wp-json\/wp\/v2\/comments?post=12716"}],"wp:featuredmedia":[{"embeddable":true,"href":"https:\/\/aquabluebursa.com\/en\/wp-json\/wp\/v2\/media\/13277"}],"wp:attachment":[{"href":"https:\/\/aquabluebursa.com\/en\/wp-json\/wp\/v2\/media?parent=12716"}],"wp:term":[{"taxonomy":"pwb-brand","embeddable":true,"href":"https:\/\/aquabluebursa.com\/en\/wp-json\/wp\/v2\/pwb-brand?post=12716"},{"taxonomy":"product_brand","embeddable":true,"href":"https:\/\/aquabluebursa.com\/en\/wp-json\/wp\/v2\/product_brand?post=12716"},{"taxonomy":"product_cat","embeddable":true,"href":"https:\/\/aquabluebursa.com\/en\/wp-json\/wp\/v2\/product_cat?post=12716"},{"taxonomy":"product_tag","embeddable":true,"href":"https:\/\/aquabluebursa.com\/en\/wp-json\/wp\/v2\/product_tag?post=12716"}],"curies":[{"name":"wp","href":"https:\/\/api.w.org\/{rel}","templated":true}]}}