{"id":12734,"date":"2026-03-13T20:21:53","date_gmt":"2026-03-13T20:21:53","guid":{"rendered":"https:\/\/aquabluebursa.com\/magaza\/kategorilenmemis\/prodibio-bioptim-30-ampul\/"},"modified":"2026-03-13T20:21:53","modified_gmt":"2026-03-13T20:21:53","slug":"prodibio-bioptim-30-ampul","status":"publish","type":"product","link":"https:\/\/aquabluebursa.com\/en\/magaza\/bakteri-kulturleri\/prodibio-bioptim-30-ampul\/","title":{"rendered":"Prodibio &#8211; Bioptim 30 Amp\u00fcl"},"content":{"rendered":"<p>&nbsp;<\/p>\n<p class=\"MsoNormal\"><span style=\"font-size: 12pt; line-height: 115%; font-weight: bold;\">Bioptim<br \/>\n<\/span><\/p>\n<p class=\"MsoNormal\">Bioptim, BioDigest bakterilerine<br \/>\ntuzlu suyu optimum \u015fekilde ar\u0131tmak ve su kalitesini iyile\u015ftirmek i\u00e7in gereken<br \/>\nmikro besinleri sa\u011flar.<\/p>\n<p class=\"MsoNormal\"><span style=\"font-weight: bold;\"><span style=\"font-size: 12pt; line-height: 115%; text-decoration: underline;\">Bioptim \u00a0bilgileri:<br \/>\n<\/span><\/span><\/p>\n<p class=\"MsoListParagraphCxSpFirst\">\n<ul>\n<li>Akvaryumlar\u0131n\u0131zda<br \/>\ncanl\u0131 ya\u015fam i\u00e7in gerekli t\u00fcm mikro elementleri (amino asitler, enzimler, do\u011fal<br \/>\nvitaminler\u2026) i\u00e7erir.<\/li>\n<li>Bioptim ayr\u0131ca<br \/>\neser elementler de sa\u011flar :<\/li>\n<li>proteinler i\u00e7in<br \/>\nk\u00fck\u00fcrt sa\u011flar<\/li>\n<li>bitkiler ve<br \/>\nbal\u0131k\u00a0 i\u00e7in demir sa\u011flar<\/li>\n<li>B vitaminleri<br \/>\ni\u00e7in kobalt sa\u011flar<\/li>\n<li>Kalsiyum,<br \/>\nmagnezyum, manganez, \u00e7inko, molibden ve potasyum takviyesi sa\u011flar<\/li>\n<li>Akvaryumunuzdaki \u00a0ya\u015fayan bakterilerin \u00e7o\u011funun h\u00fccresel<br \/>\nmetabolizmas\u0131n\u0131 dinamik hale getirir<\/li>\n<li>Bioptim , organik<br \/>\nmaddenin sindirimini ve at\u0131lmas\u0131n\u0131 \u00a0h\u0131zland\u0131r\u0131r.<\/li>\n<li>Nitrat ve fosfat\u0131n<br \/>\nortamdan kald\u0131r\u0131lmas\u0131n\u0131 kolayla\u015ft\u0131r\u0131r.<\/li>\n<\/ul>\n<p>&nbsp;<\/p>\n<p>&nbsp;<\/p>\n<p class=\"MsoListParagraphCxSpMiddle\">\n<p class=\"MsoListParagraphCxSpMiddle\">\n<p class=\"MsoListParagraphCxSpMiddle\">\n<p class=\"MsoListParagraphCxSpMiddle\">\n<p class=\"MsoListParagraphCxSpMiddle\">\n<p class=\"MsoListParagraphCxSpMiddle\">\n<p class=\"MsoListParagraphCxSpMiddle\">\n<p class=\"MsoListParagraphCxSpLast\">\n<p class=\"MsoNormal\"><span style=\"font-size: 14.0pt; line-height: 115%;\">\u00a0<\/span><span style=\"font-size: 12pt; text-decoration-line: underline; font-weight: bold;\">Bioptim ne zaman kullan\u0131lmal\u0131d\u0131r?<\/span><\/p>\n<p class=\"MsoListParagraphCxSpFirst\">\n<ul>\n<li>BioDigest bakteri ile\u00a0 beraber kullanabilirsiniz.<\/li>\n<li>Tuzlu su akvaryumunuzda daha iyi bir su<br \/>\nkalitesine sahip olmak istedi\u011finizde.<\/li>\n<\/ul>\n<p>&nbsp;<\/p>\n<hr \/>\n<p>&nbsp;<\/p>\n<p>&nbsp;<\/p>\n<p><span style=\"font-weight: bold; text-indent: 18pt;\">Akvaryum Hacmi\u00a0 \u00a0 \u00a0 \u00a0 \u00a0 \u00a0 \u00a0 \u00a0 \u00a0 \u00a0 \u00a0\u00dcr\u00fcn T\u00fcr\u00fc\u00a0 \u00a0 \u00a0 \u00a0 \u00a0 \u00a0 \u00a0 \u00a0 \u00a0 \u00a0 \u00a0 \u00a0 \u00a0 \u00a0 \u00a0 Dozaj Miktar\u0131<\/span><\/p>\n<p class=\"MsoNormal\" style=\"text-indent: 18.0pt;\">\n<p class=\"MsoNormal\" style=\"text-indent: 18.0pt;\">0 &#8211; 60 litre\u00a0 \u00a0 \u00a0 \u00a0 \u00a0 \u00a0 \u00a0 \u00a0 \u00a0 \u00a0 \u00a0 \u00a0 \u00a0 \u00a0 \u00a0 \u00a0 \u00a0 nano\u00a0 \u00a0 \u00a0 \u00a0 \u00a0 \u00a0 \u00a0 \u00a0 \u00a0 \u00a0 \u00a0 \u00a0 \u00a0 \u00a0 \u00a0 \u00a0 \u00a0 \u00a01 Amp\u00fcl \/<br \/>\n15 g\u00fcn<\/p>\n<p class=\"MsoNormal\" style=\"text-indent: 18.0pt;\">60 &#8211; 120 litre\u00a0\u00a0\u00a0\u00a0\u00a0\u00a0\u00a0\u00a0\u00a0\u00a0\u00a0\u00a0\u00a0\u00a0\u00a0\u00a0\u00a0\u00a0\u00a0\u00a0\u00a0\u00a0\u00a0\u00a0\u00a0\u00a0\u00a0\u00a0\u00a0 nano\u00a0 \u00a0 \u00a0 \u00a0 \u00a0 \u00a0 \u00a0 \u00a0 \u00a0 \u00a0 \u00a0 \u00a0 \u00a0 \u00a0 \u00a0 \u00a0 \u00a0 \u00a0 2 Amp\u00fcl \/<br \/>\n15 g\u00fcn<\/p>\n<p class=\"MsoNormal\" style=\"text-indent: 18.0pt;\">120 -200 litre\u00a0\u00a0\u00a0\u00a0\u00a0\u00a0\u00a0\u00a0\u00a0\u00a0\u00a0\u00a0\u00a0\u00a0\u00a0\u00a0\u00a0\u00a0\u00a0\u00a0\u00a0\u00a0\u00a0\u00a0\u00a0\u00a0\u00a0\u00a0 Standart\u00a0\u00a0\u00a0\u00a0\u00a0\u00a0\u00a0\u00a0\u00a0\u00a0\u00a0\u00a0\u00a0\u00a0\u00a0\u00a0\u00a0\u00a0\u00a0\u00a0\u00a0\u00a0\u00a0\u00a0\u00a0\u00a0\u00a0\u00a0\u00a0 1 Amp\u00fcl \/ 15 g\u00fcn<\/p>\n<p class=\"MsoNormal\" style=\"text-indent: 18.0pt;\">200 &#8211; 400 litre\u00a0\u00a0\u00a0\u00a0\u00a0\u00a0\u00a0\u00a0\u00a0\u00a0\u00a0\u00a0\u00a0\u00a0\u00a0\u00a0\u00a0\u00a0\u00a0\u00a0\u00a0\u00a0\u00a0\u00a0\u00a0\u00a0\u00a0 Standart\u00a0\u00a0\u00a0\u00a0\u00a0\u00a0\u00a0\u00a0\u00a0\u00a0\u00a0\u00a0\u00a0\u00a0\u00a0\u00a0\u00a0\u00a0\u00a0\u00a0\u00a0\u00a0\u00a0\u00a0\u00a0\u00a0\u00a0\u00a0\u00a0 2 Amp\u00fcl \/ 15 g\u00fcn<\/p>\n<p class=\"MsoNormal\" style=\"text-indent: 18.0pt;\">400 &#8211; 600 litre\u00a0\u00a0\u00a0\u00a0\u00a0\u00a0\u00a0\u00a0\u00a0\u00a0\u00a0\u00a0\u00a0\u00a0\u00a0\u00a0\u00a0\u00a0\u00a0\u00a0\u00a0\u00a0\u00a0\u00a0\u00a0\u00a0\u00a0 Standart\u00a0\u00a0\u00a0\u00a0\u00a0\u00a0\u00a0\u00a0\u00a0\u00a0\u00a0\u00a0\u00a0\u00a0\u00a0\u00a0\u00a0\u00a0\u00a0\u00a0\u00a0\u00a0\u00a0\u00a0\u00a0\u00a0\u00a0\u00a0\u00a0 3 Amp\u00fcl \/ 15 g\u00fcn<\/p>\n<p class=\"MsoNormal\" style=\"text-indent: 18.0pt;\">600 &#8211; 800 litre\u00a0\u00a0\u00a0\u00a0\u00a0\u00a0\u00a0\u00a0\u00a0\u00a0\u00a0\u00a0\u00a0\u00a0\u00a0\u00a0\u00a0\u00a0\u00a0\u00a0\u00a0\u00a0\u00a0\u00a0\u00a0\u00a0\u00a0 Standart\u00a0\u00a0\u00a0\u00a0\u00a0\u00a0\u00a0\u00a0\u00a0\u00a0\u00a0\u00a0\u00a0\u00a0\u00a0\u00a0\u00a0\u00a0\u00a0\u00a0\u00a0\u00a0\u00a0\u00a0\u00a0\u00a0\u00a0\u00a0\u00a0 4 Amp\u00fcl \/ 15 g\u00fcn<\/p>\n<p style=\"text-align: justify;\">\u00a0 \u00a0 \u00a0 \u00a0<span style=\"text-indent: 18pt;\">800 &#8211; 1 000 litre\u00a0\u00a0\u00a0\u00a0\u00a0\u00a0\u00a0\u00a0\u00a0\u00a0\u00a0\u00a0\u00a0\u00a0\u00a0\u00a0\u00a0\u00a0\u00a0\u00a0\u00a0\u00a0\u00a0\u00a0 Standart\u00a0\u00a0\u00a0\u00a0\u00a0\u00a0\u00a0\u00a0\u00a0\u00a0\u00a0\u00a0\u00a0\u00a0\u00a0\u00a0\u00a0\u00a0\u00a0\u00a0\u00a0\u00a0\u00a0\u00a0\u00a0\u00a0\u00a0\u00a0\u00a0 5 Amp\u00fcl \/ 15 g\u00fcn<\/span><\/p>\n<p style=\"text-align: justify;\">\n<hr \/>\n<p class=\"MsoNormal\" style=\"text-indent: 18.0pt;\">\n<p><iframe loading=\"lazy\" src=\"https:\/\/www.youtube.com\/embed\/2bjIEmiKN6I\" width=\"560\" height=\"315\" frameborder=\"0\" allowfullscreen=\"allowfullscreen\"><\/iframe><\/p>","protected":false},"excerpt":{"rendered":"<p>&nbsp; Bioptim Bioptim, BioDigest bakterilerine tuzlu suyu optimum \u015fekilde ar\u0131tmak ve su kalitesini iyile\u015ftirmek i\u00e7in gereken mikro besinleri sa\u011flar. Bioptim<\/p>","protected":false},"featured_media":13294,"comment_status":"closed","ping_status":"open","template":"","meta":[],"pwb-brand":[],"product_brand":[88],"product_cat":[158],"product_tag":[],"class_list":{"0":"post-12734","1":"product","2":"type-product","3":"status-publish","4":"has-post-thumbnail","6":"product_brand-prodibio","7":"product_cat-bakteri-kulturleri","9":"first","10":"outofstock","11":"purchasable","12":"product-type-simple"},"brands":[],"_links":{"self":[{"href":"https:\/\/aquabluebursa.com\/en\/wp-json\/wp\/v2\/product\/12734","targetHints":{"allow":["GET"]}}],"collection":[{"href":"https:\/\/aquabluebursa.com\/en\/wp-json\/wp\/v2\/product"}],"about":[{"href":"https:\/\/aquabluebursa.com\/en\/wp-json\/wp\/v2\/types\/product"}],"replies":[{"embeddable":true,"href":"https:\/\/aquabluebursa.com\/en\/wp-json\/wp\/v2\/comments?post=12734"}],"wp:featuredmedia":[{"embeddable":true,"href":"https:\/\/aquabluebursa.com\/en\/wp-json\/wp\/v2\/media\/13294"}],"wp:attachment":[{"href":"https:\/\/aquabluebursa.com\/en\/wp-json\/wp\/v2\/media?parent=12734"}],"wp:term":[{"taxonomy":"pwb-brand","embeddable":true,"href":"https:\/\/aquabluebursa.com\/en\/wp-json\/wp\/v2\/pwb-brand?post=12734"},{"taxonomy":"product_brand","embeddable":true,"href":"https:\/\/aquabluebursa.com\/en\/wp-json\/wp\/v2\/product_brand?post=12734"},{"taxonomy":"product_cat","embeddable":true,"href":"https:\/\/aquabluebursa.com\/en\/wp-json\/wp\/v2\/product_cat?post=12734"},{"taxonomy":"product_tag","embeddable":true,"href":"https:\/\/aquabluebursa.com\/en\/wp-json\/wp\/v2\/product_tag?post=12734"}],"curies":[{"name":"wp","href":"https:\/\/api.w.org\/{rel}","templated":true}]}}