{"id":12735,"date":"2026-03-13T20:21:53","date_gmt":"2026-03-13T20:21:53","guid":{"rendered":"https:\/\/aquabluebursa.com\/magaza\/kategorilenmemis\/prodibio-biodigest-30-ampul\/"},"modified":"2026-03-13T20:21:53","modified_gmt":"2026-03-13T20:21:53","slug":"prodibio-biodigest-30-ampul","status":"publish","type":"product","link":"https:\/\/aquabluebursa.com\/en\/magaza\/bakteri-kulturleri\/prodibio-biodigest-30-ampul\/","title":{"rendered":"Prodibio &#8211; BioDigest 30 Amp\u00fcl"},"content":{"rendered":"<p class=\"MsoNormal\"><span style=\"font-size: 12pt; line-height: 115%; font-weight: bold;\">Bio Digest<br \/>\n<\/span><\/p>\n<p class=\"MsoNormal\">BioDigest, Tuzlu su ve tatl\u0131 su akvaryumlar\u0131nda<br \/>\netkilidir.\u00a0 Akvaryum at\u0131klar\u0131n\u0131 biyolojik<br \/>\nolarak filtreleyen ve ortadan kald\u0131ran konsantre bir bakteri sol\u00fcsyonudur.<\/p>\n<p class=\"MsoNormal\"><span style=\"font-weight: bold;\"><span style=\"font-size: 12pt; line-height: 115%; text-decoration: underline;\">BioDigest bilgileri<br \/>\n<\/span><\/span><\/p>\n<p class=\"MsoNormal\">\u00d6zel olarak geli\u015ftirilmi\u015f Canl\u0131 bakterilerinin alt t\u00fcrlerinden(heterotrofik)<br \/>\nolu\u015fur.<\/p>\n<p class=\"MsoNormal\">Heterotrofik bakteri t\u00fcr\u00fc at\u0131k maddelerinin<br \/>\nuzakla\u015ft\u0131r\u0131lmas\u0131\u00a0 ve\u00a0 akvaryum temizli\u011finde en hayati bakteri<br \/>\nt\u00fcr\u00fcd\u00fcr.<\/p>\n<p class=\"MsoNormal\">Tatl\u0131 veya deniz suyu akvaryumunuzda biyolojik<br \/>\nfiltrasyonun(Azot d\u00f6ng\u00fcs\u00fc)\u00a0 ba\u015flamas\u0131n\u0131<br \/>\nsa\u011flar.<\/p>\n<p class=\"MsoNormal\">Nitratlar ve fosfatlar azal\u0131r.<\/p>\n<p class=\"MsoNormal\">Suyun etkili bir \u015fekilde ar\u0131t\u0131lmas\u0131n\u0131 sa\u011flar<\/p>\n<p class=\"MsoNormal\">Sa\u00e7ak yosunlar\u0131n \u00a0yay\u0131lmas\u0131n\u0131 \u00f6nler.<\/p>\n<p class=\"MsoNormal\"><span style=\"font-weight: bold;\"><span style=\"font-size: 12pt; line-height: 115%; text-decoration: underline;\">BioDigest ne zaman kullan\u0131lmal\u0131d\u0131r?<br \/>\n<\/span><\/span><\/p>\n<p class=\"MsoNormal\">Yeni kurulum yap\u0131lacak Deniz Akvaryumu ve Tatl\u0131 su<br \/>\nakvaryumlar\u0131n\u0131n bakteri ba\u015flang\u0131c\u0131 i\u00e7in.<\/p>\n<p class=\"MsoNormal\">Her 15 g\u00fcnde bir T\u00fcp , akvaryumun optimal temizli\u011fini sa\u011flar.<\/p>\n<p class=\"MsoNormal\">Temizleme s\u00fcrecini h\u0131zland\u0131rmak i\u00e7in dozlar\u0131 art\u0131rmay\u0131n,<br \/>\nbunun yerine \u00fcr\u00fcn\u00fc daha s\u0131k kullan\u0131n.<\/p>\n<p class=\"MsoNormal\">\u00a0 \u00a0 \u00a0<span style=\"font-weight: bold;\">Akvaryum<br \/>\nHacmi\u00a0\u00a0\u00a0\u00a0\u00a0 \u00a0\u00a0\u00a0\u00a0\u00a0\u00a0\u00a0\u00a0\u00a0\u00dcr\u00fcn<br \/>\nT\u00fcr\u00fc\u00a0\u00a0\u00a0\u00a0\u00a0\u00a0 \u00a0\u00a0\u00a0\u00a0\u00a0\u00a0\u00a0\u00a0\u00a0\u00a0\u00a0\u00a0\u00a0\u00a0\u00a0\u00a0\u00a0\u00a0\u00a0\u00a0\u00a0\u00a0\u00a0\u00a0\u00a0\u00a0\u00a0Dozaj Miktar\u0131<br \/>\n<\/span><\/p>\n<p class=\"MsoNormal\">\u00a0\u00a0 \u00a0\u00a0120 &#8211; 1 000 Litre\u00a0\u00a0\u00a0\u00a0\u00a0\u00a0\u00a0\u00a0\u00a0\u00a0 \u00a0\u00a0\u00a0\u00a0\u00a0\u00a0 Standard\u00a0\u00a0\u00a0\u00a0\u00a0\u00a0\u00a0\u00a0\u00a0\u00a0\u00a0\u00a0\u00a0\u00a0\u00a0\u00a0\u00a0\u00a0\u00a0\u00a0\u00a0\u00a0\u00a0\u00a0\u00a0\u00a0\u00a0\u00a0\u00a0\u00a0\u00a0\u00a0\u00a0\u00a0\u00a0\u00a0 1 Amp\u00fcl \/<br \/>\n15 g\u00fcn<\/p>\n<p class=\"MsoNormal\">\u00a0\u00a0\u00a0 \u00a01 000 -10 000 Litre\u00a0\u00a0\u00a0\u00a0\u00a0 \u00a0\u00a0\u00a0\u00a0\u00a0\u00a0\u00a0 \u00a0Pro\u00a0 \u00a0 \u00a0 \u00a0 \u00a0 \u00a0 \u00a0 \u00a0 \u00a0 \u00a0 \u00a0 \u00a0 \u00a0 \u00a0 \u00a0 \u00a0 \u00a0 \u00a0 \u00a0 \u00a0 \u00a0 \u00a0 \u00a01<br \/>\nAmp\u00fcl \/ 15 g\u00fcn<\/p>\n<hr \/>\n<p class=\"MsoNormal\">\u00a0&lt;iframe width=&#8221;560&#8243; height=&#8221;315&#8243;<br \/>\nsrc=&#8221;https:\/\/www.youtube.com\/embed\/penDIUlc0ng&#8221; title=&#8221;YouTube<br \/>\nvideo player&#8221; frameborder=&#8221;0&#8243; allow=&#8221;accelerometer;<br \/>\nautoplay; clipboard-write; encrypted-media; gyroscope; picture-in-picture&#8221;<br \/>\nallowfullscreen&gt;&lt;\/iframe&gt;<\/p>\n<div><\/div>\n<div><\/div>\n<div><\/div>","protected":false},"excerpt":{"rendered":"<p>Bio Digest BioDigest, Tuzlu su ve tatl\u0131 su akvaryumlar\u0131nda etkilidir.\u00a0 Akvaryum at\u0131klar\u0131n\u0131 biyolojik olarak filtreleyen ve ortadan kald\u0131ran konsantre bir<\/p>","protected":false},"featured_media":13295,"comment_status":"closed","ping_status":"open","template":"","meta":[],"pwb-brand":[],"product_brand":[88],"product_cat":[158],"product_tag":[],"class_list":{"0":"post-12735","1":"product","2":"type-product","3":"status-publish","4":"has-post-thumbnail","6":"product_brand-prodibio","7":"product_cat-bakteri-kulturleri","9":"first","10":"outofstock","11":"purchasable","12":"product-type-simple"},"brands":[],"_links":{"self":[{"href":"https:\/\/aquabluebursa.com\/en\/wp-json\/wp\/v2\/product\/12735","targetHints":{"allow":["GET"]}}],"collection":[{"href":"https:\/\/aquabluebursa.com\/en\/wp-json\/wp\/v2\/product"}],"about":[{"href":"https:\/\/aquabluebursa.com\/en\/wp-json\/wp\/v2\/types\/product"}],"replies":[{"embeddable":true,"href":"https:\/\/aquabluebursa.com\/en\/wp-json\/wp\/v2\/comments?post=12735"}],"wp:featuredmedia":[{"embeddable":true,"href":"https:\/\/aquabluebursa.com\/en\/wp-json\/wp\/v2\/media\/13295"}],"wp:attachment":[{"href":"https:\/\/aquabluebursa.com\/en\/wp-json\/wp\/v2\/media?parent=12735"}],"wp:term":[{"taxonomy":"pwb-brand","embeddable":true,"href":"https:\/\/aquabluebursa.com\/en\/wp-json\/wp\/v2\/pwb-brand?post=12735"},{"taxonomy":"product_brand","embeddable":true,"href":"https:\/\/aquabluebursa.com\/en\/wp-json\/wp\/v2\/product_brand?post=12735"},{"taxonomy":"product_cat","embeddable":true,"href":"https:\/\/aquabluebursa.com\/en\/wp-json\/wp\/v2\/product_cat?post=12735"},{"taxonomy":"product_tag","embeddable":true,"href":"https:\/\/aquabluebursa.com\/en\/wp-json\/wp\/v2\/product_tag?post=12735"}],"curies":[{"name":"wp","href":"https:\/\/api.w.org\/{rel}","templated":true}]}}