{"id":12736,"date":"2026-03-13T20:21:53","date_gmt":"2026-03-13T20:21:53","guid":{"rendered":"https:\/\/aquabluebursa.com\/magaza\/kategorilenmemis\/korallenzucht-new-generation-14000-k-54-watt\/"},"modified":"2026-03-13T20:21:53","modified_gmt":"2026-03-13T20:21:53","slug":"korallenzucht-new-generation-14000-k-54-watt","status":"publish","type":"product","link":"https:\/\/aquabluebursa.com\/en\/magaza\/aydinlatma-sistemlerit5-lambalar\/korallenzucht-new-generation-14000-k-54-watt\/","title":{"rendered":"Korallenzucht &#8211; New Generation 14000 K &#8211; 54 watt"},"content":{"rendered":"<div>Korallenzucht &#8211; New Generation 14000 K &#8211; 54 watt<\/div>\n<div><\/div>\n<div><span style=\"color: #ff0000; font-family: 'Trebuchet MS', Verdana, Arial, sans-serif; font-size: 16px; font-weight: bold;\">KARGO ESNASINDA YA\u015eANAB\u0130LECEK HASARLARI EN AZA \u0130ND\u0130RMEK \u0130\u00c7\u0130N M\u0130N\u0130MUM 3 ADET LAMBA KARGO YAPILMAKTADIR.<\/span><\/div>\n<div><\/div>","protected":false},"excerpt":{"rendered":"<p>Korallenzucht &#8211; New Generation 14000 K &#8211; 54 watt KARGO ESNASINDA YA\u015eANAB\u0130LECEK HASARLARI EN AZA \u0130ND\u0130RMEK \u0130\u00c7\u0130N M\u0130N\u0130MUM 3 ADET<\/p>","protected":false},"featured_media":13296,"comment_status":"closed","ping_status":"open","template":"","meta":[],"pwb-brand":[],"product_brand":[112],"product_cat":[170],"product_tag":[],"class_list":{"0":"post-12736","1":"product","2":"type-product","3":"status-publish","4":"has-post-thumbnail","6":"product_brand-korallenzucht","7":"product_cat-aydinlatma-sistemlerit5-lambalar","9":"first","10":"outofstock","11":"purchasable","12":"product-type-simple"},"brands":[],"_links":{"self":[{"href":"https:\/\/aquabluebursa.com\/en\/wp-json\/wp\/v2\/product\/12736","targetHints":{"allow":["GET"]}}],"collection":[{"href":"https:\/\/aquabluebursa.com\/en\/wp-json\/wp\/v2\/product"}],"about":[{"href":"https:\/\/aquabluebursa.com\/en\/wp-json\/wp\/v2\/types\/product"}],"replies":[{"embeddable":true,"href":"https:\/\/aquabluebursa.com\/en\/wp-json\/wp\/v2\/comments?post=12736"}],"wp:featuredmedia":[{"embeddable":true,"href":"https:\/\/aquabluebursa.com\/en\/wp-json\/wp\/v2\/media\/13296"}],"wp:attachment":[{"href":"https:\/\/aquabluebursa.com\/en\/wp-json\/wp\/v2\/media?parent=12736"}],"wp:term":[{"taxonomy":"pwb-brand","embeddable":true,"href":"https:\/\/aquabluebursa.com\/en\/wp-json\/wp\/v2\/pwb-brand?post=12736"},{"taxonomy":"product_brand","embeddable":true,"href":"https:\/\/aquabluebursa.com\/en\/wp-json\/wp\/v2\/product_brand?post=12736"},{"taxonomy":"product_cat","embeddable":true,"href":"https:\/\/aquabluebursa.com\/en\/wp-json\/wp\/v2\/product_cat?post=12736"},{"taxonomy":"product_tag","embeddable":true,"href":"https:\/\/aquabluebursa.com\/en\/wp-json\/wp\/v2\/product_tag?post=12736"}],"curies":[{"name":"wp","href":"https:\/\/api.w.org\/{rel}","templated":true}]}}