{"id":12738,"date":"2026-03-13T20:21:58","date_gmt":"2026-03-13T20:21:58","guid":{"rendered":"https:\/\/aquabluebursa.com\/magaza\/kategorilenmemis\/korallenzucht-fiji-purple-24-watt\/"},"modified":"2026-03-13T20:21:58","modified_gmt":"2026-03-13T20:21:58","slug":"korallenzucht-fiji-purple-24-watt","status":"publish","type":"product","link":"https:\/\/aquabluebursa.com\/en\/magaza\/aydinlatma-sistemlerit5-lambalar\/korallenzucht-fiji-purple-24-watt\/","title":{"rendered":"Korallenzucht &#8211; Fiji Purple &#8211; 24 watt"},"content":{"rendered":"<div>Korallenzucht &#8211; Fiji Purple &#8211; 24 watt<\/div>\n<div><\/div>\n<div><span style=\"color: #ff0000; font-family: 'Trebuchet MS', Verdana, Arial, sans-serif; font-size: 16px; font-weight: bold;\">KARGO ESNASINDA YA\u015eANAB\u0130LECEK HASARLARI EN AZA \u0130ND\u0130RMEK \u0130\u00c7\u0130N M\u0130N\u0130MUM 3 ADET LAMBA KARGO YAPILMAKTADIR.<\/span><\/div>\n<div><\/div>","protected":false},"excerpt":{"rendered":"<p>Korallenzucht &#8211; Fiji Purple &#8211; 24 watt KARGO ESNASINDA YA\u015eANAB\u0130LECEK HASARLARI EN AZA \u0130ND\u0130RMEK \u0130\u00c7\u0130N M\u0130N\u0130MUM 3 ADET LAMBA KARGO<\/p>","protected":false},"featured_media":13298,"comment_status":"closed","ping_status":"open","template":"","meta":[],"pwb-brand":[],"product_brand":[],"product_cat":[170],"product_tag":[],"class_list":{"0":"post-12738","1":"product","2":"type-product","3":"status-publish","4":"has-post-thumbnail","6":"product_cat-aydinlatma-sistemlerit5-lambalar","8":"first","9":"instock","10":"purchasable","11":"product-type-simple"},"brands":[],"_links":{"self":[{"href":"https:\/\/aquabluebursa.com\/en\/wp-json\/wp\/v2\/product\/12738","targetHints":{"allow":["GET"]}}],"collection":[{"href":"https:\/\/aquabluebursa.com\/en\/wp-json\/wp\/v2\/product"}],"about":[{"href":"https:\/\/aquabluebursa.com\/en\/wp-json\/wp\/v2\/types\/product"}],"replies":[{"embeddable":true,"href":"https:\/\/aquabluebursa.com\/en\/wp-json\/wp\/v2\/comments?post=12738"}],"wp:featuredmedia":[{"embeddable":true,"href":"https:\/\/aquabluebursa.com\/en\/wp-json\/wp\/v2\/media\/13298"}],"wp:attachment":[{"href":"https:\/\/aquabluebursa.com\/en\/wp-json\/wp\/v2\/media?parent=12738"}],"wp:term":[{"taxonomy":"pwb-brand","embeddable":true,"href":"https:\/\/aquabluebursa.com\/en\/wp-json\/wp\/v2\/pwb-brand?post=12738"},{"taxonomy":"product_brand","embeddable":true,"href":"https:\/\/aquabluebursa.com\/en\/wp-json\/wp\/v2\/product_brand?post=12738"},{"taxonomy":"product_cat","embeddable":true,"href":"https:\/\/aquabluebursa.com\/en\/wp-json\/wp\/v2\/product_cat?post=12738"},{"taxonomy":"product_tag","embeddable":true,"href":"https:\/\/aquabluebursa.com\/en\/wp-json\/wp\/v2\/product_tag?post=12738"}],"curies":[{"name":"wp","href":"https:\/\/api.w.org\/{rel}","templated":true}]}}