{"id":12740,"date":"2026-03-13T20:22:07","date_gmt":"2026-03-13T20:22:07","guid":{"rendered":"https:\/\/aquabluebursa.com\/magaza\/kategorilenmemis\/neptune-systems-awm-aquaillumination-wireless-module-aquaillumination-led-armaturler-icin-kablosuz-baglanti-modulu\/"},"modified":"2026-03-13T20:22:07","modified_gmt":"2026-03-13T20:22:07","slug":"neptune-systems-awm-aquaillumination-wireless-module-aquaillumination-led-armaturler-icin-kablosuz-baglanti-modulu","status":"publish","type":"product","link":"https:\/\/aquabluebursa.com\/en\/magaza\/kontrol-cihazlariakvaryum-kontrol-urunleri\/neptune-systems-awm-aquaillumination-wireless-module-aquaillumination-led-armaturler-icin-kablosuz-baglanti-modulu\/","title":{"rendered":"Neptune Systems &#8211; AWM &#8211; AquaIllumination Wireless Module &#8211;  AquaIllumination LED armat\u00fcrler i\u00e7in kablosuz ba\u011flant\u0131 mod\u00fcl\u00fc"},"content":{"rendered":"<div><span style=\"font-size: 14pt;\">Neptune Systems &#8211; AWM &#8211; AquaIllumination Wireless Module &#8211; \u00a0AquaIllumination LED armat\u00fcrler i\u00e7in kablosuz ba\u011flant\u0131 mod\u00fcl\u00fc<\/span><\/div>\n<div><\/div>\n<div>\n<div class=\"one_half last\" style=\"padding: 0px; outline: 0px; border: 0px; vertical-align: baseline; font-size: 15.199999809265137px; position: relative; float: left; min-height: 1px; width: 460.79998779296875px; clear: right; color: #333333; font-family: 'Lucida Sans Unicode', 'Lucida Grande', Garuda, sans-serif; line-height: 20px; height: auto !important; margin: 0px 0px !important 0px 0px;\">\n<h3 style=\"margin: 0px 0px 0.6em; padding: 0px; outline: 0px; border: 0px; background-color: transparent; vertical-align: baseline; font-size: 24px; font-weight: normal; line-height: 30px; font-family: TitilliumText22LRegular;\">AquaIllumination Wireless Control is Here!<\/h3>\n<p style=\"margin: 0px 0px 20px; padding: 0px; outline: 0px; border: 0px; background-color: transparent; vertical-align: baseline; font-size: 15.199999809265137px; background-position: initial initial; background-repeat: initial initial;\">For years the Apex AquaController has provided owners of AI Sol LED lights a great way to control their tank lighting. Since the introduction of wirelessly controlled Vega\u2122 and Hydra\u2122 lights from AquaIllumination, our user base has been screaming for the same level of control for these lights. We answered their call with this, our AWM-AI Wireless Module which makes the AI Vega, Hydra, and Hydra FiftyTwo all Apex Ready+.<\/p>\n<\/div>\n<div class=\"clearboth\" style=\"margin: 0px; padding: 0px; outline: 0px; border: 0px; vertical-align: baseline; font-size: 0px; clear: both; overflow: hidden; width: 960px; height: 0px; line-height: 0; color: #333333; font-family: 'Lucida Sans Unicode', 'Lucida Grande', Garuda, sans-serif;\"><\/div>\n<div class=\"two_third\" style=\"margin: 0px 38.400001525878906px 0px 0px; padding: 0px; outline: 0px; border: 0px; vertical-align: baseline; font-size: 15.199999809265137px; position: relative; float: left; min-height: 1px; width: 627.1875px; color: #333333; font-family: 'Lucida Sans Unicode', 'Lucida Grande', Garuda, sans-serif; line-height: 20px; height: auto !important;\">\n<h3 style=\"margin: 0px 0px 0.6em; padding: 0px; outline: 0px; border: 0px; background-color: transparent; vertical-align: baseline; font-size: 24px; font-weight: normal; line-height: 30px; font-family: TitilliumText22LRegular;\"><\/h3>\n<h3 style=\"margin: 0px 0px 0.6em; padding: 0px; outline: 0px; border: 0px; background-color: transparent; vertical-align: baseline; font-size: 24px; font-weight: normal; line-height: 30px; font-family: TitilliumText22LRegular;\"><\/h3>\n<h3 style=\"margin: 0px 0px 0.6em; padding: 0px; outline: 0px; border: 0px; background-color: transparent; vertical-align: baseline; font-size: 24px; font-weight: normal; line-height: 30px; font-family: TitilliumText22LRegular;\">Supports up to 12 AI LED Lights Independently!<\/h3>\n<p style=\"margin: 0px 0px 20px; padding: 0px; outline: 0px; border: 0px; background-color: transparent; vertical-align: baseline; font-size: 15.199999809265137px; background-position: initial initial; background-repeat: initial initial;\">\n<p style=\"margin: 0px 0px 20px; padding: 0px; outline: 0px; border: 0px; background-color: transparent; vertical-align: baseline; font-size: 15.199999809265137px; background-position: initial initial; background-repeat: initial initial;\">With the AWM module you can control up to 12 AI wireless lights of the Vega, Hydra, or Hydra FiftyTwo variety. Simply connect up the AWM to your Apex, link it to your AI LED lights, and now you have complete control of your lights from the Apex Dashboard, Apex Fusion, or any of the Apex Mobile Apps.<\/p>\n<\/div>\n<div class=\"one_third last\" style=\"padding: 0px; outline: 0px; border: 0px; vertical-align: baseline; font-size: 15.199999809265137px; position: relative; float: left; min-height: 1px; width: 294.38751220703125px; clear: right; color: #333333; font-family: 'Lucida Sans Unicode', 'Lucida Grande', Garuda, sans-serif; line-height: 20px; height: auto !important; margin: 0px 0px !important 0px 0px;\"><span class=\"image_styled aligncenter\" style=\"margin: 0px auto 10px; padding: 0px; outline: 0px; border: 0px; background-color: transparent; vertical-align: baseline; font-size: 15.199999809265137px; display: block; background-position: initial initial; background-repeat: initial initial;\"><span class=\"image_frame effect-icon\" style=\"margin: 0px auto; padding: 0px; outline: 0px; border: 1px solid #eeeeee; background-image: none; background-color: #f9f9f9; vertical-align: baseline; font-size: 15.199999809265137px; position: relative; display: block; width: 292px; background-position: 50% 50%; background-repeat: no-repeat no-repeat;\"><a class=\"image_size_medium image_no_link\" style=\"margin: 0px; padding: 0px; background-color: transparent; vertical-align: baseline; font-size: 15.199999809265137px; cursor: default; outline: none 0px; color: #eb7125; text-decoration: none; background-position: initial initial; background-repeat: initial initial;\" title=\"\" href=\"http:\/\/www.neptunesystems.com\/ai-wireless-led-control-awm\/#\"><img decoding=\"async\" style=\"margin: 0px; padding: 0px; outline: 0px; border: 0px; background-color: transparent; vertical-align: baseline; font-size: 15.199999809265137px; display: block; visibility: visible; opacity: 1; background-position: initial initial; background-repeat: initial initial;\" src=\"http:\/\/www.neptunesystems.com\/wp-content\/themes\/striking\/cache\/images\/2511_hydra-vega-292.jpg\" alt=\"\" width=\"292\" \/><\/a><\/span><img decoding=\"async\" class=\"image_shadow\" style=\"margin: 0px auto; padding: 0px; outline: 0px; border: 0px; background-color: transparent; vertical-align: baseline; font-size: 15.199999809265137px; display: block; background-position: initial initial; background-repeat: initial initial;\" src=\"http:\/\/www.neptunesystems.com\/wp-content\/themes\/striking\/images\/image_shadow.png\" width=\"294\" \/><\/span><\/div>\n<div class=\"clearboth\" style=\"margin: 0px; padding: 0px; outline: 0px; border: 0px; vertical-align: baseline; font-size: 0px; clear: both; overflow: hidden; width: 960px; height: 0px; line-height: 0; color: #333333; font-family: 'Lucida Sans Unicode', 'Lucida Grande', Garuda, sans-serif;\"><\/div>\n<div class=\"one_third\" style=\"margin: 0px 38.400001525878906px 0px 0px; padding: 0px; outline: 0px; border: 0px; vertical-align: baseline; font-size: 15.199999809265137px; position: relative; float: left; min-height: 1px; width: 294.38751220703125px; color: #333333; font-family: 'Lucida Sans Unicode', 'Lucida Grande', Garuda, sans-serif; line-height: 20px; height: auto !important;\">\n<p style=\"margin: 0px 0px 20px; padding: 0px; outline: 0px; border: 0px; background-color: transparent; vertical-align: baseline; font-size: 15.199999809265137px; text-align: center; background-position: initial initial; background-repeat: initial initial;\"><img loading=\"lazy\" decoding=\"async\" class=\"aligncenter size-medium wp-image-2913\" style=\"padding: 0px; outline: 0px; border: 0px; background-color: transparent; vertical-align: baseline; font-size: 15.199999809265137px; display: block; margin: 2px auto !important;\" src=\"http:\/\/www.neptunesystems.com\/wp-content\/uploads\/2013\/11\/sun-cloud-lightning-300x300.png\" alt=\"sun-cloud-lightning\" width=\"300\" height=\"300\" \/><\/p>\n<\/div>\n<div class=\"two_third last\" style=\"padding: 0px; outline: 0px; border: 0px; vertical-align: baseline; font-size: 15.199999809265137px; position: relative; float: left; min-height: 1px; width: 627.1875px; clear: right; color: #333333; font-family: 'Lucida Sans Unicode', 'Lucida Grande', Garuda, sans-serif; line-height: 20px; height: auto !important; margin: 0px 0px !important 0px 0px;\">\n<p>&nbsp;<\/p>\n<p style=\"margin: 0px 0px 20px; padding: 0px; outline: 0px; border: 0px; background-color: transparent; vertical-align: baseline; font-size: 15.199999809265137px; background-position: initial initial; background-repeat: initial initial;\">\n<h3 style=\"margin: 0px 0px 0.6em; padding: 0px; outline: 0px; border: 0px; background-color: transparent; vertical-align: baseline; font-size: 24px; font-weight: normal; line-height: 30px; font-family: TitilliumText22LRegular;\">Sunrise, Sunset, Clouds, Lightning, Action!<\/h3>\n<p style=\"margin: 0px 0px 20px; padding: 0px; outline: 0px; border: 0px; background-color: transparent; vertical-align: baseline; font-size: 15.199999809265137px; background-position: initial initial; background-repeat: initial initial;\">Not only will you be able to ramp up the dimming of your lights at sunrise and sunset. You can even sync it to the current time of year. And, on top of that you\u2019ll be able to add in random weather effects like cloud cover and lightning strikes!<\/p>\n<p style=\"margin: 0px 0px 20px; padding: 0px; outline: 0px; border: 0px; background-color: transparent; vertical-align: baseline; font-size: 15.199999809265137px; background-position: initial initial; background-repeat: initial initial;\">\n<\/div>\n<div class=\"clearboth\" style=\"margin: 0px; padding: 0px; outline: 0px; border: 0px; vertical-align: baseline; font-size: 0px; clear: both; overflow: hidden; width: 960px; height: 0px; line-height: 0; color: #333333; font-family: 'Lucida Sans Unicode', 'Lucida Grande', Garuda, sans-serif;\"><\/div>\n<h3 style=\"margin: 0px 0px 0.6em; padding: 0px; outline: 0px; border: 0px; vertical-align: baseline; font-size: 24px; font-weight: normal; line-height: 30px; font-family: TitilliumText22LRegular; color: #333333;\">Features of the\u00a0AWM Module:<\/h3>\n<ul style=\"margin: 0px 0px 20px 1.5em; padding: 0px; outline: 0px; border: 0px; vertical-align: baseline; font-size: 15.199999809265137px; color: #333333; font-family: 'Lucida Sans Unicode', 'Lucida Grande', Garuda, sans-serif; line-height: 20px;\">\n<li style=\"margin: 0px 0px 0px 0.85em; padding: 0px; outline: 0px; border: 0px; background-color: transparent; vertical-align: baseline; font-size: 15.199999809265137px; background-position: initial initial; background-repeat: initial initial;\">Enables control of the AI Vega, Hydra, and Hydra FiftyTwo LED Lights (but not AI Sols with wireless dongle)<\/li>\n<li style=\"margin: 0px 0px 0px 0.85em; padding: 0px; outline: 0px; border: 0px; background-color: transparent; vertical-align: baseline; font-size: 15.199999809265137px; background-position: initial initial; background-repeat: initial initial;\">Two AquaBus connectors for flexible expansion via AquaBus<\/li>\n<li style=\"margin: 0px 0px 0px 0.85em; padding: 0px; outline: 0px; border: 0px; background-color: transparent; vertical-align: baseline; font-size: 15.199999809265137px; background-position: initial initial; background-repeat: initial initial;\">Comes with 3\u2032 AquaBus cable.<\/li>\n<li style=\"margin: 0px 0px 0px 0.85em; padding: 0px; outline: 0px; border: 0px; background-color: transparent; vertical-align: baseline; font-size: 15.199999809265137px; background-position: initial initial; background-repeat: initial initial;\">Fully upgradeable.\u00a0AWM firmware and light firmware can be updated for feature enhancement.<\/li>\n<li style=\"margin: 0px 0px 0px 0.85em; padding: 0px; outline: 0px; border: 0px; background-color: transparent; vertical-align: baseline; font-size: 15.199999809265137px; background-position: initial initial; background-repeat: initial initial;\">LED Status indicator and wireless status indicator<\/li>\n<li style=\"margin: 0px 0px 0px 0.85em; padding: 0px; outline: 0px; border: 0px; background-color: transparent; vertical-align: baseline; font-size: 15.199999809265137px; background-position: initial initial; background-repeat: initial initial;\">Compatible with all Apex Systems<\/li>\n<\/ul>\n<p>&nbsp;<\/p>\n<\/div>\n<div><\/div>","protected":false},"excerpt":{"rendered":"<p>Neptune Systems &#8211; AWM &#8211; AquaIllumination Wireless Module &#8211; \u00a0AquaIllumination LED armat\u00fcrler i\u00e7in kablosuz ba\u011flant\u0131 mod\u00fcl\u00fc AquaIllumination Wireless Control is<\/p>","protected":false},"featured_media":13300,"comment_status":"closed","ping_status":"open","template":"","meta":[],"pwb-brand":[],"product_brand":[113],"product_cat":[177],"product_tag":[],"class_list":{"0":"post-12740","1":"product","2":"type-product","3":"status-publish","4":"has-post-thumbnail","6":"product_brand-neptune-systems","7":"product_cat-kontrol-cihazlariakvaryum-kontrol-urunleri","9":"first","10":"instock","11":"purchasable","12":"product-type-simple"},"brands":[],"_links":{"self":[{"href":"https:\/\/aquabluebursa.com\/en\/wp-json\/wp\/v2\/product\/12740","targetHints":{"allow":["GET"]}}],"collection":[{"href":"https:\/\/aquabluebursa.com\/en\/wp-json\/wp\/v2\/product"}],"about":[{"href":"https:\/\/aquabluebursa.com\/en\/wp-json\/wp\/v2\/types\/product"}],"replies":[{"embeddable":true,"href":"https:\/\/aquabluebursa.com\/en\/wp-json\/wp\/v2\/comments?post=12740"}],"wp:featuredmedia":[{"embeddable":true,"href":"https:\/\/aquabluebursa.com\/en\/wp-json\/wp\/v2\/media\/13300"}],"wp:attachment":[{"href":"https:\/\/aquabluebursa.com\/en\/wp-json\/wp\/v2\/media?parent=12740"}],"wp:term":[{"taxonomy":"pwb-brand","embeddable":true,"href":"https:\/\/aquabluebursa.com\/en\/wp-json\/wp\/v2\/pwb-brand?post=12740"},{"taxonomy":"product_brand","embeddable":true,"href":"https:\/\/aquabluebursa.com\/en\/wp-json\/wp\/v2\/product_brand?post=12740"},{"taxonomy":"product_cat","embeddable":true,"href":"https:\/\/aquabluebursa.com\/en\/wp-json\/wp\/v2\/product_cat?post=12740"},{"taxonomy":"product_tag","embeddable":true,"href":"https:\/\/aquabluebursa.com\/en\/wp-json\/wp\/v2\/product_tag?post=12740"}],"curies":[{"name":"wp","href":"https:\/\/api.w.org\/{rel}","templated":true}]}}