{"id":12750,"date":"2026-03-13T20:22:19","date_gmt":"2026-03-13T20:22:19","guid":{"rendered":"https:\/\/aquabluebursa.com\/magaza\/kategorilenmemis\/grotech-biyolojik-sunger\/"},"modified":"2026-03-13T20:22:19","modified_gmt":"2026-03-13T20:22:19","slug":"grotech-biyolojik-sunger","status":"publish","type":"product","link":"https:\/\/aquabluebursa.com\/en\/magaza\/filtrasyon-malzemeleri\/grotech-biyolojik-sunger\/","title":{"rendered":"GroTech &#8211; Biyolojik S\u00fcnger"},"content":{"rendered":"<h1 style=\"margin: 20px 0px 15px; padding: 0px 0px 8px; width: auto; border-color: #cccccc; border-style: solid; border-width: 0px 0px 1px; font-family: Arial, sans-serif; line-height: 18px; font-size: 14pt;\"><span style=\"font-size: large; font-weight: normal; font-family: Verdana, Arial, Helvetica;\">Biyolojik mavi s\u00fcnger<\/span><\/h1>\n<h1 style=\"margin: 20px 0px 15px; padding: 0px 0px 8px; width: auto; border-color: #cccccc; border-style: solid; border-width: 0px 0px 1px; font-family: Arial, sans-serif; line-height: 18px; font-size: 14pt;\"><span style=\"font-weight: normal; font-size: 14pt;\">\u00d6l\u00e7\u00fc: 50 x 50 x 3 cm &#8211; 10 PPI<\/span><\/h1>\n<p>&nbsp;<\/p>","protected":false},"excerpt":{"rendered":"<p>Biyolojik mavi s\u00fcnger \u00d6l\u00e7\u00fc: 50 x 50 x 3 cm &#8211; 10 PPI &nbsp;<\/p>","protected":false},"featured_media":13320,"comment_status":"closed","ping_status":"open","template":"","meta":[],"pwb-brand":[],"product_brand":[94],"product_cat":[161],"product_tag":[],"class_list":{"0":"post-12750","1":"product","2":"type-product","3":"status-publish","4":"has-post-thumbnail","6":"product_brand-grotech","7":"product_cat-filtrasyon-malzemeleri","9":"first","10":"outofstock","11":"purchasable","12":"product-type-simple"},"brands":[],"_links":{"self":[{"href":"https:\/\/aquabluebursa.com\/en\/wp-json\/wp\/v2\/product\/12750","targetHints":{"allow":["GET"]}}],"collection":[{"href":"https:\/\/aquabluebursa.com\/en\/wp-json\/wp\/v2\/product"}],"about":[{"href":"https:\/\/aquabluebursa.com\/en\/wp-json\/wp\/v2\/types\/product"}],"replies":[{"embeddable":true,"href":"https:\/\/aquabluebursa.com\/en\/wp-json\/wp\/v2\/comments?post=12750"}],"wp:featuredmedia":[{"embeddable":true,"href":"https:\/\/aquabluebursa.com\/en\/wp-json\/wp\/v2\/media\/13320"}],"wp:attachment":[{"href":"https:\/\/aquabluebursa.com\/en\/wp-json\/wp\/v2\/media?parent=12750"}],"wp:term":[{"taxonomy":"pwb-brand","embeddable":true,"href":"https:\/\/aquabluebursa.com\/en\/wp-json\/wp\/v2\/pwb-brand?post=12750"},{"taxonomy":"product_brand","embeddable":true,"href":"https:\/\/aquabluebursa.com\/en\/wp-json\/wp\/v2\/product_brand?post=12750"},{"taxonomy":"product_cat","embeddable":true,"href":"https:\/\/aquabluebursa.com\/en\/wp-json\/wp\/v2\/product_cat?post=12750"},{"taxonomy":"product_tag","embeddable":true,"href":"https:\/\/aquabluebursa.com\/en\/wp-json\/wp\/v2\/product_tag?post=12750"}],"curies":[{"name":"wp","href":"https:\/\/api.w.org\/{rel}","templated":true}]}}