{"id":12756,"date":"2026-03-13T20:22:26","date_gmt":"2026-03-13T20:22:26","guid":{"rendered":"https:\/\/aquabluebursa.com\/magaza\/kategorilenmemis\/neptune-systems-aicable-advanced-led-dimming-cable-for-vdm-for-ai-and-acan-leds-vdm-modulu-baglanti-kablosu\/"},"modified":"2026-03-13T20:22:26","modified_gmt":"2026-03-13T20:22:26","slug":"neptune-systems-aicable-advanced-led-dimming-cable-for-vdm-for-ai-and-acan-leds-vdm-modulu-baglanti-kablosu","status":"publish","type":"product","link":"https:\/\/aquabluebursa.com\/en\/magaza\/kontrol-cihazlariakvaryum-kontrol-urunleri\/neptune-systems-aicable-advanced-led-dimming-cable-for-vdm-for-ai-and-acan-leds-vdm-modulu-baglanti-kablosu\/","title":{"rendered":"Neptune Systems &#8211; AICABLE &#8211; Advanced  LED Dimming Cable for VDM (for AI and Acan LEDs) &#8211; VDM mod\u00fcl\u00fc ba\u011flant\u0131 kablosu"},"content":{"rendered":"<p>Neptune Systems &#8211; AICABLE &#8211; Advanced \u00a0LED Dimming Cable for VDM (for AI and Acan LEDs) &#8211;\u00a0VDM mod\u00fcl\u00fc ba\u011flant\u0131 kablosu<\/p>","protected":false},"excerpt":{"rendered":"<p>Neptune Systems &#8211; AICABLE &#8211; Advanced \u00a0LED Dimming Cable for VDM (for AI and Acan LEDs) &#8211;\u00a0VDM mod\u00fcl\u00fc ba\u011flant\u0131 kablosu<\/p>","protected":false},"featured_media":13326,"comment_status":"closed","ping_status":"open","template":"","meta":[],"pwb-brand":[],"product_brand":[113],"product_cat":[177],"product_tag":[],"class_list":{"0":"post-12756","1":"product","2":"type-product","3":"status-publish","4":"has-post-thumbnail","6":"product_brand-neptune-systems","7":"product_cat-kontrol-cihazlariakvaryum-kontrol-urunleri","9":"first","10":"instock","11":"purchasable","12":"product-type-simple"},"brands":[],"_links":{"self":[{"href":"https:\/\/aquabluebursa.com\/en\/wp-json\/wp\/v2\/product\/12756","targetHints":{"allow":["GET"]}}],"collection":[{"href":"https:\/\/aquabluebursa.com\/en\/wp-json\/wp\/v2\/product"}],"about":[{"href":"https:\/\/aquabluebursa.com\/en\/wp-json\/wp\/v2\/types\/product"}],"replies":[{"embeddable":true,"href":"https:\/\/aquabluebursa.com\/en\/wp-json\/wp\/v2\/comments?post=12756"}],"wp:featuredmedia":[{"embeddable":true,"href":"https:\/\/aquabluebursa.com\/en\/wp-json\/wp\/v2\/media\/13326"}],"wp:attachment":[{"href":"https:\/\/aquabluebursa.com\/en\/wp-json\/wp\/v2\/media?parent=12756"}],"wp:term":[{"taxonomy":"pwb-brand","embeddable":true,"href":"https:\/\/aquabluebursa.com\/en\/wp-json\/wp\/v2\/pwb-brand?post=12756"},{"taxonomy":"product_brand","embeddable":true,"href":"https:\/\/aquabluebursa.com\/en\/wp-json\/wp\/v2\/product_brand?post=12756"},{"taxonomy":"product_cat","embeddable":true,"href":"https:\/\/aquabluebursa.com\/en\/wp-json\/wp\/v2\/product_cat?post=12756"},{"taxonomy":"product_tag","embeddable":true,"href":"https:\/\/aquabluebursa.com\/en\/wp-json\/wp\/v2\/product_tag?post=12756"}],"curies":[{"name":"wp","href":"https:\/\/api.w.org\/{rel}","templated":true}]}}