{"id":12758,"date":"2026-03-13T20:22:30","date_gmt":"2026-03-13T20:22:30","guid":{"rendered":"https:\/\/aquabluebursa.com\/magaza\/kategorilenmemis\/neptune-systems-led4-lunar-simulator-leds-4-4lu-ay-asigi-led-modulu\/"},"modified":"2026-03-13T20:22:30","modified_gmt":"2026-03-13T20:22:30","slug":"neptune-systems-led4-lunar-simulator-leds-4-4lu-ay-asigi-led-modulu","status":"publish","type":"product","link":"https:\/\/aquabluebursa.com\/en\/magaza\/kontrol-cihazlariakvaryum-kontrol-urunleri\/neptune-systems-led4-lunar-simulator-leds-4-4lu-ay-asigi-led-modulu\/","title":{"rendered":"Neptune Systems &#8211; LED4 &#8211; Lunar Simulator LEDs (4) &#8211; 4&#8217;l\u00fc Ay A\u015f\u0131\u011f\u0131 Led Mod\u00fcl\u00fc"},"content":{"rendered":"<p>Neptune Systems &#8211; LED5 &#8211; Lunar Simulator LEDs (5) &#8211;\u00a05&#8217;li Ay A\u015f\u0131\u011f\u0131 Led Mod\u00fcl\u00fc<\/p>","protected":false},"excerpt":{"rendered":"<p>Neptune Systems &#8211; LED5 &#8211; Lunar Simulator LEDs (5) &#8211;\u00a05&#8217;li Ay A\u015f\u0131\u011f\u0131 Led Mod\u00fcl\u00fc<\/p>","protected":false},"featured_media":13328,"comment_status":"closed","ping_status":"open","template":"","meta":[],"pwb-brand":[],"product_brand":[113],"product_cat":[177],"product_tag":[],"class_list":{"0":"post-12758","1":"product","2":"type-product","3":"status-publish","4":"has-post-thumbnail","6":"product_brand-neptune-systems","7":"product_cat-kontrol-cihazlariakvaryum-kontrol-urunleri","9":"first","10":"instock","11":"purchasable","12":"product-type-simple"},"brands":[],"_links":{"self":[{"href":"https:\/\/aquabluebursa.com\/en\/wp-json\/wp\/v2\/product\/12758","targetHints":{"allow":["GET"]}}],"collection":[{"href":"https:\/\/aquabluebursa.com\/en\/wp-json\/wp\/v2\/product"}],"about":[{"href":"https:\/\/aquabluebursa.com\/en\/wp-json\/wp\/v2\/types\/product"}],"replies":[{"embeddable":true,"href":"https:\/\/aquabluebursa.com\/en\/wp-json\/wp\/v2\/comments?post=12758"}],"wp:featuredmedia":[{"embeddable":true,"href":"https:\/\/aquabluebursa.com\/en\/wp-json\/wp\/v2\/media\/13328"}],"wp:attachment":[{"href":"https:\/\/aquabluebursa.com\/en\/wp-json\/wp\/v2\/media?parent=12758"}],"wp:term":[{"taxonomy":"pwb-brand","embeddable":true,"href":"https:\/\/aquabluebursa.com\/en\/wp-json\/wp\/v2\/pwb-brand?post=12758"},{"taxonomy":"product_brand","embeddable":true,"href":"https:\/\/aquabluebursa.com\/en\/wp-json\/wp\/v2\/product_brand?post=12758"},{"taxonomy":"product_cat","embeddable":true,"href":"https:\/\/aquabluebursa.com\/en\/wp-json\/wp\/v2\/product_cat?post=12758"},{"taxonomy":"product_tag","embeddable":true,"href":"https:\/\/aquabluebursa.com\/en\/wp-json\/wp\/v2\/product_tag?post=12758"}],"curies":[{"name":"wp","href":"https:\/\/api.w.org\/{rel}","templated":true}]}}