{"id":12760,"date":"2026-03-13T20:22:30","date_gmt":"2026-03-13T20:22:30","guid":{"rendered":"https:\/\/aquabluebursa.com\/magaza\/kategorilenmemis\/neptune-systems-vdm-variable-speed-dimming-module-ai-sol-acanlighting-compatible-dimmer-modulu\/"},"modified":"2026-03-13T20:22:31","modified_gmt":"2026-03-13T20:22:31","slug":"neptune-systems-vdm-variable-speed-dimming-module-ai-sol-acanlighting-compatible-dimmer-modulu","status":"publish","type":"product","link":"https:\/\/aquabluebursa.com\/en\/magaza\/kontrol-cihazlariakvaryum-kontrol-urunleri\/neptune-systems-vdm-variable-speed-dimming-module-ai-sol-acanlighting-compatible-dimmer-modulu\/","title":{"rendered":"Neptune Systems &#8211; VDM &#8211; Variable Speed \/Dimming Module\/AI-Sol\/AcanLighting Compatible &#8211; Dimmer Mod\u00fcl\u00fc"},"content":{"rendered":"<div>Neptune Systems &#8211; VDM &#8211; Variable Speed \/Dimming Module\/AI-Sol\/AcanLighting Compatible &#8211;\u00a0Dimmer Mod\u00fcl\u00fc<\/div>\n<div><\/div>\n<div>De\u011fi\u015fken H\u0131z ve Dimming Mod\u00fcl\u00fc. Aquaillumination SOL ve Acan Lighting uyumlu.<\/div>\n<div><\/div>\n<div>Ayr\u0131ca kontrol edilebilir Tunze dalga motorlar\u0131 ile de uyumludur.<\/div>\n<div><\/div>","protected":false},"excerpt":{"rendered":"<p>Neptune Systems &#8211; VDM &#8211; Variable Speed \/Dimming Module\/AI-Sol\/AcanLighting Compatible &#8211;\u00a0Dimmer Mod\u00fcl\u00fc De\u011fi\u015fken H\u0131z ve Dimming Mod\u00fcl\u00fc. Aquaillumination SOL ve<\/p>","protected":false},"featured_media":13330,"comment_status":"closed","ping_status":"open","template":"","meta":[],"pwb-brand":[],"product_brand":[113],"product_cat":[177],"product_tag":[],"class_list":{"0":"post-12760","1":"product","2":"type-product","3":"status-publish","4":"has-post-thumbnail","6":"product_brand-neptune-systems","7":"product_cat-kontrol-cihazlariakvaryum-kontrol-urunleri","9":"first","10":"outofstock","11":"purchasable","12":"product-type-simple"},"brands":[],"_links":{"self":[{"href":"https:\/\/aquabluebursa.com\/en\/wp-json\/wp\/v2\/product\/12760","targetHints":{"allow":["GET"]}}],"collection":[{"href":"https:\/\/aquabluebursa.com\/en\/wp-json\/wp\/v2\/product"}],"about":[{"href":"https:\/\/aquabluebursa.com\/en\/wp-json\/wp\/v2\/types\/product"}],"replies":[{"embeddable":true,"href":"https:\/\/aquabluebursa.com\/en\/wp-json\/wp\/v2\/comments?post=12760"}],"wp:featuredmedia":[{"embeddable":true,"href":"https:\/\/aquabluebursa.com\/en\/wp-json\/wp\/v2\/media\/13330"}],"wp:attachment":[{"href":"https:\/\/aquabluebursa.com\/en\/wp-json\/wp\/v2\/media?parent=12760"}],"wp:term":[{"taxonomy":"pwb-brand","embeddable":true,"href":"https:\/\/aquabluebursa.com\/en\/wp-json\/wp\/v2\/pwb-brand?post=12760"},{"taxonomy":"product_brand","embeddable":true,"href":"https:\/\/aquabluebursa.com\/en\/wp-json\/wp\/v2\/product_brand?post=12760"},{"taxonomy":"product_cat","embeddable":true,"href":"https:\/\/aquabluebursa.com\/en\/wp-json\/wp\/v2\/product_cat?post=12760"},{"taxonomy":"product_tag","embeddable":true,"href":"https:\/\/aquabluebursa.com\/en\/wp-json\/wp\/v2\/product_tag?post=12760"}],"curies":[{"name":"wp","href":"https:\/\/api.w.org\/{rel}","templated":true}]}}