{"id":12761,"date":"2026-03-13T20:22:34","date_gmt":"2026-03-13T20:22:34","guid":{"rendered":"https:\/\/aquabluebursa.com\/magaza\/kategorilenmemis\/neptune-systems-ald-p2-gelismis-su-sizinti-detektoru-yuzey-probu\/"},"modified":"2026-03-13T20:22:34","modified_gmt":"2026-03-13T20:22:34","slug":"neptune-systems-ald-p2-gelismis-su-sizinti-detektoru-yuzey-probu","status":"publish","type":"product","link":"https:\/\/aquabluebursa.com\/en\/magaza\/kontrol-cihazlariakvaryum-kontrol-urunleri\/neptune-systems-ald-p2-gelismis-su-sizinti-detektoru-yuzey-probu\/","title":{"rendered":"Neptune Systems &#8211; ALD\/P2 &#8211; Geli\u015fmi\u015f Su S\u0131z\u0131nt\u0131 Detekt\u00f6r\u00fc Y\u00fczey Prob&#8217;u"},"content":{"rendered":"<div>Neptune Systems &#8211; ALD\/P2 &#8211; Geli\u015fmi\u015f Su S\u0131z\u0131nt\u0131 Detekt\u00f6r\u00fc Y\u00fczey Prob&#8217;u<\/div>","protected":false},"excerpt":{"rendered":"<p>Neptune Systems &#8211; ALD\/P2 &#8211; Geli\u015fmi\u015f Su S\u0131z\u0131nt\u0131 Detekt\u00f6r\u00fc Y\u00fczey Prob&#8217;u<\/p>","protected":false},"featured_media":13331,"comment_status":"closed","ping_status":"open","template":"","meta":[],"pwb-brand":[],"product_brand":[113],"product_cat":[177],"product_tag":[],"class_list":{"0":"post-12761","1":"product","2":"type-product","3":"status-publish","4":"has-post-thumbnail","6":"product_brand-neptune-systems","7":"product_cat-kontrol-cihazlariakvaryum-kontrol-urunleri","9":"first","10":"instock","11":"purchasable","12":"product-type-simple"},"brands":[],"_links":{"self":[{"href":"https:\/\/aquabluebursa.com\/en\/wp-json\/wp\/v2\/product\/12761","targetHints":{"allow":["GET"]}}],"collection":[{"href":"https:\/\/aquabluebursa.com\/en\/wp-json\/wp\/v2\/product"}],"about":[{"href":"https:\/\/aquabluebursa.com\/en\/wp-json\/wp\/v2\/types\/product"}],"replies":[{"embeddable":true,"href":"https:\/\/aquabluebursa.com\/en\/wp-json\/wp\/v2\/comments?post=12761"}],"wp:featuredmedia":[{"embeddable":true,"href":"https:\/\/aquabluebursa.com\/en\/wp-json\/wp\/v2\/media\/13331"}],"wp:attachment":[{"href":"https:\/\/aquabluebursa.com\/en\/wp-json\/wp\/v2\/media?parent=12761"}],"wp:term":[{"taxonomy":"pwb-brand","embeddable":true,"href":"https:\/\/aquabluebursa.com\/en\/wp-json\/wp\/v2\/pwb-brand?post=12761"},{"taxonomy":"product_brand","embeddable":true,"href":"https:\/\/aquabluebursa.com\/en\/wp-json\/wp\/v2\/product_brand?post=12761"},{"taxonomy":"product_cat","embeddable":true,"href":"https:\/\/aquabluebursa.com\/en\/wp-json\/wp\/v2\/product_cat?post=12761"},{"taxonomy":"product_tag","embeddable":true,"href":"https:\/\/aquabluebursa.com\/en\/wp-json\/wp\/v2\/product_tag?post=12761"}],"curies":[{"name":"wp","href":"https:\/\/api.w.org\/{rel}","templated":true}]}}