{"id":12764,"date":"2026-03-13T20:22:37","date_gmt":"2026-03-13T20:22:37","guid":{"rendered":"https:\/\/aquabluebursa.com\/magaza\/kategorilenmemis\/prodibio-safe-travel-30-ampul\/"},"modified":"2026-03-13T20:22:37","modified_gmt":"2026-03-13T20:22:37","slug":"prodibio-safe-travel-30-ampul","status":"publish","type":"product","link":"https:\/\/aquabluebursa.com\/en\/magaza\/bakteri-kulturleri\/prodibio-safe-travel-30-ampul\/","title":{"rendered":"Prodibio &#8211; Safe Travel 30 Amp\u00fcl"},"content":{"rendered":"<div><span style=\"font-weight: bold;\">Prodibio &#8211; Safe Travel 30 Amp\u00fcl<\/span><\/div>\n<div><\/div>\n<div>\n<div>Ar\u0131t\u0131c\u0131, patojenik olmayan biokitleri artt\u0131rarak bal\u0131\u011f\u0131 ta\u015f\u0131mak i\u00e7in kullan\u0131l\u0131r. Sudaki patojen say\u0131s\u0131n\u0131 azaltmak amac\u0131yla \u00f6zel olarak tasarlanm\u0131\u015f ve haz\u0131rlanm\u0131\u015ft\u0131r.<\/div>\n<div><\/div>\n<div>\u00c7al\u0131\u015fma Prensibi;<\/div>\n<div>Se\u00e7ilmi\u015f t\u00fcrlerden olu\u015fan geni\u015f bakteriyel pop\u00fclasyonun aniden giri\u015fi \u00e7abucak mevcut veya sonradan olu\u015fabilecek bakterilerin zarar\u0131na bir ortam kolonizasyonu sa\u011flar. Bu, patojenleri g\u0131das\u0131z b\u0131rakarak onlar\u0131n say\u0131s\u0131n\u0131 azalt\u0131r. Ta\u015f\u0131ma torbalar\u0131nda bulunan patojenlerin toksisitesi, patojenlerin say\u0131s\u0131na g\u00f6re de\u011fi\u015fir. Ta\u015f\u0131nacak bal\u0131klar genellikle, az say\u0131daki saprofitik (ve zarars\u0131z) maddenin sa\u011fl\u0131kl\u0131 ta\u015f\u0131y\u0131c\u0131s\u0131d\u0131rlar. Bu organizmalar ta\u015f\u0131ma i\u00e7in kullan\u0131lan suyun i\u00e7inde oksijenasyon, \u0131s\u0131, g\u0131da ve organik kirlilik gibi ideal \u015fartlar\u0131n tad\u0131n\u0131 \u00e7\u0131kar\u0131rlar ve daha agresif ve patojenik olacak \u015fekilde \u00e7o\u011fal\u0131rlar. Yakaland\u0131klar\u0131 veya beslendikleri yerden d\u00fcnyan\u0131n di\u011fer ucundaki bir akvaryuma ta\u015f\u0131nan akvaryum bal\u0131klar\u0131 i\u00e7in bu \u00e7ok uzun yolculuk (24 \u2013 36 saat) fazlas\u0131yla zahmetli bir \u00e7iledir ve bir\u00e7ok strese neden olur:<\/div>\n<div><\/div>\n<div>&#8211; \u00c7ok az suda maksimum pop\u00fclasyon yo\u011funlu\u011funun olu\u015fturdu\u011fu kalabal\u0131k.<\/div>\n<div>&#8211; Nakilden kaynaklanan hasar.<\/div>\n<div>&#8211; Amonyak (idrardan).<\/div>\n<div>&#8211; A\u011f\u0131r organik y\u00fck (mukus, d\u0131\u015fk\u0131, vs.).<\/div>\n<div>&#8211; Temel g\u0131da mahrumiyetinden kaynaklanan g\u00fc\u00e7s\u00fczl\u00fck.<\/div>\n<div>&#8211; Bal\u0131klar\u0131n torbadaki suya verdi\u011fi karbondioksit taraf\u0131ndan azalt\u0131lan pH.<\/div>\n<div><\/div>\n<div>Bu \u015fartlar ba\u011f\u0131\u015f\u0131kl\u0131k sisteminde patojenik bir duruma ve \u00f6nemli hasarlara neden olur:<\/div>\n<div><\/div>\n<div>&#8211; \u00a0 Sirk\u00fclasyonda daha az lenfosit.<\/div>\n<div>Daha az antikor \u00fcretimi, azalan inflamatuvar tepki ve azalan yuta\u011fanl\u0131k.<\/div>\n<div>Bal\u0131klar perakendecilere \u00e7ok zay\u0131f d\u00fc\u015fm\u00fc\u015f ve ba\u015fka bir suyun iklimine (farkl\u0131 bir pH ve sertlik) uymak zorunda olduklar\u0131 i\u00e7in daha \u00e7ok strese maruz kalacak bir durumda ula\u015f\u0131rlar. Bazen bakteriler y\u00fczge\u00e7lere ve a\u011f\u0131zlara \u00e7oktan sald\u0131rm\u0131\u015f olur ve bu \u00fclsere sebebiyet verir; bazen kulu\u00e7ka devresine gelinmi\u015ftir ve hastal\u0131k, aklimatizasyonu m\u00fcteakip iki veya \u00fc\u00e7 g\u00fcn i\u00e7inde ortaya \u00e7\u0131kacakt\u0131r. Bal\u0131klar\u0131n perakendeciye ula\u015ft\u0131\u011f\u0131 zaman i\u00e7inde bulunduklar\u0131 durum; onlar\u0131n, d\u00fcnyan\u0131n di\u011fer kesimlerinde bulunan yeni patojenlere kar\u015f\u0131 ba\u011f\u0131\u015f\u0131kl\u0131klar\u0131n\u0131 belirler. Bal\u0131k ne kadar g\u00fc\u00e7l\u00fckle ba\u011f\u0131\u015f\u0131kl\u0131k kazan\u0131rsa, g\u00fc\u00e7s\u00fcz bal\u0131k hastal\u0131\u011fa o kadar kolay yenik d\u00fc\u015fer. Bu nedenle, bal\u0131klar\u0131n direncini art\u0131rmak i\u00e7in, ta\u015f\u0131nmalar\u0131nda kullan\u0131lan suyun i\u00e7erisindeki patojen say\u0131s\u0131n\u0131 en aza indirmek esast\u0131r.<\/div>\n<div><\/div>\n<div>\u00a0SAFE TRAVEL, zararl\u0131 mikroorganizmalar\u0131n say\u0131s\u0131n\u0131 onlar\u0131 g\u0131das\u0131z b\u0131rakarak s\u0131n\u0131rlamak amac\u0131yla se\u00e7ilen ar\u0131t\u0131c\u0131 ototrof ve heterotrof bakterilerin konsantre bir s\u00fcspansiyonudur. Maksimum koruma ve etki i\u00e7in oksijensiz ampullerde sunulmaktad\u0131r.<\/div>\n<div><\/div>\n<div>Sonu\u00e7lar:<\/div>\n<div>* Bal\u0131klar daha az stres ya\u015far ve dolay\u0131s\u0131yla g\u00fc\u00e7s\u00fcz d\u00fc\u015fmezler.<\/div>\n<div>* Amonyak ve nitrit azal\u0131r.<\/div>\n<div>* Torbalardaki patojenler (ps\u00f6domonalar, aeromonalar ve vibriolar) %45 ila %50 oran\u0131nda azal\u0131r.<\/div>\n<div>* Teslimatta daha az hastal\u0131k olu\u015fur.<\/div>\n<div>\u00a0Kullanma Talimatlar\u0131;<\/div>\n<div>\u00a0* Homojen bir s\u00fcspansiyon elde etmek i\u00e7in amp\u00fcl\u00fc iyice \u00e7alkalay\u0131n\u0131z.<\/div>\n<div>* 1 ampul\u00fcn i\u00e7eri\u011fini bal\u0131klar\u0131n ta\u015f\u0131nmas\u0131nda kullan\u0131lan 10 litre suya ileve ederek seyreltiniz.<\/div>\n<div><\/div>\n<div>\u00a0Hem tatl\u0131 su, hem de tuzlu su i\u00e7in uygundur.<\/div>\n<\/div>","protected":false},"excerpt":{"rendered":"<p>Prodibio &#8211; Safe Travel 30 Amp\u00fcl Ar\u0131t\u0131c\u0131, patojenik olmayan biokitleri artt\u0131rarak bal\u0131\u011f\u0131 ta\u015f\u0131mak i\u00e7in kullan\u0131l\u0131r. Sudaki patojen say\u0131s\u0131n\u0131 azaltmak amac\u0131yla<\/p>","protected":false},"featured_media":13334,"comment_status":"closed","ping_status":"open","template":"","meta":[],"pwb-brand":[],"product_brand":[88],"product_cat":[158],"product_tag":[],"class_list":{"0":"post-12764","1":"product","2":"type-product","3":"status-publish","4":"has-post-thumbnail","6":"product_brand-prodibio","7":"product_cat-bakteri-kulturleri","9":"first","10":"instock","11":"purchasable","12":"product-type-simple"},"brands":[],"_links":{"self":[{"href":"https:\/\/aquabluebursa.com\/en\/wp-json\/wp\/v2\/product\/12764","targetHints":{"allow":["GET"]}}],"collection":[{"href":"https:\/\/aquabluebursa.com\/en\/wp-json\/wp\/v2\/product"}],"about":[{"href":"https:\/\/aquabluebursa.com\/en\/wp-json\/wp\/v2\/types\/product"}],"replies":[{"embeddable":true,"href":"https:\/\/aquabluebursa.com\/en\/wp-json\/wp\/v2\/comments?post=12764"}],"wp:featuredmedia":[{"embeddable":true,"href":"https:\/\/aquabluebursa.com\/en\/wp-json\/wp\/v2\/media\/13334"}],"wp:attachment":[{"href":"https:\/\/aquabluebursa.com\/en\/wp-json\/wp\/v2\/media?parent=12764"}],"wp:term":[{"taxonomy":"pwb-brand","embeddable":true,"href":"https:\/\/aquabluebursa.com\/en\/wp-json\/wp\/v2\/pwb-brand?post=12764"},{"taxonomy":"product_brand","embeddable":true,"href":"https:\/\/aquabluebursa.com\/en\/wp-json\/wp\/v2\/product_brand?post=12764"},{"taxonomy":"product_cat","embeddable":true,"href":"https:\/\/aquabluebursa.com\/en\/wp-json\/wp\/v2\/product_cat?post=12764"},{"taxonomy":"product_tag","embeddable":true,"href":"https:\/\/aquabluebursa.com\/en\/wp-json\/wp\/v2\/product_tag?post=12764"}],"curies":[{"name":"wp","href":"https:\/\/api.w.org\/{rel}","templated":true}]}}