{"id":12765,"date":"2026-03-13T20:22:37","date_gmt":"2026-03-13T20:22:37","guid":{"rendered":"https:\/\/aquabluebursa.com\/magaza\/kategorilenmemis\/prodibio-stronti-12-ampul\/"},"modified":"2026-03-13T20:22:37","modified_gmt":"2026-03-13T20:22:37","slug":"prodibio-stronti-12-ampul","status":"publish","type":"product","link":"https:\/\/aquabluebursa.com\/en\/magaza\/katkilar\/prodibio-stronti-12-ampul\/","title":{"rendered":"Prodibio &#8211; Stronti+ 12 Amp\u00fcl"},"content":{"rendered":"<div><span style=\"font-weight: bold;\">Prodibio &#8211; Stronti+ 12 Amp\u00fcl<\/span><\/div>\n<div><\/div>\n<div>\n<div>\n<div>Canl\u0131lar\u0131n\u0131z i\u00e7in Strontium en de\u011ferli kaynaklardan birisidir, mercan akvaryumlar\u0131n i\u00e7in do\u011fada eser miktarda bulunan ancak canl\u0131n\u0131n ya\u015famas\u0131 i\u00e7in gerekli bir izelementtir,<\/div>\n<div>Her ampul 130 mg \u00a0Strontium i\u00e7erir,<\/div>\n<div>Sert mercanlar\u0131n geli\u015fiminmde ve canl\u0131 kayalar\u0131n \u00fczerinde yer alan k\u0131rm\u0131z\u0131 ve coralline alglerin olu\u015fumunda rol al\u0131r,<\/div>\n<div>Mercanlar strontium&#8217;u kalsiyum ile birlikte iskeletlerinde ba\u011flad\u0131klar\u0131ndan strontiuma ihtiya\u00e7lar\u0131 vard\u0131r,<\/div>\n<div>Kalsiyum miktar\u0131 yeterli olmad\u0131\u011f\u0131nda strontium etkisiz ve yetersiz kal\u0131r, mutlaka kalsiyuma dengeli olarak verilmelidir,<\/div>\n<div>Strontium oran\u0131 akvaryumlarda s\u00fcrekli d\u00fc\u015fer onun i\u00e7in Strontium eklenmesibir gerekliliktir,<\/div>\n<div>Strontium sa\u011fl\u0131kl\u0131 mercanlar, tridacnea, coralline alglerin geli\u015fimini sa\u011flar, stylophora ve seriatopora mercanlar i\u00e7in hayati \u00f6nem ta\u015f\u0131r,<\/div>\n<div><\/div>\n<div>Kullan\u0131m\u0131:<\/div>\n<div>Kullanmadan \u00f6nce iyice \u00e7alkalay\u0131n\u0131z,<\/div>\n<div>Her 15 g\u00fcnde bir 200 LT i\u00e7in 1 ampul<\/div>\n<div>Nano range i\u00e7in 15 g\u00fcnde 60 LT 1 ampul.<\/div>\n<\/div>\n<\/div>","protected":false},"excerpt":{"rendered":"<p>Prodibio &#8211; Stronti+ 12 Amp\u00fcl Canl\u0131lar\u0131n\u0131z i\u00e7in Strontium en de\u011ferli kaynaklardan birisidir, mercan akvaryumlar\u0131n i\u00e7in do\u011fada eser miktarda bulunan ancak<\/p>","protected":false},"featured_media":13336,"comment_status":"closed","ping_status":"open","template":"","meta":[],"pwb-brand":[],"product_brand":[88],"product_cat":[157],"product_tag":[],"class_list":{"0":"post-12765","1":"product","2":"type-product","3":"status-publish","4":"has-post-thumbnail","6":"product_brand-prodibio","7":"product_cat-katkilar","9":"first","10":"outofstock","11":"purchasable","12":"product-type-simple"},"brands":[],"_links":{"self":[{"href":"https:\/\/aquabluebursa.com\/en\/wp-json\/wp\/v2\/product\/12765","targetHints":{"allow":["GET"]}}],"collection":[{"href":"https:\/\/aquabluebursa.com\/en\/wp-json\/wp\/v2\/product"}],"about":[{"href":"https:\/\/aquabluebursa.com\/en\/wp-json\/wp\/v2\/types\/product"}],"replies":[{"embeddable":true,"href":"https:\/\/aquabluebursa.com\/en\/wp-json\/wp\/v2\/comments?post=12765"}],"wp:featuredmedia":[{"embeddable":true,"href":"https:\/\/aquabluebursa.com\/en\/wp-json\/wp\/v2\/media\/13336"}],"wp:attachment":[{"href":"https:\/\/aquabluebursa.com\/en\/wp-json\/wp\/v2\/media?parent=12765"}],"wp:term":[{"taxonomy":"pwb-brand","embeddable":true,"href":"https:\/\/aquabluebursa.com\/en\/wp-json\/wp\/v2\/pwb-brand?post=12765"},{"taxonomy":"product_brand","embeddable":true,"href":"https:\/\/aquabluebursa.com\/en\/wp-json\/wp\/v2\/product_brand?post=12765"},{"taxonomy":"product_cat","embeddable":true,"href":"https:\/\/aquabluebursa.com\/en\/wp-json\/wp\/v2\/product_cat?post=12765"},{"taxonomy":"product_tag","embeddable":true,"href":"https:\/\/aquabluebursa.com\/en\/wp-json\/wp\/v2\/product_tag?post=12765"}],"curies":[{"name":"wp","href":"https:\/\/api.w.org\/{rel}","templated":true}]}}