{"id":12766,"date":"2026-03-13T20:22:37","date_gmt":"2026-03-13T20:22:37","guid":{"rendered":"https:\/\/aquabluebursa.com\/magaza\/kategorilenmemis\/tropic-marin-bio-calcium-1-800-g\/"},"modified":"2026-03-13T20:22:37","modified_gmt":"2026-03-13T20:22:37","slug":"tropic-marin-bio-calcium-1-800-g","status":"publish","type":"product","link":"https:\/\/aquabluebursa.com\/en\/magaza\/katkilar\/tropic-marin-bio-calcium-1-800-g\/","title":{"rendered":"Tropic Marin &#8211; BIO-CALCIUM -1.800 g"},"content":{"rendered":"<p><span style=\"font-size: 12pt;\">Biyolojik olarak en uygun formda suya sadece karbon dioksit ve kalsiyum ilave eder. Mercan ve kire\u00e7li k\u0131rm\u0131z\u0131 deniz yosunu (algae) yeti\u015fmesi i\u00e7in en uygun sonu\u00e7lar\u0131n al\u0131nmas\u0131 amac\u0131yla pH ve alkaliteyi ideal de\u011ferler yelpazesine getirir. Fosfatlar ve di\u011fer zararl\u0131 maddeler olmaks\u0131z\u0131n mercanlara kalsiyum temin etmenin en iyi yoludur.<\/span><\/p>","protected":false},"excerpt":{"rendered":"<p>Biyolojik olarak en uygun formda suya sadece karbon dioksit ve kalsiyum ilave eder. Mercan ve kire\u00e7li k\u0131rm\u0131z\u0131 deniz yosunu (algae)<\/p>","protected":false},"featured_media":13337,"comment_status":"closed","ping_status":"open","template":"","meta":[],"pwb-brand":[],"product_brand":[120],"product_cat":[157],"product_tag":[],"class_list":{"0":"post-12766","1":"product","2":"type-product","3":"status-publish","4":"has-post-thumbnail","6":"product_brand-tropic-marin","7":"product_cat-katkilar","9":"first","10":"outofstock","11":"purchasable","12":"product-type-simple"},"brands":[],"_links":{"self":[{"href":"https:\/\/aquabluebursa.com\/en\/wp-json\/wp\/v2\/product\/12766","targetHints":{"allow":["GET"]}}],"collection":[{"href":"https:\/\/aquabluebursa.com\/en\/wp-json\/wp\/v2\/product"}],"about":[{"href":"https:\/\/aquabluebursa.com\/en\/wp-json\/wp\/v2\/types\/product"}],"replies":[{"embeddable":true,"href":"https:\/\/aquabluebursa.com\/en\/wp-json\/wp\/v2\/comments?post=12766"}],"wp:featuredmedia":[{"embeddable":true,"href":"https:\/\/aquabluebursa.com\/en\/wp-json\/wp\/v2\/media\/13337"}],"wp:attachment":[{"href":"https:\/\/aquabluebursa.com\/en\/wp-json\/wp\/v2\/media?parent=12766"}],"wp:term":[{"taxonomy":"pwb-brand","embeddable":true,"href":"https:\/\/aquabluebursa.com\/en\/wp-json\/wp\/v2\/pwb-brand?post=12766"},{"taxonomy":"product_brand","embeddable":true,"href":"https:\/\/aquabluebursa.com\/en\/wp-json\/wp\/v2\/product_brand?post=12766"},{"taxonomy":"product_cat","embeddable":true,"href":"https:\/\/aquabluebursa.com\/en\/wp-json\/wp\/v2\/product_cat?post=12766"},{"taxonomy":"product_tag","embeddable":true,"href":"https:\/\/aquabluebursa.com\/en\/wp-json\/wp\/v2\/product_tag?post=12766"}],"curies":[{"name":"wp","href":"https:\/\/api.w.org\/{rel}","templated":true}]}}