{"id":12767,"date":"2026-03-13T20:22:40","date_gmt":"2026-03-13T20:22:40","guid":{"rendered":"https:\/\/aquabluebursa.com\/magaza\/kategorilenmemis\/d-d-aquarium-giesemann-pro-power-midday-t5-80w\/"},"modified":"2026-03-13T20:22:40","modified_gmt":"2026-03-13T20:22:40","slug":"d-d-aquarium-giesemann-pro-power-midday-t5-80w","status":"publish","type":"product","link":"https:\/\/aquabluebursa.com\/en\/magaza\/aydinlatma-sistemlerit5-lambalar\/d-d-aquarium-giesemann-pro-power-midday-t5-80w\/","title":{"rendered":"D-D Aquarium \/ Giesemann Pro Power &#8211; Midday T5 80W"},"content":{"rendered":"<div><\/div>\n<div>\n<div><span style=\"font-size: 12pt; color: #ef001b; font-weight: bold;\">D-D Aquarium Pro-Power T5<\/span><\/div>\n<div><span style=\"font-size: medium; font-weight: bold;\">Giesemann marka T5 lambalar D-D Aquarium lisans\u0131 alt\u0131nda \u00fcretilmektedir ! Orjinal spektrum telif haklar\u0131 D-D Aquarium firmas\u0131na aittir, ayn\u0131 kalitede ve farkl\u0131 ambalaj ile hatta en \u00f6nemlisi daha d\u00fc\u015f\u00fck fiyatla t\u00fcketiciye sunulmaktad\u0131r. Detayl\u0131 bilgi i\u00e7in l\u00fctfen bizlerle ileti\u015fime ge\u00e7iniz.<\/span><\/div>\n<p>&nbsp;<\/p>\n<\/div>\n<div><span style=\"border: 0px; outline: 0px; font-size: 10pt; margin: 0px; padding: 0px; line-height: 15.333333015441895px; font-family: Arial, sans-serif; font-weight: bold;\">Midday\u00a0<\/span><span style=\"border: 0px; outline: 0px; font-size: 10pt; margin: 0px; padding: 0px; color: #333333; text-align: justify; line-height: 15.333333015441895px; font-family: Arial, sans-serif;\">G\u00fcn \u0131\u015f\u0131\u011f\u0131n\u0131 max taklit edebilmek i\u00e7in \u00fcretilmi\u015f bir lambad\u0131r. \u00d6zellikle bitki akvaryumlar\u0131nda en \u00e7ok \u00f6nerilen ve sat\u0131lan bir lambad\u0131r.Baz\u0131 \u00e7ok kombinasyonlu mercan akvaryumlar\u0131nda g\u00fcn \u0131\u015f\u0131\u011f\u0131n\u0131 taklit etmek i\u00e7inde kullan\u0131labilir.<\/span><\/div>\n<div><\/div>\n<div><span style=\"color: #ff0000; font-family: 'Trebuchet MS', Verdana, Arial, sans-serif; font-size: 16px; font-weight: bold;\">KARGO ESNASINDA YA\u015eANAB\u0130LECEK HASARLARI EN AZA \u0130ND\u0130RMEK \u0130\u00c7\u0130N M\u0130N\u0130MUM 3 ADET LAMBA KARGO YAPILMAKTADIR.<\/span><\/div>","protected":false},"excerpt":{"rendered":"<p>D-D Aquarium Pro-Power T5 Giesemann marka T5 lambalar D-D Aquarium lisans\u0131 alt\u0131nda \u00fcretilmektedir ! Orjinal spektrum telif haklar\u0131 D-D Aquarium<\/p>","protected":false},"featured_media":13338,"comment_status":"closed","ping_status":"open","template":"","meta":[],"pwb-brand":[],"product_brand":[74],"product_cat":[170],"product_tag":[],"class_list":{"0":"post-12767","1":"product","2":"type-product","3":"status-publish","4":"has-post-thumbnail","6":"product_brand-d-d-aquarium","7":"product_cat-aydinlatma-sistemlerit5-lambalar","9":"first","10":"instock","11":"purchasable","12":"product-type-simple"},"brands":[],"_links":{"self":[{"href":"https:\/\/aquabluebursa.com\/en\/wp-json\/wp\/v2\/product\/12767","targetHints":{"allow":["GET"]}}],"collection":[{"href":"https:\/\/aquabluebursa.com\/en\/wp-json\/wp\/v2\/product"}],"about":[{"href":"https:\/\/aquabluebursa.com\/en\/wp-json\/wp\/v2\/types\/product"}],"replies":[{"embeddable":true,"href":"https:\/\/aquabluebursa.com\/en\/wp-json\/wp\/v2\/comments?post=12767"}],"wp:featuredmedia":[{"embeddable":true,"href":"https:\/\/aquabluebursa.com\/en\/wp-json\/wp\/v2\/media\/13338"}],"wp:attachment":[{"href":"https:\/\/aquabluebursa.com\/en\/wp-json\/wp\/v2\/media?parent=12767"}],"wp:term":[{"taxonomy":"pwb-brand","embeddable":true,"href":"https:\/\/aquabluebursa.com\/en\/wp-json\/wp\/v2\/pwb-brand?post=12767"},{"taxonomy":"product_brand","embeddable":true,"href":"https:\/\/aquabluebursa.com\/en\/wp-json\/wp\/v2\/product_brand?post=12767"},{"taxonomy":"product_cat","embeddable":true,"href":"https:\/\/aquabluebursa.com\/en\/wp-json\/wp\/v2\/product_cat?post=12767"},{"taxonomy":"product_tag","embeddable":true,"href":"https:\/\/aquabluebursa.com\/en\/wp-json\/wp\/v2\/product_tag?post=12767"}],"curies":[{"name":"wp","href":"https:\/\/api.w.org\/{rel}","templated":true}]}}