{"id":12770,"date":"2026-03-13T20:22:44","date_gmt":"2026-03-13T20:22:44","guid":{"rendered":"https:\/\/aquabluebursa.com\/magaza\/kategorilenmemis\/d-d-aquarium-giesemann-pro-power-aquapink-t5-24w\/"},"modified":"2026-03-13T20:22:44","modified_gmt":"2026-03-13T20:22:44","slug":"d-d-aquarium-giesemann-pro-power-aquapink-t5-24w","status":"publish","type":"product","link":"https:\/\/aquabluebursa.com\/en\/magaza\/aydinlatma-sistemlerit5-lambalar\/d-d-aquarium-giesemann-pro-power-aquapink-t5-24w\/","title":{"rendered":"D-D Aquarium \/ Giesemann Pro Power &#8211; Aquapink T5 24W"},"content":{"rendered":"<div><\/div>\n<div>\n<div><span style=\"color: #ef001b; font-size: 18.6667px; font-weight: bold;\">AYDINLATMA VE FLORASAN \u00dcR\u00dcNLER\u0130NDE KARGO ESNASINDA T\u00dcM SORUMLULUK ALICIYA A\u0130TT\u0130R.<\/span><\/div>\n<div><\/div>\n<div><span style=\"font-size: 12pt; color: #ef001b; font-weight: bold;\">D-D Aquarium Pro-Power T5<\/span><\/div>\n<div><span style=\"font-size: medium; font-weight: bold;\">Giesemann marka T5 lambalar D-D Aquarium lisans\u0131 alt\u0131nda \u00fcretilmektedir ! Orjinal spektrum telif haklar\u0131 D-D Aquarium firmas\u0131na aittir, ayn\u0131 kalitede ve farkl\u0131 ambalaj ile hatta en \u00f6nemlisi daha d\u00fc\u015f\u00fck fiyatla t\u00fcketiciye sunulmaktad\u0131r. Detayl\u0131 bilgi i\u00e7in l\u00fctfen bizlerle ileti\u015fime ge\u00e7iniz.<\/span><\/div>\n<p>&nbsp;<\/p>\n<\/div>\n<div><span style=\"color: #1e1e1e; border: 0px; outline: 0px; font-size: 10pt; margin: 0px; padding: 0px; line-height: 15.333333015441895px; font-family: Arial, sans-serif; font-weight: bold;\">Aquapink\u00a0<\/span><span style=\"border: 0px; outline: 0px; font-size: 10pt; margin: 0px; padding: 0px; color: #333333; text-align: justify; line-height: 15.333333015441895px; font-family: Arial, sans-serif;\">K\u0131rm\u0131z\u0131 ve pembe renklerdeki mercanlar\u0131 daha g\u00fczel g\u00f6rmemizi sa\u011flamak i\u00e7in \u00fcretilmi\u015f bir lambad\u0131r.\u0130yi bir sonu\u00e7 i\u00e7in Actinic plus ile beraber kullanman\u0131z\u0131 \u00f6neririz.<\/span><\/div>\n<div><\/div>\n<div><\/div>","protected":false},"excerpt":{"rendered":"<p>AYDINLATMA VE FLORASAN \u00dcR\u00dcNLER\u0130NDE KARGO ESNASINDA T\u00dcM SORUMLULUK ALICIYA A\u0130TT\u0130R. D-D Aquarium Pro-Power T5 Giesemann marka T5 lambalar D-D Aquarium<\/p>","protected":false},"featured_media":13344,"comment_status":"closed","ping_status":"open","template":"","meta":[],"pwb-brand":[],"product_brand":[74],"product_cat":[170],"product_tag":[],"class_list":{"0":"post-12770","1":"product","2":"type-product","3":"status-publish","4":"has-post-thumbnail","6":"product_brand-d-d-aquarium","7":"product_cat-aydinlatma-sistemlerit5-lambalar","9":"first","10":"instock","11":"purchasable","12":"product-type-simple"},"brands":[],"_links":{"self":[{"href":"https:\/\/aquabluebursa.com\/en\/wp-json\/wp\/v2\/product\/12770","targetHints":{"allow":["GET"]}}],"collection":[{"href":"https:\/\/aquabluebursa.com\/en\/wp-json\/wp\/v2\/product"}],"about":[{"href":"https:\/\/aquabluebursa.com\/en\/wp-json\/wp\/v2\/types\/product"}],"replies":[{"embeddable":true,"href":"https:\/\/aquabluebursa.com\/en\/wp-json\/wp\/v2\/comments?post=12770"}],"wp:featuredmedia":[{"embeddable":true,"href":"https:\/\/aquabluebursa.com\/en\/wp-json\/wp\/v2\/media\/13344"}],"wp:attachment":[{"href":"https:\/\/aquabluebursa.com\/en\/wp-json\/wp\/v2\/media?parent=12770"}],"wp:term":[{"taxonomy":"pwb-brand","embeddable":true,"href":"https:\/\/aquabluebursa.com\/en\/wp-json\/wp\/v2\/pwb-brand?post=12770"},{"taxonomy":"product_brand","embeddable":true,"href":"https:\/\/aquabluebursa.com\/en\/wp-json\/wp\/v2\/product_brand?post=12770"},{"taxonomy":"product_cat","embeddable":true,"href":"https:\/\/aquabluebursa.com\/en\/wp-json\/wp\/v2\/product_cat?post=12770"},{"taxonomy":"product_tag","embeddable":true,"href":"https:\/\/aquabluebursa.com\/en\/wp-json\/wp\/v2\/product_tag?post=12770"}],"curies":[{"name":"wp","href":"https:\/\/api.w.org\/{rel}","templated":true}]}}