{"id":12779,"date":"2026-03-13T20:22:54","date_gmt":"2026-03-13T20:22:54","guid":{"rendered":"https:\/\/aquabluebursa.com\/magaza\/kategorilenmemis\/mag-float-large-miknatisli-cam-silecegi\/"},"modified":"2026-03-13T20:22:54","modified_gmt":"2026-03-13T20:22:54","slug":"mag-float-large-miknatisli-cam-silecegi","status":"publish","type":"product","link":"https:\/\/aquabluebursa.com\/en\/magaza\/akvaryum-bakimi\/mag-float-large-miknatisli-cam-silecegi\/","title":{"rendered":"Mag Float &#8211; Large M\u0131knat\u0131sl\u0131 Cam Silece\u011fi"},"content":{"rendered":"<p><span style=\"font-weight: bold;\">Mag Float &#8211; Large M\u0131knat\u0131sl\u0131 Cam Silece\u011fi &#8211; 16 mm<\/span><\/p>\n<div><span style=\"font-size: 10pt;\">\u00a0<\/span><\/div>\n<div>\n<div>Genel \u00d6zellikler<\/div>\n<div>\n<ul>\n<li>Akvaryumunuzun camlar\u0131n\u0131 elinizi suya de\u011fdirmeden silebilmenin keyfini ya\u015fars\u0131n\u0131z.<\/li>\n<li>\u00d6zel geli\u015ftirilmi\u015f \u00e7ok i\u015flevsel bir temizlik arac\u0131d\u0131r.<\/li>\n<li>16 mm ye kadar akvaryum camlar\u0131 i\u00e7in uygundur.<\/li>\n<li>Batmaz y\u00fczer, bu sayede i\u00e7 par\u00e7a camdan ayr\u0131lsa bile kolayl\u0131kla geri toplanabilir<\/li>\n<\/ul>\n<\/div>\n<\/div>","protected":false},"excerpt":{"rendered":"<p>Mag Float &#8211; Large M\u0131knat\u0131sl\u0131 Cam Silece\u011fi &#8211; 16 mm \u00a0 Genel \u00d6zellikler Akvaryumunuzun camlar\u0131n\u0131 elinizi suya de\u011fdirmeden silebilmenin keyfini<\/p>","protected":false},"featured_media":13354,"comment_status":"closed","ping_status":"open","template":"","meta":[],"pwb-brand":[],"product_brand":[91],"product_cat":[155],"product_tag":[],"class_list":{"0":"post-12779","1":"product","2":"type-product","3":"status-publish","4":"has-post-thumbnail","6":"product_brand-mag-float","7":"product_cat-akvaryum-bakimi","9":"first","10":"instock","11":"purchasable","12":"product-type-simple"},"brands":[],"_links":{"self":[{"href":"https:\/\/aquabluebursa.com\/en\/wp-json\/wp\/v2\/product\/12779","targetHints":{"allow":["GET"]}}],"collection":[{"href":"https:\/\/aquabluebursa.com\/en\/wp-json\/wp\/v2\/product"}],"about":[{"href":"https:\/\/aquabluebursa.com\/en\/wp-json\/wp\/v2\/types\/product"}],"replies":[{"embeddable":true,"href":"https:\/\/aquabluebursa.com\/en\/wp-json\/wp\/v2\/comments?post=12779"}],"wp:featuredmedia":[{"embeddable":true,"href":"https:\/\/aquabluebursa.com\/en\/wp-json\/wp\/v2\/media\/13354"}],"wp:attachment":[{"href":"https:\/\/aquabluebursa.com\/en\/wp-json\/wp\/v2\/media?parent=12779"}],"wp:term":[{"taxonomy":"pwb-brand","embeddable":true,"href":"https:\/\/aquabluebursa.com\/en\/wp-json\/wp\/v2\/pwb-brand?post=12779"},{"taxonomy":"product_brand","embeddable":true,"href":"https:\/\/aquabluebursa.com\/en\/wp-json\/wp\/v2\/product_brand?post=12779"},{"taxonomy":"product_cat","embeddable":true,"href":"https:\/\/aquabluebursa.com\/en\/wp-json\/wp\/v2\/product_cat?post=12779"},{"taxonomy":"product_tag","embeddable":true,"href":"https:\/\/aquabluebursa.com\/en\/wp-json\/wp\/v2\/product_tag?post=12779"}],"curies":[{"name":"wp","href":"https:\/\/api.w.org\/{rel}","templated":true}]}}