{"id":12781,"date":"2026-03-13T20:22:54","date_gmt":"2026-03-13T20:22:54","guid":{"rendered":"https:\/\/aquabluebursa.com\/magaza\/kategorilenmemis\/prodibio-bioptim-12-ampul\/"},"modified":"2026-03-13T20:22:54","modified_gmt":"2026-03-13T20:22:54","slug":"prodibio-bioptim-12-ampul","status":"publish","type":"product","link":"https:\/\/aquabluebursa.com\/en\/magaza\/bakteri-kulturleri\/prodibio-bioptim-12-ampul\/","title":{"rendered":"Prodibio &#8211; Bioptim 12 Amp\u00fcl"},"content":{"rendered":"<p>&nbsp;<\/p>\n<p style=\"text-align: justify;\"><span style=\"line-height: 23px; font-weight: bold; font-family: Arial, Helvetica, sans-serif; font-size: 10pt;\">Prodibio &#8211; Bioptim 12 Amp\u00fcl<\/span><\/p>\n<p style=\"text-align: justify;\">\u00a0<span style=\"font-size: 10pt;\">* Bakteri ile birlikte ihtiya\u00e7 duyulan t\u00fcm mikro n\u00fctrientleri (iz elementler, se\u00e7ilmi\u015f amino asitler, do\u011fal vitaminler) i\u00e7erir. Ayr\u0131ca bitkilerin h\u00fccreler yoluyla se\u00e7ici \u00f6z\u00fcmseme yapmalar\u0131 i\u00e7in y\u00fczey sa\u011flar.<\/span><\/p>\n<p>&nbsp;<\/p>\n<div style=\"text-align: justify; color: #333333;\"><span style=\"font-size: 10pt; border-image: initial; outline-width: 0px; outline-style: initial; outline-color: initial; color: #000000; padding: 0px; margin: 0px; border: 0px initial initial;\">\u00a0* Ortamdaki bakterilerin performanslar\u0131n\u0131 artt\u0131r\u0131r. Ortamdaki nitrat\u0131, fosfat\u0131 ve karbonhidrat\u0131 tolere edilebilir seviyelere<span style=\"border-image: initial; outline-width: 0px; outline-style: initial; outline-color: initial; padding: 0px; margin: 0px; border: 0px initial initial;\">\u00a0\u00a0<\/span>indirir. Suda<span style=\"border-image: initial; outline-width: 0px; outline-style: initial; outline-color: initial; padding: 0px; margin: 0px; border: 0px initial initial;\">\u00a0\u00a0<\/span>y\u00fczen istenmeyen partik\u00fclleri tutar ve akvaryum suyunun kalitesini iyile\u015ftirir.\u00a0<\/span><span style=\"font-size: 10pt; border-image: initial; outline-width: 0px; outline-style: initial; outline-color: initial; color: #000000; padding: 0px; margin: 0px; border: 0px initial initial;\">\u00a0<\/span><\/div>\n<p>&nbsp;<\/p>\n<p>&nbsp;<\/p>\n<div style=\"text-align: justify;\"><span style=\"color: #000000; font-size: 10pt;\">\u00a0* Redox potansiyelini y\u00fckseltir ve buna ba\u011fl\u0131 olarak enfeksiyon riskini azalt\u0131r. Redox de\u011ferinin y\u00fckselmesi ayn\u0131 zamanda<\/span><span style=\"color: #000000; font-size: 10pt; border-image: initial; outline-width: 0px; outline-style: initial; outline-color: initial; padding: 0px; margin: 0px; border: 0px initial initial;\">\u00a0\u00a0<\/span><span style=\"color: #000000; font-size: 10pt;\">bal\u0131klar\u0131n mukus atmas\u0131n\u0131 minimuma indirerek<\/span><span style=\"color: #000000; font-size: 10pt; border-image: initial; outline-width: 0px; outline-style: initial; outline-color: initial; padding: 0px; margin: 0px; border: 0px initial initial;\">\u00a0\u00a0<\/span><span style=\"color: #000000; font-size: 10pt;\">kirlenmeyi azalt\u0131r.<\/span><\/div>\n<p>&nbsp;<\/p>\n<div style=\"text-align: justify;\"><span style=\"color: #000000; font-size: 10pt;\">\u00a0* BIOPTIM,<\/span><span style=\"color: #000000; font-size: 10pt;\">\u00a0<\/span><span style=\"color: #000000; font-size: 10pt; border-image: initial; outline-width: 0px; outline-style: initial; outline-color: initial; padding: 0px; margin: 0px; border: 0px initial initial;\">\u00a0<\/span><span style=\"color: #000000; font-size: 10pt;\">BIO DIGEST ile birlikte kullan\u0131ld\u0131\u011f\u0131nda akvaryum ortam\u0131 g\u00fc\u00e7lenir. Sonu\u00e7 olarak Temiz akvaryum , sa\u011fl\u0131kl\u0131 bal\u0131klar , diren\u00e7li bitkiler (alg de\u011fildir), sa\u011fl\u0131kl\u0131 bi\u00e7imde geli\u015fen omurgas\u0131zlar g\u00f6rmek m\u00fcmk\u00fcnd\u00fcr,<\/span><\/div>\n<p>&nbsp;<\/p>\n<div style=\"text-align: justify;\"><span style=\"font-size: 10pt;\">* Prodibio Bioptim 12&#8217;da 12 adet ampul vard\u0131r.<\/span><\/div>\n<p>&nbsp;<\/p>\n<p><span style=\"font-size: 10pt; text-align: justify; border: 0px; outline: 0px; margin: 0px; padding: 0px; color: blue;\"><span style=\"border-image: initial; outline-width: 0px; outline-style: initial; outline-color: initial; font-weight: bold; color: #000000; padding: 0px; margin: 0px; border: 0px initial initial;\">BIOPTIM Kullan\u0131m \u015eekli;<\/span><\/span><span style=\"font-size: 10pt; text-align: justify; border: 0px; outline: 0px; margin: 0px; padding: 0px;\">\u00a0<\/span><\/p>\n<p class=\"MsoNormal\" style=\"text-align: justify; border-image: initial; outline-width: 0px; outline-style: initial; outline-color: initial; font-size: 11px; color: #333333; padding: 0px; margin: 0cm 0cm 0pt 0cm; border: 0px initial initial;\"><span style=\"border-image: initial; outline-width: 0px; outline-style: initial; outline-color: initial; font-size: 10pt; color: blue; padding: 0px; margin: 0px; border: 0px initial initial;\"><span style=\"border-image: initial; outline-width: 0px; outline-style: initial; outline-color: initial; font-size: 10pt; color: #000000; padding: 0px; margin: 0px; border: 0px initial initial;\">\u00a0* Ampulleri kullanmadan<span style=\"border-image: initial; outline-width: 0px; outline-style: initial; outline-color: initial; padding: 0px; margin: 0px; border: 0px initial initial;\">\u00a0\u00a0<\/span>\u00f6nce iyice \u00e7alkalay\u0131n\u0131z.<\/span><\/span><\/p>\n<p class=\"MsoNormal\" style=\"text-align: justify; border-image: initial; outline-width: 0px; outline-style: initial; outline-color: initial; font-size: 11px; color: #333333; padding: 0px; margin: 0cm 0cm 0pt 0cm; border: 0px initial initial;\"><span style=\"border-image: initial; outline-width: 0px; outline-style: initial; outline-color: initial; font-size: 10pt; padding: 0px; margin: 0px; border: 0px initial initial;\"><span style=\"border-image: initial; outline-width: 0px; outline-style: initial; outline-color: initial; color: blue; padding: 0px; margin: 0px; border: 0px initial initial;\"><span style=\"border-image: initial; outline-width: 0px; outline-style: initial; outline-color: initial; color: #000000; padding: 0px; margin: 0px; border: 0px initial initial;\">\u00a0<\/span><\/span><span style=\"border-image: initial; outline-width: 0px; outline-style: initial; outline-color: initial; color: #000000; padding: 0px; margin: 0px; border: 0px initial initial;\">* Her 15 g\u00fcnde bir 200 litre akvaryum suyuna 1 ampul<\/span><\/span><\/p>\n<p><iframe loading=\"lazy\" src=\"https:\/\/www.youtube.com\/embed\/2bjIEmiKN6I\" width=\"560\" height=\"315\" frameborder=\"0\" allowfullscreen=\"allowfullscreen\"><\/iframe><\/p>","protected":false},"excerpt":{"rendered":"<p>&nbsp; Prodibio &#8211; Bioptim 12 Amp\u00fcl \u00a0* Bakteri ile birlikte ihtiya\u00e7 duyulan t\u00fcm mikro n\u00fctrientleri (iz elementler, se\u00e7ilmi\u015f amino asitler,<\/p>","protected":false},"featured_media":13357,"comment_status":"closed","ping_status":"open","template":"","meta":[],"pwb-brand":[],"product_brand":[88],"product_cat":[158],"product_tag":[],"class_list":{"0":"post-12781","1":"product","2":"type-product","3":"status-publish","4":"has-post-thumbnail","6":"product_brand-prodibio","7":"product_cat-bakteri-kulturleri","9":"first","10":"outofstock","11":"purchasable","12":"product-type-simple"},"brands":[],"_links":{"self":[{"href":"https:\/\/aquabluebursa.com\/en\/wp-json\/wp\/v2\/product\/12781","targetHints":{"allow":["GET"]}}],"collection":[{"href":"https:\/\/aquabluebursa.com\/en\/wp-json\/wp\/v2\/product"}],"about":[{"href":"https:\/\/aquabluebursa.com\/en\/wp-json\/wp\/v2\/types\/product"}],"replies":[{"embeddable":true,"href":"https:\/\/aquabluebursa.com\/en\/wp-json\/wp\/v2\/comments?post=12781"}],"wp:featuredmedia":[{"embeddable":true,"href":"https:\/\/aquabluebursa.com\/en\/wp-json\/wp\/v2\/media\/13357"}],"wp:attachment":[{"href":"https:\/\/aquabluebursa.com\/en\/wp-json\/wp\/v2\/media?parent=12781"}],"wp:term":[{"taxonomy":"pwb-brand","embeddable":true,"href":"https:\/\/aquabluebursa.com\/en\/wp-json\/wp\/v2\/pwb-brand?post=12781"},{"taxonomy":"product_brand","embeddable":true,"href":"https:\/\/aquabluebursa.com\/en\/wp-json\/wp\/v2\/product_brand?post=12781"},{"taxonomy":"product_cat","embeddable":true,"href":"https:\/\/aquabluebursa.com\/en\/wp-json\/wp\/v2\/product_cat?post=12781"},{"taxonomy":"product_tag","embeddable":true,"href":"https:\/\/aquabluebursa.com\/en\/wp-json\/wp\/v2\/product_tag?post=12781"}],"curies":[{"name":"wp","href":"https:\/\/api.w.org\/{rel}","templated":true}]}}